{"id":4427,"date":"2018-12-11T16:51:07","date_gmt":"2018-12-11T16:51:07","guid":{"rendered":"https:\/\/fh-staging.vengo.cloud\/?product=amarone-albino-armani-docg-75cl"},"modified":"2025-05-12T14:08:19","modified_gmt":"2025-05-12T12:08:19","slug":"amarone-albino-armani-docg-75cl","status":"publish","type":"product","link":"https:\/\/fh-staging.vengo.cloud\/de-ch\/p\/amarone-albino-armani-docg-75cl","title":{"rendered":"Amarone Albino Armani DOCG 75cl"},"content":{"rendered":"<p style=\"text-align: left\">Der Amarone stammt aus dem h\u00fcgelig-bergigen Valpolicella-Gebiet. Er weist eine grosse Aromaf\u00fclle auf und geh\u00f6rt zu den grossen Rotweinen Italiens. Seine besondere Ausdruckskraft erh\u00e4lt der Wein dadurch, dass er aus rosinierten Trauben produziert wird.<\/p>\n<p>Hergestellt wird dieser Rotwein in Marano durch die Familie Armani, die mit einer \u00fcber 400-j\u00e4hrigen Weinanbau-Erfahrung aufwarten kann. Der Amarone \u00fcberzeugt durch seine intensiv rubinrote Farbe sowie Aromen von reifen roten Fr\u00fcchten und Gew\u00fcrzen. Er ist vollmundig und von ausgezeichneter Struktur \u2013 ein Erlebnis f\u00fcr alle Sinne. Diesen Wein reicht man am besten zu herzhaften Gerichten. Er l\u00e4sst sich aber auch wunderbar zu rotem Fleisch, Trockenfleisch oder gereiftem K\u00e4se kombinieren.<\/p>\n<table width=\"522\">\n<tbody>\n<tr>\n<td width=\"522\"><strong>N\u00e4hrtwertinformationen<\/strong><\/td>\n<\/tr>\n<tr>\n<td>Alkohol 15,36 %vol<br \/>\nGlucose &#8211; Fuctose 2,40 g\/l<br \/>\nGesamts\u00e4ure 5,18 g\/l<br \/>\npH-Wert 3,60<br \/>\nFreie schweflige S\u00e4ure 28,00 mg\/l<br \/>\nGesamtschwefel 145,00 mg\/l<\/td>\n<\/tr>\n<tr>\n<td><strong>Allergikerhinweise<\/strong><\/td>\n<\/tr>\n<tr>\n<td>Sulfite<\/td>\n<\/tr>\n<tr>\n<td><strong>Herkunftsland<\/strong><\/td>\n<\/tr>\n<tr>\n<td>Italien<\/td>\n<\/tr>\n<tr>\n<td><strong>Rebsorte\/n<\/strong><\/td>\n<\/tr>\n<tr>\n<td>Corvina, Corvinone und Rondinella<br \/>\nAppassimento-Verfahren<\/td>\n<\/tr>\n<tr>\n<td><strong>Alkoholgehalt<\/strong><\/td>\n<\/tr>\n<tr>\n<td>15.0% vol<\/td>\n<\/tr>\n<\/tbody>\n<\/table>\n<p style=\"text-align: left\"><strong>Dies ist ein \u00abFleurop Edition\u00bb Produkt.<\/strong><\/p>\n","protected":false},"excerpt":{"rendered":"<p>Rotwein Amarone della Valpolicella Classico DOCG (75cl) in eleganter Geschenkbox<\/p>\n","protected":false},"featured_media":4428,"template":"","meta":[],"product_brand":[],"product_cat":[115,995,1002,1090,910,984,999,1088,909,916,42,885,52,54],"product_tag":[147,282],"woo-feed-brand":[],"class_list":{"0":"post-4427","1":"product","2":"type-product","3":"status-publish","4":"has-post-thumbnail","6":"product_cat-spirituosen","7":"product_cat-essen-trinken","8":"product_cat-fuer-ihn","9":"product_cat-geniesser","10":"product_cat-geschenkideen","11":"product_cat-silvester","12":"product_cat-valentinstag","13":"product_cat-vatertag","14":"product_cat-weihnachten","15":"product_cat-praesente","16":"product_cat-kueche","17":"product_cat-koestlichkeiten","18":"product_cat-geschenke","19":"product_cat-feinkost","20":"product_tag-alkohol","21":"product_tag-fleurop-interflora","23":"first","24":"instock","25":"taxable","26":"shipping-taxable","27":"purchasable","28":"product-type-simple"},"_links":{"self":[{"href":"https:\/\/fh-staging.vengo.cloud\/de-ch\/wp-json\/wp\/v2\/product\/4427","targetHints":{"allow":["GET"]}}],"collection":[{"href":"https:\/\/fh-staging.vengo.cloud\/de-ch\/wp-json\/wp\/v2\/product"}],"about":[{"href":"https:\/\/fh-staging.vengo.cloud\/de-ch\/wp-json\/wp\/v2\/types\/product"}],"wp:featuredmedia":[{"embeddable":true,"href":"https:\/\/fh-staging.vengo.cloud\/de-ch\/wp-json\/wp\/v2\/media\/4428"}],"wp:attachment":[{"href":"https:\/\/fh-staging.vengo.cloud\/de-ch\/wp-json\/wp\/v2\/media?parent=4427"}],"wp:term":[{"taxonomy":"product_brand","embeddable":true,"href":"https:\/\/fh-staging.vengo.cloud\/de-ch\/wp-json\/wp\/v2\/product_brand?post=4427"},{"taxonomy":"product_cat","embeddable":true,"href":"https:\/\/fh-staging.vengo.cloud\/de-ch\/wp-json\/wp\/v2\/product_cat?post=4427"},{"taxonomy":"product_tag","embeddable":true,"href":"https:\/\/fh-staging.vengo.cloud\/de-ch\/wp-json\/wp\/v2\/product_tag?post=4427"},{"taxonomy":"woo-feed-brand","embeddable":true,"href":"https:\/\/fh-staging.vengo.cloud\/de-ch\/wp-json\/wp\/v2\/woo-feed-brand?post=4427"}],"curies":[{"name":"wp","href":"https:\/\/api.w.org\/{rel}","templated":true}]}}