{"id":43653,"date":"2024-09-25T08:54:32","date_gmt":"2024-09-25T06:54:32","guid":{"rendered":"https:\/\/fh-staging.vengo.cloud\/de-ch\/?post_type=product&#038;p=43653"},"modified":"2025-10-22T13:42:04","modified_gmt":"2025-10-22T11:42:04","slug":"capi-europe-topf-groove-gruen-aus-kunstrasen-h-12cm-o-13cm","status":"publish","type":"product","link":"https:\/\/fh-staging.vengo.cloud\/de-ch\/p\/capi-europe-topf-groove-gruen-aus-kunstrasen-h-12cm-o-13cm","title":{"rendered":"Capi Europe Topf Groove gr\u00fcn aus Kunstrasen, H 12cm, \u00d8 13cm"},"content":{"rendered":"<p>Dass diese T\u00f6pfe zu 100 % wasserdicht sind, pr\u00e4destiniert sie besonders f\u00fcr Innenr\u00e4ume. Die T\u00f6pfe sind bruchsicher und verf\u00fcgen \u00fcber eine lebenslange Garantie. Die Groove-Textur ist, wie der Name schon ausdr\u00fcckt, von Rillen inspiriert, insbesondere von den vertikalen Rillen in Felsen und Bergen, die dort im Laufe der Zeit entstanden sind.<\/p>\n<p>Dieser Topf in einem frischen gr\u00fcn wird aus Kunstrasen hergestellt und ist zu 100 % recycelbar.<\/p>\n","protected":false},"excerpt":{"rendered":"<p>&#171;MADE WITH&#187;-KOLLEKTION Capi Europe Topf Groove gr\u00fcn aus Kunstrasen, H 12cm, \u00d8 13cm<\/p>\n<p>&nbsp;<\/p>\n","protected":false},"featured_media":43605,"template":"","meta":[],"product_brand":[],"product_cat":[27,23,1198],"product_tag":[294],"woo-feed-brand":[],"class_list":{"0":"post-43653","1":"product","2":"type-product","3":"status-publish","4":"has-post-thumbnail","6":"product_cat-vasen-gefaesse","7":"product_cat-home-living","8":"product_cat-toepfe","9":"product_tag-the-bloomery","11":"first","12":"instock","13":"taxable","14":"shipping-taxable","15":"purchasable","16":"product-type-simple"},"_links":{"self":[{"href":"https:\/\/fh-staging.vengo.cloud\/de-ch\/wp-json\/wp\/v2\/product\/43653","targetHints":{"allow":["GET"]}}],"collection":[{"href":"https:\/\/fh-staging.vengo.cloud\/de-ch\/wp-json\/wp\/v2\/product"}],"about":[{"href":"https:\/\/fh-staging.vengo.cloud\/de-ch\/wp-json\/wp\/v2\/types\/product"}],"wp:featuredmedia":[{"embeddable":true,"href":"https:\/\/fh-staging.vengo.cloud\/de-ch\/wp-json\/wp\/v2\/media\/43605"}],"wp:attachment":[{"href":"https:\/\/fh-staging.vengo.cloud\/de-ch\/wp-json\/wp\/v2\/media?parent=43653"}],"wp:term":[{"taxonomy":"product_brand","embeddable":true,"href":"https:\/\/fh-staging.vengo.cloud\/de-ch\/wp-json\/wp\/v2\/product_brand?post=43653"},{"taxonomy":"product_cat","embeddable":true,"href":"https:\/\/fh-staging.vengo.cloud\/de-ch\/wp-json\/wp\/v2\/product_cat?post=43653"},{"taxonomy":"product_tag","embeddable":true,"href":"https:\/\/fh-staging.vengo.cloud\/de-ch\/wp-json\/wp\/v2\/product_tag?post=43653"},{"taxonomy":"woo-feed-brand","embeddable":true,"href":"https:\/\/fh-staging.vengo.cloud\/de-ch\/wp-json\/wp\/v2\/woo-feed-brand?post=43653"}],"curies":[{"name":"wp","href":"https:\/\/api.w.org\/{rel}","templated":true}]}}