{"id":43162,"date":"2024-10-03T17:44:19","date_gmt":"2024-10-03T15:44:19","guid":{"rendered":"https:\/\/fh-staging.vengo.cloud\/?post_type=product&#038;p=43162"},"modified":"2025-09-17T16:43:28","modified_gmt":"2025-09-17T14:43:28","slug":"blooms-for-you-virginia","status":"publish","type":"product","link":"https:\/\/fh-staging.vengo.cloud\/de-ch\/p\/blooms-for-you-virginia","title":{"rendered":"Blooms for you \u00abVirginia\u00bb"},"content":{"rendered":"<p>Physalis (5 Stiele) mit Eichenlaub, in Blument\u00fcte aus Kraftpapier<\/p>\n<p>\u00abBlooms for you\u00bb ist eine wunderbare M\u00f6glichkeit, sich selbst frische Blumen in tollen Farben f\u00fcr sein Zuhause zu g\u00f6nnen. Ob f\u00fcr besondere Anl\u00e4sse oder einfach so, \u00abBlooms for you\u00bb bieten eine grosse Auswahl an Farben, Formen und D\u00fcften, die jeden Raum aufbl\u00fchen lassen.<\/p>\n","protected":false},"excerpt":{"rendered":"<p>Physalis (5 Stiele) mit Eichenlaub, in Blument\u00fcte aus Kraftpapier<\/p>\n","protected":false},"featured_media":45382,"template":"","meta":[],"product_brand":[],"product_cat":[112,23,26,1039],"product_tag":[294],"woo-feed-brand":[],"class_list":{"0":"post-43162","1":"product","2":"type-product","3":"status-publish","4":"has-post-thumbnail","6":"product_cat-schnittblumen","7":"product_cat-home-living","8":"product_cat-blumen-pflanzen","9":"product_cat-blooms-for-you","10":"product_tag-the-bloomery","12":"first","13":"instock","14":"taxable","15":"shipping-taxable","16":"purchasable","17":"product-type-simple"},"_links":{"self":[{"href":"https:\/\/fh-staging.vengo.cloud\/de-ch\/wp-json\/wp\/v2\/product\/43162","targetHints":{"allow":["GET"]}}],"collection":[{"href":"https:\/\/fh-staging.vengo.cloud\/de-ch\/wp-json\/wp\/v2\/product"}],"about":[{"href":"https:\/\/fh-staging.vengo.cloud\/de-ch\/wp-json\/wp\/v2\/types\/product"}],"wp:featuredmedia":[{"embeddable":true,"href":"https:\/\/fh-staging.vengo.cloud\/de-ch\/wp-json\/wp\/v2\/media\/45382"}],"wp:attachment":[{"href":"https:\/\/fh-staging.vengo.cloud\/de-ch\/wp-json\/wp\/v2\/media?parent=43162"}],"wp:term":[{"taxonomy":"product_brand","embeddable":true,"href":"https:\/\/fh-staging.vengo.cloud\/de-ch\/wp-json\/wp\/v2\/product_brand?post=43162"},{"taxonomy":"product_cat","embeddable":true,"href":"https:\/\/fh-staging.vengo.cloud\/de-ch\/wp-json\/wp\/v2\/product_cat?post=43162"},{"taxonomy":"product_tag","embeddable":true,"href":"https:\/\/fh-staging.vengo.cloud\/de-ch\/wp-json\/wp\/v2\/product_tag?post=43162"},{"taxonomy":"woo-feed-brand","embeddable":true,"href":"https:\/\/fh-staging.vengo.cloud\/de-ch\/wp-json\/wp\/v2\/woo-feed-brand?post=43162"}],"curies":[{"name":"wp","href":"https:\/\/api.w.org\/{rel}","templated":true}]}}