{"id":40463,"date":"2024-09-12T09:46:51","date_gmt":"2024-09-12T07:46:51","guid":{"rendered":"https:\/\/fh-staging.vengo.cloud\/de-ch\/?post_type=product&#038;p=40463"},"modified":"2025-11-04T15:10:32","modified_gmt":"2025-11-04T14:10:32","slug":"tsueri-oil-kaffee","status":"publish","type":"product","link":"https:\/\/fh-staging.vengo.cloud\/de-ch\/p\/tsueri-oil-kaffee","title":{"rendered":"TS\u00dcRI OIL &#8211; KAFFEE"},"content":{"rendered":"<p>Sehr feines Kaffeearoma und guter Oliven\u00f6l Geschmack.<\/p>\n<p><strong>Zutaten<\/strong><\/p>\n<p>Oliven\u00f6l Extra Vergine<br \/>\nArabica Kaffee Bohnen<\/p>\n<p><strong>N\u00e4hrwerte<\/strong><\/p>\n<p>Menge pro 100 Gramm<\/p>\n<p>Kalorien 900 kcal<br \/>\nFettgehalt 100 g<br \/>\nKohlenhydrate 0 g<br \/>\nEiweiss 0 g<br \/>\nSalz 0 g<\/p>\n<p><strong>Glutenfrei | Laktosefrei<\/strong><\/p>\n<p>100% Arabica Kaffee Bohnen aus S\u00fcdamerika, R\u00f6stung der Bohnen in Graub\u00fcnden<\/p>\n<p><strong>Verwendung<\/strong><br \/>\nDie beste Verwendung ist zum Schluss 2-3 tropfen auf das fertige Fleischgericht, Ragout oder Grilliertem. Perfekt ist es auf Glace zum Schluss oder mit marinierten Beeren. Rundet das Gericht mit einer frischem Kaffeenote ab.<\/p>\n<p><strong>Inhalt<\/strong><br \/>\n100 ml<\/p>\n<p><strong>Haltbarkeit:<\/strong> ca. 1 Jahr.<\/p>\n","protected":false},"excerpt":{"rendered":"<p>TS\u00dcRI OIL &#8211; KAFFEE<\/p>\n","protected":false},"featured_media":40464,"template":"","meta":[],"product_brand":[],"product_cat":[111,910,1091,1207,1088,909,915,42,885,52,54],"product_tag":[292],"woo-feed-brand":[],"class_list":{"0":"post-40463","1":"product","2":"type-product","3":"status-publish","4":"has-post-thumbnail","6":"product_cat-saucen","7":"product_cat-geschenkideen","8":"product_cat-hobbykoch","9":"product_cat-unter-25-chf","10":"product_cat-vatertag","11":"product_cat-weihnachten","12":"product_cat-wichteln","13":"product_cat-kueche","14":"product_cat-koestlichkeiten","15":"product_cat-geschenke","16":"product_cat-feinkost","17":"product_tag-tsuri-group-gmbh","19":"first","20":"instock","21":"taxable","22":"shipping-taxable","23":"purchasable","24":"product-type-simple"},"_links":{"self":[{"href":"https:\/\/fh-staging.vengo.cloud\/de-ch\/wp-json\/wp\/v2\/product\/40463","targetHints":{"allow":["GET"]}}],"collection":[{"href":"https:\/\/fh-staging.vengo.cloud\/de-ch\/wp-json\/wp\/v2\/product"}],"about":[{"href":"https:\/\/fh-staging.vengo.cloud\/de-ch\/wp-json\/wp\/v2\/types\/product"}],"wp:featuredmedia":[{"embeddable":true,"href":"https:\/\/fh-staging.vengo.cloud\/de-ch\/wp-json\/wp\/v2\/media\/40464"}],"wp:attachment":[{"href":"https:\/\/fh-staging.vengo.cloud\/de-ch\/wp-json\/wp\/v2\/media?parent=40463"}],"wp:term":[{"taxonomy":"product_brand","embeddable":true,"href":"https:\/\/fh-staging.vengo.cloud\/de-ch\/wp-json\/wp\/v2\/product_brand?post=40463"},{"taxonomy":"product_cat","embeddable":true,"href":"https:\/\/fh-staging.vengo.cloud\/de-ch\/wp-json\/wp\/v2\/product_cat?post=40463"},{"taxonomy":"product_tag","embeddable":true,"href":"https:\/\/fh-staging.vengo.cloud\/de-ch\/wp-json\/wp\/v2\/product_tag?post=40463"},{"taxonomy":"woo-feed-brand","embeddable":true,"href":"https:\/\/fh-staging.vengo.cloud\/de-ch\/wp-json\/wp\/v2\/woo-feed-brand?post=40463"}],"curies":[{"name":"wp","href":"https:\/\/api.w.org\/{rel}","templated":true}]}}