{"id":38266,"date":"2024-08-14T21:25:06","date_gmt":"2024-08-14T19:25:06","guid":{"rendered":"https:\/\/fh-staging.vengo.cloud\/de-ch\/p\/only-you-can-give-me-that-feeling"},"modified":"2025-04-01T04:17:06","modified_gmt":"2025-04-01T02:17:06","slug":"only-you-can-give-me-that-feeling","status":"publish","type":"product","link":"https:\/\/fh-staging.vengo.cloud\/de-ch\/p\/only-you-can-give-me-that-feeling","title":{"rendered":"only you can give me that feeling"},"content":{"rendered":"<p>Das perfekte, individuelle Geschenk!<\/p>\n<p>Eine nachhaltige, vegane in der Schweiz hergestellte Kerze. Individuelle Spr\u00fcche f\u00fcr jede Gelegenheit. Wir verwenden f\u00fcr die Kerzen reines Rapswachs. Kein Paraffin, kein Plastik, kein Soja. Ohne Tierversuche. Der Docht und Deckel wird im selben Dorf aus Schweizer Holz hergestellt. Der Holzdocht erzeugt eine tolle Lagerfeuerstimmung.<\/p>\n<p>Edle, 100% nat\u00fcrliche Duftkerze (Rapswachs) mit Holzdocht und Holzdeckel.<br \/>\nDuftrichtungen:<br \/>\nCosy Home Duftmischung (Nelken, Zimt, Cassis, Mandarine, usw.),<br \/>\nsonnengek\u00fcsste Zitrone (Zitrone \/ Lemongras),<br \/>\nWaldluft (<span class=\"OYPEnA font-feature-liga-off font-feature-clig-off font-feature-calt-off text-decoration-none text-strikethrough-none\">Elemi-Bl\u00e4tter, Gew\u00fcrznelke, Zirbelkiefer, Geranie, Sandelholz, Zedernholz)<\/span><\/p>\n<p>280 ml<\/p>\n<p>Brenndauer: ca. 40-50 h<\/p>\n","protected":false},"excerpt":{"rendered":"<p>Duftkerze aus 100% nat\u00fcrlichen Inhaltsstoffen mit Schweizer Holzdocht und Schweizer Holzdeckel aus der Dorfschreinerei<\/p>\n","protected":false},"featured_media":38531,"template":"","meta":[],"product_brand":[],"product_cat":[116,23,28],"product_tag":[313],"woo-feed-brand":[],"class_list":{"0":"post-38266","1":"product","2":"type-product","3":"status-publish","4":"has-post-thumbnail","6":"product_cat-spruchkerzen","7":"product_cat-home-living","8":"product_cat-kerzen-lichter","9":"product_tag-chruterei-klg","11":"first","12":"instock","13":"taxable","14":"shipping-taxable","15":"purchasable","16":"product-type-variable"},"_links":{"self":[{"href":"https:\/\/fh-staging.vengo.cloud\/de-ch\/wp-json\/wp\/v2\/product\/38266","targetHints":{"allow":["GET"]}}],"collection":[{"href":"https:\/\/fh-staging.vengo.cloud\/de-ch\/wp-json\/wp\/v2\/product"}],"about":[{"href":"https:\/\/fh-staging.vengo.cloud\/de-ch\/wp-json\/wp\/v2\/types\/product"}],"wp:featuredmedia":[{"embeddable":true,"href":"https:\/\/fh-staging.vengo.cloud\/de-ch\/wp-json\/wp\/v2\/media\/38531"}],"wp:attachment":[{"href":"https:\/\/fh-staging.vengo.cloud\/de-ch\/wp-json\/wp\/v2\/media?parent=38266"}],"wp:term":[{"taxonomy":"product_brand","embeddable":true,"href":"https:\/\/fh-staging.vengo.cloud\/de-ch\/wp-json\/wp\/v2\/product_brand?post=38266"},{"taxonomy":"product_cat","embeddable":true,"href":"https:\/\/fh-staging.vengo.cloud\/de-ch\/wp-json\/wp\/v2\/product_cat?post=38266"},{"taxonomy":"product_tag","embeddable":true,"href":"https:\/\/fh-staging.vengo.cloud\/de-ch\/wp-json\/wp\/v2\/product_tag?post=38266"},{"taxonomy":"woo-feed-brand","embeddable":true,"href":"https:\/\/fh-staging.vengo.cloud\/de-ch\/wp-json\/wp\/v2\/woo-feed-brand?post=38266"}],"curies":[{"name":"wp","href":"https:\/\/api.w.org\/{rel}","templated":true}]}}