{"id":37276,"date":"2024-07-22T22:20:34","date_gmt":"2024-07-22T20:20:34","guid":{"rendered":"https:\/\/fh-staging.vengo.cloud\/de-ch\/?post_type=product&#038;p=37276"},"modified":"2025-10-22T08:55:02","modified_gmt":"2025-10-22T06:55:02","slug":"ovales-tablett-rot-mit-kupfer","status":"publish","type":"product","link":"https:\/\/fh-staging.vengo.cloud\/de-ch\/p\/ovales-tablett-rot-mit-kupfer","title":{"rendered":"Ovales Tablett, rot mit Kupfer"},"content":{"rendered":"<p><b>Material:<\/b>\u00a0Jesmonite<\/p>\n<p><b>Handgefertigt:<\/b> Jedes St\u00fcck ist ein Unikat<\/p>\n<p><b>Perfekt f\u00fcr: <\/b>Schmuck, Schl\u00fcssel, M\u00fcnz und kleine Accessoires<\/p>\n<p><b>Masse:<\/b> ca. 180x95x15 mm<\/p>\n<p><b>Pflegehinweis: <\/b>Alle Produkte sind wasserabweisend, aber nicht wasserdicht.\u00a0Zum Reinigen mit feuchtem Tuch leicht abwischen, nicht reiben.<\/p>\n<p><b>Gut zu wissen: <\/b>Da jedes Produkt handgefertigt ist, k\u00f6nnen Farben und Muster leicht variieren. Aufgrund der Beschaffenheit des Materials sind einige Luftblasen unvermeidbar.<\/p>\n","protected":false},"excerpt":{"rendered":"<p>Dieses ovale Tablett aus hochwertigem Jesmonite ist das perfekte Accessoire f\u00fcr Dein Zuhause. Handgefertigt mit viel Liebe zum Detail, ist jedes St\u00fcck ein Unikat. Es eignet sich ideal zur stilvollen Aufbewahrung von Schmuck, Schl\u00fcsseln, kleinen Accessoires und vielem mehr.<\/p>\n","protected":false},"featured_media":37251,"template":"","meta":[],"product_brand":[],"product_cat":[30,23,1190],"product_tag":[333],"woo-feed-brand":[],"class_list":{"0":"post-37276","1":"product","2":"type-product","3":"status-publish","4":"has-post-thumbnail","6":"product_cat-deko-accessoires","7":"product_cat-home-living","8":"product_cat-dekoobjekte","9":"product_tag-kiwi-deko","11":"first","12":"instock","13":"taxable","14":"shipping-taxable","15":"purchasable","16":"product-type-simple"},"_links":{"self":[{"href":"https:\/\/fh-staging.vengo.cloud\/de-ch\/wp-json\/wp\/v2\/product\/37276","targetHints":{"allow":["GET"]}}],"collection":[{"href":"https:\/\/fh-staging.vengo.cloud\/de-ch\/wp-json\/wp\/v2\/product"}],"about":[{"href":"https:\/\/fh-staging.vengo.cloud\/de-ch\/wp-json\/wp\/v2\/types\/product"}],"wp:featuredmedia":[{"embeddable":true,"href":"https:\/\/fh-staging.vengo.cloud\/de-ch\/wp-json\/wp\/v2\/media\/37251"}],"wp:attachment":[{"href":"https:\/\/fh-staging.vengo.cloud\/de-ch\/wp-json\/wp\/v2\/media?parent=37276"}],"wp:term":[{"taxonomy":"product_brand","embeddable":true,"href":"https:\/\/fh-staging.vengo.cloud\/de-ch\/wp-json\/wp\/v2\/product_brand?post=37276"},{"taxonomy":"product_cat","embeddable":true,"href":"https:\/\/fh-staging.vengo.cloud\/de-ch\/wp-json\/wp\/v2\/product_cat?post=37276"},{"taxonomy":"product_tag","embeddable":true,"href":"https:\/\/fh-staging.vengo.cloud\/de-ch\/wp-json\/wp\/v2\/product_tag?post=37276"},{"taxonomy":"woo-feed-brand","embeddable":true,"href":"https:\/\/fh-staging.vengo.cloud\/de-ch\/wp-json\/wp\/v2\/woo-feed-brand?post=37276"}],"curies":[{"name":"wp","href":"https:\/\/api.w.org\/{rel}","templated":true}]}}