{"id":37219,"date":"2024-07-19T21:47:58","date_gmt":"2024-07-19T19:47:58","guid":{"rendered":"https:\/\/fh-staging.vengo.cloud\/de-ch\/?post_type=product&#038;p=37219"},"modified":"2025-10-22T08:55:05","modified_gmt":"2025-10-22T06:55:05","slug":"quadratisches-tablett-grau-silber","status":"publish","type":"product","link":"https:\/\/fh-staging.vengo.cloud\/de-ch\/p\/quadratisches-tablett-grau-silber","title":{"rendered":"Quadratisches Tablett grau silber"},"content":{"rendered":"<p><b>Material:<\/b> Jesmonite<\/p>\n<p><b>Handgefertigt:<\/b> Jedes St\u00fcck ist ein Unikat<\/p>\n<p><b>Perfekt f\u00fcr: <\/b>Schmuck, Schl\u00fcssel, M\u00fcnz und kleine Accessoires oder als Untersetzer<\/p>\n<p><b>Masse:<\/b> ca. 101 x 101\u00a0mm<\/p>\n<p><b>Pflegehinweis: <\/b>Alle Produkte sind wasserabweisend, aber nicht wasserdicht.\u00a0Zum Reinigen mit feuchtem Tuch leicht abwischen, nicht reiben.<\/p>\n<p><b>Gut zu wissen: <\/b>Da jedes Produkt handgefertigt ist, k\u00f6nnen Farben und Muster leicht variieren. Aufgrund der Beschaffenheit des Materials sind einige Luftblasen unvermeidbar.<\/p>\n","protected":false},"excerpt":{"rendered":"<p>Dieses elegante Ablagetablett aus hochwertigem Jesmonite vereint Stil und Funktionalit\u00e4t. Das Tablett besticht durch seine vielf\u00e4ltigen Farben und Muster, die jedem Raum einen Hauch von Luxus verleihen. Ideal zum Aufbewahren von Schmuck, Schl\u00fcsseln oder kleinen Dekorationsgegenst\u00e4nden, ist dieses Ablagetablett nicht nur praktisch, sondern auch ein echter Blickfang.<\/p>\n","protected":false},"featured_media":37210,"template":"","meta":[],"product_brand":[],"product_cat":[30,23,1190],"product_tag":[333],"woo-feed-brand":[],"class_list":{"0":"post-37219","1":"product","2":"type-product","3":"status-publish","4":"has-post-thumbnail","6":"product_cat-deko-accessoires","7":"product_cat-home-living","8":"product_cat-dekoobjekte","9":"product_tag-kiwi-deko","11":"first","12":"instock","13":"taxable","14":"shipping-taxable","15":"purchasable","16":"product-type-simple"},"_links":{"self":[{"href":"https:\/\/fh-staging.vengo.cloud\/de-ch\/wp-json\/wp\/v2\/product\/37219","targetHints":{"allow":["GET"]}}],"collection":[{"href":"https:\/\/fh-staging.vengo.cloud\/de-ch\/wp-json\/wp\/v2\/product"}],"about":[{"href":"https:\/\/fh-staging.vengo.cloud\/de-ch\/wp-json\/wp\/v2\/types\/product"}],"wp:featuredmedia":[{"embeddable":true,"href":"https:\/\/fh-staging.vengo.cloud\/de-ch\/wp-json\/wp\/v2\/media\/37210"}],"wp:attachment":[{"href":"https:\/\/fh-staging.vengo.cloud\/de-ch\/wp-json\/wp\/v2\/media?parent=37219"}],"wp:term":[{"taxonomy":"product_brand","embeddable":true,"href":"https:\/\/fh-staging.vengo.cloud\/de-ch\/wp-json\/wp\/v2\/product_brand?post=37219"},{"taxonomy":"product_cat","embeddable":true,"href":"https:\/\/fh-staging.vengo.cloud\/de-ch\/wp-json\/wp\/v2\/product_cat?post=37219"},{"taxonomy":"product_tag","embeddable":true,"href":"https:\/\/fh-staging.vengo.cloud\/de-ch\/wp-json\/wp\/v2\/product_tag?post=37219"},{"taxonomy":"woo-feed-brand","embeddable":true,"href":"https:\/\/fh-staging.vengo.cloud\/de-ch\/wp-json\/wp\/v2\/woo-feed-brand?post=37219"}],"curies":[{"name":"wp","href":"https:\/\/api.w.org\/{rel}","templated":true}]}}