{"id":37025,"date":"2024-07-16T11:51:17","date_gmt":"2024-07-16T09:51:17","guid":{"rendered":"https:\/\/fh-staging.vengo.cloud\/?post_type=product&#038;p=37025"},"modified":"2025-10-22T11:20:57","modified_gmt":"2025-10-22T09:20:57","slug":"weinbergschneckenhaeuser-natur-72-stk","status":"publish","type":"product","link":"https:\/\/fh-staging.vengo.cloud\/de-ch\/p\/weinbergschneckenhaeuser-natur-72-stk","title":{"rendered":"Weinbergschneckenh\u00e4user natur, 72 Stk"},"content":{"rendered":"<p>Maritim? Nat\u00fcrlich? Sommerlich? Unsere nat\u00fcrlichen Schneckenh\u00e4user verleihen jeder Deko das ganz besondere Etwas.<\/p>\n<p>Gr\u00f6sse: ca. 3-4 cm<\/p>\n","protected":false},"excerpt":{"rendered":"<p>Weinbergschneckenh\u00e4user natur, 72 Stk<\/p>\n","protected":false},"featured_media":61179,"template":"","meta":[],"product_brand":[],"product_cat":[29,23,1196],"product_tag":[282],"woo-feed-brand":[],"class_list":{"0":"post-37025","1":"product","2":"type-product","3":"status-publish","4":"has-post-thumbnail","6":"product_cat-do-it-yourself","7":"product_cat-home-living","8":"product_cat-natur-deko","9":"product_tag-fleurop-interflora","11":"first","12":"instock","13":"taxable","14":"shipping-taxable","15":"purchasable","16":"product-type-simple"},"_links":{"self":[{"href":"https:\/\/fh-staging.vengo.cloud\/de-ch\/wp-json\/wp\/v2\/product\/37025","targetHints":{"allow":["GET"]}}],"collection":[{"href":"https:\/\/fh-staging.vengo.cloud\/de-ch\/wp-json\/wp\/v2\/product"}],"about":[{"href":"https:\/\/fh-staging.vengo.cloud\/de-ch\/wp-json\/wp\/v2\/types\/product"}],"wp:featuredmedia":[{"embeddable":true,"href":"https:\/\/fh-staging.vengo.cloud\/de-ch\/wp-json\/wp\/v2\/media\/61179"}],"wp:attachment":[{"href":"https:\/\/fh-staging.vengo.cloud\/de-ch\/wp-json\/wp\/v2\/media?parent=37025"}],"wp:term":[{"taxonomy":"product_brand","embeddable":true,"href":"https:\/\/fh-staging.vengo.cloud\/de-ch\/wp-json\/wp\/v2\/product_brand?post=37025"},{"taxonomy":"product_cat","embeddable":true,"href":"https:\/\/fh-staging.vengo.cloud\/de-ch\/wp-json\/wp\/v2\/product_cat?post=37025"},{"taxonomy":"product_tag","embeddable":true,"href":"https:\/\/fh-staging.vengo.cloud\/de-ch\/wp-json\/wp\/v2\/product_tag?post=37025"},{"taxonomy":"woo-feed-brand","embeddable":true,"href":"https:\/\/fh-staging.vengo.cloud\/de-ch\/wp-json\/wp\/v2\/woo-feed-brand?post=37025"}],"curies":[{"name":"wp","href":"https:\/\/api.w.org\/{rel}","templated":true}]}}