{"id":36900,"date":"2024-07-12T12:03:49","date_gmt":"2024-07-12T10:03:49","guid":{"rendered":"https:\/\/fh-staging.vengo.cloud\/de-ch\/?post_type=product&#038;p=36900"},"modified":"2025-06-23T08:38:58","modified_gmt":"2025-06-23T06:38:58","slug":"honigsolo-honey-sweets","status":"publish","type":"product","link":"https:\/\/fh-staging.vengo.cloud\/de-ch\/p\/honigsolo-honey-sweets","title":{"rendered":"Honigsolo \u00abHoney &amp; Sweets\u00bb"},"content":{"rendered":"<p>Unser Honigsolo \u00abHoney &amp; Sweets\u00bb beinhaltet neben unserem Lavendel Premiumhonig noch k\u00f6stliche Tartufi Neri von Gottlieber \u2013 verpackt in unserer Bee-Family Holzbox.<\/p>\n<p><strong>Lavendel Premiumhonig<\/strong><br \/>\nUnser Lavendelhonig stammt aus der franz\u00f6sischen Provence. Der Duft von Lavendel l\u00e4sst den Geniesser an die lila-farbenen Felder in S\u00fcdfrankreich denken und seine k\u00f6stlichen Aromen verspr\u00fchen ein herrliches mediterranes Flair.<\/p>\n<p><strong>Gottlieber Tartufi Neri<\/strong><br \/>\nMit viel Liebe und Leidenschaft produziert Gottlieber die handgemachten Tartufi. Herrlich zartbittere Schokoladenmasse veredelt mit feinsten Haseln\u00fcssen und knusprigen H\u00fcppenst\u00fcckchen.<br \/>\nHaus- &amp; handgemacht in Gottlieben.<\/p>\n<p>Zutaten: Zucker, Kakaomasse*, Haseln\u00fcsse, Kakaobutter*, Vollmilchpulver, pflanzliche Fette und \u00d6le (Kokosfett*, Sonnenblumen\u00f6l, Raps\u00f6l, Raps\u00f6l ganz geh\u00e4rtet), Weizenmehl, Kakaopulver*, Salz, Emulgator (Sonnenblumenlecithin). Kakao in der Schokolade: 55% mindestens. Kann Mandeln enthalten. * aus fairem Handel<\/p>\n<p>N\u00e4hrwertinformationen f\u00fcr 100g:<br \/>\nEnergiewert 2447 KJ (585 kcal), Fett 43g, davon ges\u00e4ttigte Fetts\u00e4uren 22g, Kohlenhydrate 42g, davon Zucker 35g, Eiweiss 7,4g, Salz 0,27g<\/p>\n<p><strong>Factbox<\/strong><br \/>\nVerpackung: Holzbox aus Birke (L x B x H: 16.3 cm x 11.3 cm x 8.1 cm)<br \/>\nGlasgr\u00f6sse: 1 x 350g<br \/>\nHonigsorte: Lavendelhonig<br \/>\nSchokolade: Gottlieber Tartufi Neri<\/p>\n<p><strong>N\u00e4hrwertinformationen:<br \/>\n<\/strong><a href=\"https:\/\/bee-family.com\/wp-content\/uploads\/2022\/09\/Naehrwertangaben.pdf\" target=\"_blank\" rel=\"noopener\">N\u00e4hrwertangaben Bee-Family<\/a><\/p>\n<p><strong>Allergikerhinweise:<br \/>\n<\/strong>Honig ist f\u00fcr Kinder unter 12 Monaten nicht zum Verzehr geeignet!<\/p>\n","protected":false},"excerpt":{"rendered":"<p>Honigsolo \u00abHoney &amp; Sweets\u00bb<\/p>\n","protected":false},"featured_media":36901,"template":"","meta":[],"product_brand":[],"product_cat":[101,1023,910,1091,1001,797,984,993,999,1088,909,916,42,885,52,54],"product_tag":[291],"woo-feed-brand":[],"class_list":{"0":"post-36900","1":"product","2":"type-product","3":"status-publish","4":"has-post-thumbnail","6":"product_cat-honig","7":"product_cat-fuer-mama","8":"product_cat-geschenkideen","9":"product_cat-hobbykoch","10":"product_cat-leckereien","11":"product_cat-muttertag","12":"product_cat-silvester","13":"product_cat-silvestergeschenke","14":"product_cat-valentinstag","15":"product_cat-vatertag","16":"product_cat-weihnachten","17":"product_cat-praesente","18":"product_cat-kueche","19":"product_cat-koestlichkeiten","20":"product_cat-geschenke","21":"product_cat-feinkost","22":"product_tag-bee-family-ag","24":"first","25":"instock","26":"taxable","27":"shipping-taxable","28":"purchasable","29":"product-type-simple"},"_links":{"self":[{"href":"https:\/\/fh-staging.vengo.cloud\/de-ch\/wp-json\/wp\/v2\/product\/36900","targetHints":{"allow":["GET"]}}],"collection":[{"href":"https:\/\/fh-staging.vengo.cloud\/de-ch\/wp-json\/wp\/v2\/product"}],"about":[{"href":"https:\/\/fh-staging.vengo.cloud\/de-ch\/wp-json\/wp\/v2\/types\/product"}],"wp:featuredmedia":[{"embeddable":true,"href":"https:\/\/fh-staging.vengo.cloud\/de-ch\/wp-json\/wp\/v2\/media\/36901"}],"wp:attachment":[{"href":"https:\/\/fh-staging.vengo.cloud\/de-ch\/wp-json\/wp\/v2\/media?parent=36900"}],"wp:term":[{"taxonomy":"product_brand","embeddable":true,"href":"https:\/\/fh-staging.vengo.cloud\/de-ch\/wp-json\/wp\/v2\/product_brand?post=36900"},{"taxonomy":"product_cat","embeddable":true,"href":"https:\/\/fh-staging.vengo.cloud\/de-ch\/wp-json\/wp\/v2\/product_cat?post=36900"},{"taxonomy":"product_tag","embeddable":true,"href":"https:\/\/fh-staging.vengo.cloud\/de-ch\/wp-json\/wp\/v2\/product_tag?post=36900"},{"taxonomy":"woo-feed-brand","embeddable":true,"href":"https:\/\/fh-staging.vengo.cloud\/de-ch\/wp-json\/wp\/v2\/woo-feed-brand?post=36900"}],"curies":[{"name":"wp","href":"https:\/\/api.w.org\/{rel}","templated":true}]}}