{"id":35754,"date":"2024-06-14T17:17:05","date_gmt":"2024-06-14T15:17:05","guid":{"rendered":"https:\/\/fh-staging.vengo.cloud\/de-ch\/?post_type=product&#038;p=35754"},"modified":"2025-11-28T08:46:31","modified_gmt":"2025-11-28T07:46:31","slug":"vase-aus-stoff-fuer-75cl-flaschen-farbe-avocado","status":"publish","type":"product","link":"https:\/\/fh-staging.vengo.cloud\/de-ch\/p\/vase-aus-stoff-fuer-75cl-flaschen-farbe-avocado","title":{"rendered":"Vase aus Stoff f\u00fcr 75cl Flaschen, Farbe Avocado"},"content":{"rendered":"<p><strong>Von der leeren Flasche zur anhaltenden Sch\u00f6nheit<\/strong><\/p>\n<p>Die HappyTrays Re-Vase ist eine Stoffvase, die gebrauchte\/leere Glasflaschen in wundersch\u00f6ne Blumenarrangements verwandelt. Damit trifft sie genau den Puls des nachhaltigen Konsums und die Idee des Upcycling. Diese stilvollen Vasen\u00fcberz\u00fcge passen \u00fcber die meisten Standardflaschen mit 75cl und erm\u00f6glichen es, die Flasche noch lange nach dem letzten Tropfen zu geniessen. Jede Vase wird in den Bergen Portugals aus ethisch gewonnener Schurwolle handgefertigt, kombiniert Nachhaltigkeit mit funktionalem Design und stellt eine elegante Erg\u00e4nzung f\u00fcr jedes Interieur dar.<\/p>\n","protected":false},"excerpt":{"rendered":"<p>Stoff\u00fcberzug aus nachhaltiger Schurwolle, die gebrauchte\/leere Glasflaschen in wundersch\u00f6ne Blumenarrangements verwandelt. Handgefertigt in den Bergen Portugals<\/p>\n","protected":false},"featured_media":49156,"template":"","meta":[],"product_brand":[],"product_cat":[1197,23,1208,909,31,27,915],"product_tag":[314],"woo-feed-brand":[],"class_list":{"0":"post-35754","1":"product","2":"type-product","3":"status-publish","4":"has-post-thumbnail","6":"product_cat-vasen","7":"product_cat-home-living","8":"product_cat-ueber-25-chf","9":"product_cat-weihnachten","10":"product_cat-heimtextilien","11":"product_cat-vasen-gefaesse","12":"product_cat-wichteln","13":"product_tag-happytrays","15":"first","16":"instock","17":"taxable","18":"shipping-taxable","19":"purchasable","20":"product-type-simple"},"_links":{"self":[{"href":"https:\/\/fh-staging.vengo.cloud\/de-ch\/wp-json\/wp\/v2\/product\/35754","targetHints":{"allow":["GET"]}}],"collection":[{"href":"https:\/\/fh-staging.vengo.cloud\/de-ch\/wp-json\/wp\/v2\/product"}],"about":[{"href":"https:\/\/fh-staging.vengo.cloud\/de-ch\/wp-json\/wp\/v2\/types\/product"}],"wp:featuredmedia":[{"embeddable":true,"href":"https:\/\/fh-staging.vengo.cloud\/de-ch\/wp-json\/wp\/v2\/media\/49156"}],"wp:attachment":[{"href":"https:\/\/fh-staging.vengo.cloud\/de-ch\/wp-json\/wp\/v2\/media?parent=35754"}],"wp:term":[{"taxonomy":"product_brand","embeddable":true,"href":"https:\/\/fh-staging.vengo.cloud\/de-ch\/wp-json\/wp\/v2\/product_brand?post=35754"},{"taxonomy":"product_cat","embeddable":true,"href":"https:\/\/fh-staging.vengo.cloud\/de-ch\/wp-json\/wp\/v2\/product_cat?post=35754"},{"taxonomy":"product_tag","embeddable":true,"href":"https:\/\/fh-staging.vengo.cloud\/de-ch\/wp-json\/wp\/v2\/product_tag?post=35754"},{"taxonomy":"woo-feed-brand","embeddable":true,"href":"https:\/\/fh-staging.vengo.cloud\/de-ch\/wp-json\/wp\/v2\/woo-feed-brand?post=35754"}],"curies":[{"name":"wp","href":"https:\/\/api.w.org\/{rel}","templated":true}]}}