{"id":33213,"date":"2024-04-24T11:52:58","date_gmt":"2024-04-24T09:52:58","guid":{"rendered":"https:\/\/fh-staging.vengo.cloud\/de-ch\/?post_type=product&#038;p=33213"},"modified":"2025-10-27T09:24:55","modified_gmt":"2025-10-27T08:24:55","slug":"3-pack-wall-planters-black-planter-gray-textile-cover","status":"publish","type":"product","link":"https:\/\/fh-staging.vengo.cloud\/de-ch\/p\/3-pack-wall-planters-black-planter-gray-textile-cover","title":{"rendered":"3 Pack Wall Planters; black planter; gray textile cover"},"content":{"rendered":"<p style=\"text-align: left\">Packung mit 3 Wandt\u00f6pfen mit sechseckigem Deckel. Schaffen Sie einen einzigartigen vertikalen Garten mit wabenf\u00f6rmiger Geometrie. Mattschwarze T\u00f6pfe. Graue Abdeckungen. Verschmutzt weder die Wand noch den Boden. Inklusive Befestigungsmaterial.<\/p>\n<p>Hergestellt in Spanien aus 100% recyceltem und recycelbarem Polypropylen. Zusammengebaut in Spanien von Menschen mit funktionaler Vielfalt. Mit der Wahl dieses Produkts helfen Sie uns, ihre soziale Eingliederung zu f\u00f6rdern.<\/p>\n<p>&#8211; Wandpflanzgef\u00e4ss mit sechseckigem Filzbezug. Innent\u00f6pfe in drei Farben erh\u00e4ltlich: Weiss, Schwarz und Grau.<br \/>\n&#8211; H\u00e4nget\u00f6pfe, geeignet f\u00fcr H\u00e4ngepflanzen im Innen- und Au\u00dfenbereich.<br \/>\n&#8211; Inklusive D\u00fcbel und Schrauben zur Wandmontage.<br \/>\n&#8211; Der Wandpflanzer besteht zu 100 % aus recyceltem und recycelbarem Polypropylen.<br \/>\n&#8211; Soziale Auswirkungen: Das Produkt wurde in Spanien entworfen, wird in Spanien von einem Team von Menschen mit funktionaler Vielfalt hergestellt und montiert. Indem Sie sich f\u00fcr dieses Produkt entscheiden, helfen Sie uns, ihre soziale Integration zu f\u00f6rdern.<br \/>\n&#8211; Produktdimensionen (LxBxH): 30x10x35<\/p>\n","protected":false},"excerpt":{"rendered":"<p>Packung mit 3 Wandt\u00f6pfen mit sechseckigem Deckel.<br \/>\nProduktdimensionen (LxBxH): 30x10x35<\/p>\n","protected":false},"featured_media":33212,"template":"","meta":[],"product_brand":[],"product_cat":[40,23,1200,1089,1088,897,862,27,34],"product_tag":[906],"woo-feed-brand":[],"class_list":{"0":"post-33213","1":"product","2":"type-product","3":"status-publish","4":"has-post-thumbnail","6":"product_cat-uebertoepfe","7":"product_cat-home-living","8":"product_cat-gefaesse","9":"product_cat-hobbygaertner","10":"product_cat-vatertag","11":"product_cat-wandtoepfe","12":"product_cat-innenbegruenung","13":"product_cat-vasen-gefaesse","14":"product_cat-garten-balkon","15":"product_tag-surs-ag","17":"first","18":"instock","19":"taxable","20":"shipping-taxable","21":"purchasable","22":"product-type-simple"},"_links":{"self":[{"href":"https:\/\/fh-staging.vengo.cloud\/de-ch\/wp-json\/wp\/v2\/product\/33213","targetHints":{"allow":["GET"]}}],"collection":[{"href":"https:\/\/fh-staging.vengo.cloud\/de-ch\/wp-json\/wp\/v2\/product"}],"about":[{"href":"https:\/\/fh-staging.vengo.cloud\/de-ch\/wp-json\/wp\/v2\/types\/product"}],"wp:featuredmedia":[{"embeddable":true,"href":"https:\/\/fh-staging.vengo.cloud\/de-ch\/wp-json\/wp\/v2\/media\/33212"}],"wp:attachment":[{"href":"https:\/\/fh-staging.vengo.cloud\/de-ch\/wp-json\/wp\/v2\/media?parent=33213"}],"wp:term":[{"taxonomy":"product_brand","embeddable":true,"href":"https:\/\/fh-staging.vengo.cloud\/de-ch\/wp-json\/wp\/v2\/product_brand?post=33213"},{"taxonomy":"product_cat","embeddable":true,"href":"https:\/\/fh-staging.vengo.cloud\/de-ch\/wp-json\/wp\/v2\/product_cat?post=33213"},{"taxonomy":"product_tag","embeddable":true,"href":"https:\/\/fh-staging.vengo.cloud\/de-ch\/wp-json\/wp\/v2\/product_tag?post=33213"},{"taxonomy":"woo-feed-brand","embeddable":true,"href":"https:\/\/fh-staging.vengo.cloud\/de-ch\/wp-json\/wp\/v2\/woo-feed-brand?post=33213"}],"curies":[{"name":"wp","href":"https:\/\/api.w.org\/{rel}","templated":true}]}}