{"id":33195,"date":"2024-04-24T11:52:49","date_gmt":"2024-04-24T09:52:49","guid":{"rendered":"https:\/\/fh-staging.vengo.cloud\/de-ch\/?post_type=product&#038;p=33195"},"modified":"2025-10-27T09:24:51","modified_gmt":"2025-10-27T08:24:51","slug":"3er-pack-wand-pflanzengefaess-mit-automatischer-bewaesserung-3","status":"publish","type":"product","link":"https:\/\/fh-staging.vengo.cloud\/de-ch\/p\/3er-pack-wand-pflanzengefaess-mit-automatischer-bewaesserung-3","title":{"rendered":"3er-Pack Wand-Pflanzengef\u00e4ss mit automatischer Bew\u00e4sserung"},"content":{"rendered":"<ul>\n<li>\n<p style=\"text-align: left\">Packung mit 3 Wandt\u00f6pfen in Weiss mit kapillarer Selbstbew\u00e4sserung. Schaffen Sie einen einzigartigen vertikalen Garten in jeder Ecke. Verschmutzt weder die Wand noch den Boden. Enth\u00e4lt: Innent\u00f6pfe, Aussent\u00f6pfe, Wasserstandsanzeiger, Kapillarbew\u00e4sserungsschn\u00fcre und Befestigungsteile.<\/p>\n<p style=\"text-align: left\">Hergestellt in Spanien aus 100% recyceltem und recycelbarem Polypropylen. Zusammengebaut in Spanien von Menschen mit funktionaler Vielfalt. Mit der Wahl dieses Produkts helfen Sie uns, ihre soziale Eingliederung zu f\u00f6rdern.<\/p>\n<p style=\"text-align: left\">&#8211; Wandpflanzgef\u00e4ss mit Selbstbew\u00e4sserung durch Kapillarwirkung. Erh\u00e4ltlich in drei Farben: Weiss, Schwarz und Grau. Optionaler sechseckiger Textilbezug.<br \/>\n&#8211; H\u00e4nget\u00f6pfe, geeignet f\u00fcr H\u00e4ngepflanzen im Innen- und Aussenbereich.<br \/>\n&#8211; Der Wandpflanzer mit Bew\u00e4sserung besteht aus zwei Teilen: dem \u00e4usseren Pflanzgef\u00e4ss als Wasserreservoir und dem Innentopf zum Platzieren der Pflanze. Inklusive D\u00fcbel und Schrauben zur Wandmontage.<br \/>\n&#8211; Die CitySens-Wandt\u00f6pfe haben eine Bew\u00e4sserungsautonomie zwischen 10 und 20 Tagen. Mittels Kapillarwirkung wird \u00fcber eine Schnur das n\u00f6tige Wasser zugef\u00fchrt, um den Boden feucht zu halten. Es ist die ideale L\u00f6sung f\u00fcr W\u00e4nde mit Pflanzen.<br \/>\n&#8211; Der Wandpflanzer besteht zu 100 % aus recyceltem und recycelbarem Polypropylen.<br \/>\n&#8211; Soziale Auswirkungen: Das Produkt wurde in Spanien entworfen, wird in Spanien von einem Team von Menschen mit funktionaler Vielfalt hergestellt und montiert. Indem Sie sich f\u00fcr dieses Produkt entscheiden, helfen Sie uns, ihre soziale Integration zu f\u00f6rdern.<br \/>\n&#8211; Produktdimensionen (LxBxH): 20x9x29<\/p>\n<\/li>\n<\/ul>\n","protected":false},"excerpt":{"rendered":"<p>Packung mit 3 Wandt\u00f6pfen in Weiss mit kapillarer Selbstbew\u00e4sserung.<br \/>\nProduktdimensionen (LxBxH): 20x9x29<\/p>\n","protected":false},"featured_media":33194,"template":"","meta":[],"product_brand":[],"product_cat":[521,23,1200,1089,1088,897,862,27,34,40],"product_tag":[906],"woo-feed-brand":[],"class_list":{"0":"post-33195","1":"product","2":"type-product","3":"status-publish","4":"has-post-thumbnail","6":"product_cat-bewaesserung","7":"product_cat-home-living","8":"product_cat-gefaesse","9":"product_cat-hobbygaertner","10":"product_cat-vatertag","11":"product_cat-wandtoepfe","12":"product_cat-innenbegruenung","13":"product_cat-vasen-gefaesse","14":"product_cat-garten-balkon","15":"product_cat-uebertoepfe","16":"product_tag-surs-ag","18":"first","19":"instock","20":"taxable","21":"shipping-taxable","22":"purchasable","23":"product-type-simple"},"_links":{"self":[{"href":"https:\/\/fh-staging.vengo.cloud\/de-ch\/wp-json\/wp\/v2\/product\/33195","targetHints":{"allow":["GET"]}}],"collection":[{"href":"https:\/\/fh-staging.vengo.cloud\/de-ch\/wp-json\/wp\/v2\/product"}],"about":[{"href":"https:\/\/fh-staging.vengo.cloud\/de-ch\/wp-json\/wp\/v2\/types\/product"}],"wp:featuredmedia":[{"embeddable":true,"href":"https:\/\/fh-staging.vengo.cloud\/de-ch\/wp-json\/wp\/v2\/media\/33194"}],"wp:attachment":[{"href":"https:\/\/fh-staging.vengo.cloud\/de-ch\/wp-json\/wp\/v2\/media?parent=33195"}],"wp:term":[{"taxonomy":"product_brand","embeddable":true,"href":"https:\/\/fh-staging.vengo.cloud\/de-ch\/wp-json\/wp\/v2\/product_brand?post=33195"},{"taxonomy":"product_cat","embeddable":true,"href":"https:\/\/fh-staging.vengo.cloud\/de-ch\/wp-json\/wp\/v2\/product_cat?post=33195"},{"taxonomy":"product_tag","embeddable":true,"href":"https:\/\/fh-staging.vengo.cloud\/de-ch\/wp-json\/wp\/v2\/product_tag?post=33195"},{"taxonomy":"woo-feed-brand","embeddable":true,"href":"https:\/\/fh-staging.vengo.cloud\/de-ch\/wp-json\/wp\/v2\/woo-feed-brand?post=33195"}],"curies":[{"name":"wp","href":"https:\/\/api.w.org\/{rel}","templated":true}]}}