{"id":33191,"date":"2024-04-24T11:52:47","date_gmt":"2024-04-24T09:52:47","guid":{"rendered":"https:\/\/fh-staging.vengo.cloud\/de-ch\/?post_type=product&#038;p=33191"},"modified":"2025-04-01T04:47:04","modified_gmt":"2025-04-01T02:47:04","slug":"smart-tropf-bewaesserung-weiss","status":"publish","type":"product","link":"https:\/\/fh-staging.vengo.cloud\/de-ch\/p\/smart-tropf-bewaesserung-weiss","title":{"rendered":"Smart Tropf-Bew\u00e4sserung, weiss"},"content":{"rendered":"<p style=\"text-align: left\">Automatisches Tropfbew\u00e4sserungssystem. Es enth\u00e4lt einen intelligenten Timer, der mit Alexa und Google Assist kompatibel ist. Inklusive 7-Liter-Wassertank. Hochwertige Komponenten. Die druckkompensierten Tropfer liefern unabh\u00e4ngig von der H\u00f6he oder Position des Tropfers die gleiche Durchflussmenge. Hergestellt in Spanien von Menschen mit unterschiedlichen F\u00e4higkeiten. Mit der Wahl dieses Produkts helfen Sie uns, ihre soziale Eingliederung zu f\u00f6rdern.<\/p>\n<p style=\"text-align: left\">&#8211; Anzahl: 12 Stk<br \/>\n&#8211; Farbe: Weiss<\/p>\n<p style=\"text-align: left\">&#8211; Ein Muss f\u00fcr die Bew\u00e4sserung Ihrer Pflanzen w\u00e4hrend der Feiertage.<br \/>\n&#8211; Ein ideales Bew\u00e4sserungssystem f\u00fcr die t\u00e4gliche Bew\u00e4sserung von Zimmerpflanzen das ganze Jahr \u00fcber<br \/>\n&#8211; Es erm\u00f6glicht die Anpassung der Bew\u00e4sserungsrichtlinien an die Bed\u00fcrfnisse der Pflanzen zu jeder Jahreszeit.<br \/>\n&#8211; Es enth\u00e4lt einen intelligenten Timer, der mit Alexa und Google Assist kompatibel ist.<br \/>\n&#8211; Es umfasst einen 7-Liter-Wassertank<br \/>\n&#8211; Es umfasst 10 Meter transparenten, hochwertigen PVC-Schlauch<br \/>\n&#8211; Es umfasst 12 druckkompensierte Tropfer: Diese Tropfer liefern unabh\u00e4ngig von der H\u00f6he den gleichen Durchfluss.<br \/>\n&#8211; Produktdimensionen (LxBxH): 22x22x20<\/p>\n","protected":false},"excerpt":{"rendered":"<p>Automatisches Tropfbew\u00e4sserungssystem. Es enth\u00e4lt einen intelligenten Timer, der mit Alexa und Google Assist kompatibel ist. Inklusive 7-Liter-Wassertank. Produktdimensionen (LxBxH): 22x22x20<\/p>\n","protected":false},"featured_media":35032,"template":"","meta":[],"product_brand":[],"product_cat":[521,23],"product_tag":[906],"woo-feed-brand":[],"class_list":{"0":"post-33191","1":"product","2":"type-product","3":"status-publish","4":"has-post-thumbnail","6":"product_cat-bewaesserung","7":"product_cat-home-living","8":"product_tag-surs-ag","10":"first","11":"instock","12":"taxable","13":"shipping-taxable","14":"purchasable","15":"product-type-simple"},"_links":{"self":[{"href":"https:\/\/fh-staging.vengo.cloud\/de-ch\/wp-json\/wp\/v2\/product\/33191","targetHints":{"allow":["GET"]}}],"collection":[{"href":"https:\/\/fh-staging.vengo.cloud\/de-ch\/wp-json\/wp\/v2\/product"}],"about":[{"href":"https:\/\/fh-staging.vengo.cloud\/de-ch\/wp-json\/wp\/v2\/types\/product"}],"wp:featuredmedia":[{"embeddable":true,"href":"https:\/\/fh-staging.vengo.cloud\/de-ch\/wp-json\/wp\/v2\/media\/35032"}],"wp:attachment":[{"href":"https:\/\/fh-staging.vengo.cloud\/de-ch\/wp-json\/wp\/v2\/media?parent=33191"}],"wp:term":[{"taxonomy":"product_brand","embeddable":true,"href":"https:\/\/fh-staging.vengo.cloud\/de-ch\/wp-json\/wp\/v2\/product_brand?post=33191"},{"taxonomy":"product_cat","embeddable":true,"href":"https:\/\/fh-staging.vengo.cloud\/de-ch\/wp-json\/wp\/v2\/product_cat?post=33191"},{"taxonomy":"product_tag","embeddable":true,"href":"https:\/\/fh-staging.vengo.cloud\/de-ch\/wp-json\/wp\/v2\/product_tag?post=33191"},{"taxonomy":"woo-feed-brand","embeddable":true,"href":"https:\/\/fh-staging.vengo.cloud\/de-ch\/wp-json\/wp\/v2\/woo-feed-brand?post=33191"}],"curies":[{"name":"wp","href":"https:\/\/api.w.org\/{rel}","templated":true}]}}