{"id":33177,"date":"2024-04-24T11:52:40","date_gmt":"2024-04-24T09:52:40","guid":{"rendered":"https:\/\/fh-staging.vengo.cloud\/de-ch\/?post_type=product&#038;p=33177"},"modified":"2025-04-01T04:47:20","modified_gmt":"2025-04-01T02:47:20","slug":"blumenregal-modell-6-tabletts-matt-grau","status":"publish","type":"product","link":"https:\/\/fh-staging.vengo.cloud\/de-ch\/p\/blumenregal-modell-6-tabletts-matt-grau","title":{"rendered":"Blumenregal Modell 6 Tabletts, matt grau"},"content":{"rendered":"<p style=\"text-align: left\">Das CitySens Pflanzenregal ist ein modularer und anpassbarer Pflanzenst\u00e4nder. Modell mit 6 Tabletts in mattgrau. Hergestellt in Spanien mit 100% recyceltem Polypropylen und \u00f6kologischen Holz PEFC-zertifiziert.<\/p>\n<p>Anpassbar: stellen Sie die Struktur nach Ihren W\u00fcnschen zusammen. Pflanzen nicht enthalten. Hergestellt von Menschen mit unterschiedlichen F\u00e4higkeiten. Durch die Wahl dieses Produkts helfen Sie uns, ihre soziale Eingliederung zu f\u00f6rdern.<\/p>\n<p style=\"text-align: left\">&#8211; Modulares und anpassbares Design: \u00c4ndern Sie die Struktur, um sie vollst\u00e4ndig an alle R\u00e4ume wie Ecken, W\u00e4nde, K\u00fcchen, B\u00fcros und Balkone anzupassen.<br \/>\n&#8211; Einfache Montage und Demontage: Passen Sie die Form neu an oder stellen Sie es in einen anderen Raum, je nachdem, was zu Ihnen oder Ihren Pflanzen passt.<br \/>\n&#8211; Man kann nie genug Pflanzen haben: Wenn Pflanzen wachsen oder Sie neue Pflanzen hinzuf\u00fcgen, \u00e4ndern Sie die Form Ihrer Regale oder f\u00fcgen Sie weitere Regale hinzu, damit sie optimal aussehen.<br \/>\n&#8211; Spielen Sie mit den Winkeln der Tabletts, um Ihrem Regal eine originelle und stabile Struktur zu verleihen.<br \/>\n&#8211; Wenn Sie es vertikal wachsen lassen, vergessen Sie nicht, es mit Klebeklammern oder Haken an der Wand zu befestigen.<br \/>\n&#8211; Wenn Sie die Tabletts als Bew\u00e4sserungstablett verwenden, platzieren Sie Pflanzen mit \u00e4hnlichem Bew\u00e4sserungsbedarf zusammen und nutzen Sie den Rand des Tabletts, um Pflanzen mit Aufh\u00e4ngern zu platzieren.<br \/>\n&#8211; Sparen Sie Zeit und Wasser mit unsichtbarer Tropfbew\u00e4sserung und holen Sie das Beste aus Ihrem Regal heraus.<\/p>\n","protected":false},"excerpt":{"rendered":"<p>Das CitySens Pflanzenregal ist ein modularer und anpassbarer Pflanzenst\u00e4nder. Modell mit 6 Tabletts in mattgrau.<\/p>\n","protected":false},"featured_media":33175,"template":"","meta":[],"product_brand":[],"product_cat":[862,23,895],"product_tag":[906],"woo-feed-brand":[],"class_list":{"0":"post-33177","1":"product","2":"type-product","3":"status-publish","4":"has-post-thumbnail","6":"product_cat-innenbegruenung","7":"product_cat-home-living","8":"product_cat-regale","9":"product_tag-surs-ag","11":"first","12":"instock","13":"taxable","14":"shipping-taxable","15":"purchasable","16":"product-type-simple"},"_links":{"self":[{"href":"https:\/\/fh-staging.vengo.cloud\/de-ch\/wp-json\/wp\/v2\/product\/33177","targetHints":{"allow":["GET"]}}],"collection":[{"href":"https:\/\/fh-staging.vengo.cloud\/de-ch\/wp-json\/wp\/v2\/product"}],"about":[{"href":"https:\/\/fh-staging.vengo.cloud\/de-ch\/wp-json\/wp\/v2\/types\/product"}],"wp:featuredmedia":[{"embeddable":true,"href":"https:\/\/fh-staging.vengo.cloud\/de-ch\/wp-json\/wp\/v2\/media\/33175"}],"wp:attachment":[{"href":"https:\/\/fh-staging.vengo.cloud\/de-ch\/wp-json\/wp\/v2\/media?parent=33177"}],"wp:term":[{"taxonomy":"product_brand","embeddable":true,"href":"https:\/\/fh-staging.vengo.cloud\/de-ch\/wp-json\/wp\/v2\/product_brand?post=33177"},{"taxonomy":"product_cat","embeddable":true,"href":"https:\/\/fh-staging.vengo.cloud\/de-ch\/wp-json\/wp\/v2\/product_cat?post=33177"},{"taxonomy":"product_tag","embeddable":true,"href":"https:\/\/fh-staging.vengo.cloud\/de-ch\/wp-json\/wp\/v2\/product_tag?post=33177"},{"taxonomy":"woo-feed-brand","embeddable":true,"href":"https:\/\/fh-staging.vengo.cloud\/de-ch\/wp-json\/wp\/v2\/woo-feed-brand?post=33177"}],"curies":[{"name":"wp","href":"https:\/\/api.w.org\/{rel}","templated":true}]}}