{"id":33128,"date":"2024-04-24T11:51:52","date_gmt":"2024-04-24T09:51:52","guid":{"rendered":"https:\/\/fh-staging.vengo.cloud\/de-ch\/?post_type=product&#038;p=33128"},"modified":"2025-10-22T16:11:50","modified_gmt":"2025-10-22T14:11:50","slug":"selbstbewaessernde-modulare-vertikale-pflanzengefaesse-digitaler-timer-3-toepfe-grau","status":"publish","type":"product","link":"https:\/\/fh-staging.vengo.cloud\/de-ch\/p\/selbstbewaessernde-modulare-vertikale-pflanzengefaesse-digitaler-timer-3-toepfe-grau","title":{"rendered":"Selbstbew\u00e4ssernde Modulare Vertikale Pflanzengef\u00e4sse Digitaler Timer, 3 T\u00f6pfe grau"},"content":{"rendered":"<p style=\"text-align: left;\">Vertikaler Pflanzk\u00fcbel mit Selbstbew\u00e4sserung in grauer Farbe und Deckel aus Kiefernholz. Modular und anpassbar. Modell mit 3 T\u00f6pfen. H\u00f6he 115 cm. Durchmesser der T\u00f6pfe 13 cm. Inklusive erstklassiger N\u00e4hrstoffe. Mit automatischem Kreislaufbew\u00e4sserungssystem mit 30 Tagen Autonomie.<\/p>\n<p>Hergestellt in Spanien aus 100% recyceltem Polypropylen.\u00a0 Zusammengebaut von Menschen mit unterschiedlichen F\u00e4higkeiten. Mit der Wahl dieses Produkts helfen Sie uns, ihre soziale Eingliederung zu f\u00f6rdern.<\/p>\n<p style=\"text-align: left;\">&#8211; Vertikaler, selbstbew\u00e4ssernder Design-Pflanztopf. Erh\u00e4ltlich in zwei Gr\u00f6ssen: 3 oder 4 T\u00f6pfe; und vier Farben: Grau, Kiefernrinde, Schwarz oder Weiss.<br \/>\n&#8211; Inklusive Selbstbew\u00e4sserungsset mit Wasserpumpe, digitalem Bew\u00e4sserungsprogrammierer und Pflanzenn\u00e4hrstoffen f\u00fcr 2 Jahre.<br \/>\n&#8211; Der selbstbew\u00e4ssernde vertikale Pflanzer von CitySens ist eine ideale L\u00f6sung, um Pflanzen im Urlaub am Leben zu halten.<br \/>\n&#8211; Der CitySens Indoor Vertical Garden verf\u00fcgt dank des internen Umw\u00e4lzkreislaufs \u00fcber eine Bew\u00e4sserungsautonomie von mehr als 30 Tagen. Alle 30 Tage muss der 7-Liter-Tank mit Wasser und N\u00e4hrstoffen aufgef\u00fcllt werden.<br \/>\n&#8211; Sein Design als dekoratives Pflanzgef\u00e4ss f\u00fcr den Innenbereich wurde mit internationalen Preisen ausgezeichnet: IF Award, European Design Award, German Design Award.<br \/>\n&#8211; Das technische Team von CitySens bietet sofortigen und pers\u00f6nlichen Kundenservice per Telefon oder E-Mail.<br \/>\n&#8211; Soziale Auswirkungen: Das Produkt wurde in Spanien entworfen und wird in Spanien von einem Team von Menschen mit Behinderungen hergestellt und montiert. Indem Sie sich f\u00fcr dieses Produkt entscheiden, helfen Sie uns, ihre soziale Integration zu f\u00f6rdern.<br \/>\n&#8211; Produktdimensionen (LxBxH): 29x29x115<\/p>\n","protected":false},"excerpt":{"rendered":"<p>Vertikaler Pflanzk\u00fcbel mit Selbstbew\u00e4sserung in grauer Farbe und Deckel aus Kiefernholz. Modular und anpassbar. Modell mit 3 T\u00f6pfen.<br \/>\nProduktdimensionen (LxBxH): 29x29x115<\/p>\n","protected":false},"featured_media":33127,"template":"","meta":[],"product_brand":[],"product_cat":[521,23,1200,27],"product_tag":[906],"woo-feed-brand":[],"class_list":{"0":"post-33128","1":"product","2":"type-product","3":"status-publish","4":"has-post-thumbnail","6":"product_cat-bewaesserung","7":"product_cat-home-living","8":"product_cat-gefaesse","9":"product_cat-vasen-gefaesse","10":"product_tag-surs-ag","12":"first","13":"instock","14":"taxable","15":"shipping-taxable","16":"purchasable","17":"product-type-simple"},"_links":{"self":[{"href":"https:\/\/fh-staging.vengo.cloud\/de-ch\/wp-json\/wp\/v2\/product\/33128","targetHints":{"allow":["GET"]}}],"collection":[{"href":"https:\/\/fh-staging.vengo.cloud\/de-ch\/wp-json\/wp\/v2\/product"}],"about":[{"href":"https:\/\/fh-staging.vengo.cloud\/de-ch\/wp-json\/wp\/v2\/types\/product"}],"wp:featuredmedia":[{"embeddable":true,"href":"https:\/\/fh-staging.vengo.cloud\/de-ch\/wp-json\/wp\/v2\/media\/33127"}],"wp:attachment":[{"href":"https:\/\/fh-staging.vengo.cloud\/de-ch\/wp-json\/wp\/v2\/media?parent=33128"}],"wp:term":[{"taxonomy":"product_brand","embeddable":true,"href":"https:\/\/fh-staging.vengo.cloud\/de-ch\/wp-json\/wp\/v2\/product_brand?post=33128"},{"taxonomy":"product_cat","embeddable":true,"href":"https:\/\/fh-staging.vengo.cloud\/de-ch\/wp-json\/wp\/v2\/product_cat?post=33128"},{"taxonomy":"product_tag","embeddable":true,"href":"https:\/\/fh-staging.vengo.cloud\/de-ch\/wp-json\/wp\/v2\/product_tag?post=33128"},{"taxonomy":"woo-feed-brand","embeddable":true,"href":"https:\/\/fh-staging.vengo.cloud\/de-ch\/wp-json\/wp\/v2\/woo-feed-brand?post=33128"}],"curies":[{"name":"wp","href":"https:\/\/api.w.org\/{rel}","templated":true}]}}