{"id":33096,"date":"2024-04-24T11:51:40","date_gmt":"2024-04-24T09:51:40","guid":{"rendered":"https:\/\/fh-staging.vengo.cloud\/de-ch\/?post_type=product&#038;p=33096"},"modified":"2025-10-22T16:11:50","modified_gmt":"2025-10-22T14:11:50","slug":"modularer-vertikaler-pflanzengefaess-3-toepfe-schwarz-2","status":"publish","type":"product","link":"https:\/\/fh-staging.vengo.cloud\/de-ch\/p\/modularer-vertikaler-pflanzengefaess-3-toepfe-schwarz-2","title":{"rendered":"Modularer Vertikaler Pflanzengef\u00e4ss, 3 T\u00f6pfe schwarz"},"content":{"rendered":"<p style=\"text-align: left;\">Vertikales Pflanzgef\u00e4ss in schwarzer Farbe und Deckel aus Kiefernholz. Modular und anpassbar. Modell mit 3 T\u00f6pfen. Platzieren Sie die T\u00f6pfe in verschiedenen Positionen. H\u00f6he 115 cm. Durchmesser der T\u00f6pfe 13 cm.<\/p>\n<p>Hergestellt in Spanien aus 100% recyceltem Polypropylen. Zusammengebaut von Menschen mit unterschiedlichen F\u00e4higkeiten. Mit der Wahl dieses Produkts helfen Sie uns, ihre soziale Eingliederung zu f\u00f6rdern.<\/p>\n<p style=\"text-align: left;\">&#8211; Vertikales Design-Pflanzgef\u00e4ss. Erh\u00e4ltlich in zwei Gr\u00f6ssen: 3 oder 4 T\u00f6pfe; und vier Farben: grau, Pinienrinde, schwarz oder weiss.<br \/>\n&#8211; Platzieren Sie die T\u00f6pfe in verschiedenen Positionen je nach den Bed\u00fcrfnissen der Pflanzen.<br \/>\n&#8211; Sein Design als dekorative Zimmerpflanze wurde mit internationalen Preisen ausgezeichnet: IF Award, Europ\u00e4ischer Designpreis, Deutscher Designpreis.<br \/>\n&#8211; Das technische Team von CitySens bietet einen sofortigen und pers\u00f6nlichen Kundenservice per Telefon oder E-Mail.<br \/>\n&#8211; Soziale Auswirkungen: Das Produkt wurde in Spanien entworfen, und es wird in Spanien von einem Team von Menschen mit Behinderungen hergestellt und montiert. Mit der Wahl dieses Produkts helfen Sie uns, ihre soziale Eingliederung zu f\u00f6rdern.<br \/>\n&#8211; Produktdimensionen (LxBxH): 29x29x115<\/p>\n","protected":false},"excerpt":{"rendered":"<p>Vertikales Pflanzgef\u00e4ss in schwarzer Farbe und Deckel aus Kiefernholz. Modular und anpassbar. Modell mit 3 T\u00f6pfen.<br \/>\nProduktdimensionen (LxBxH): 29x29x115<\/p>\n","protected":false},"featured_media":33095,"template":"","meta":[],"product_brand":[],"product_cat":[27,23,1200],"product_tag":[906],"woo-feed-brand":[],"class_list":{"0":"post-33096","1":"product","2":"type-product","3":"status-publish","4":"has-post-thumbnail","6":"product_cat-vasen-gefaesse","7":"product_cat-home-living","8":"product_cat-gefaesse","9":"product_tag-surs-ag","11":"first","12":"instock","13":"taxable","14":"shipping-taxable","15":"purchasable","16":"product-type-simple"},"_links":{"self":[{"href":"https:\/\/fh-staging.vengo.cloud\/de-ch\/wp-json\/wp\/v2\/product\/33096","targetHints":{"allow":["GET"]}}],"collection":[{"href":"https:\/\/fh-staging.vengo.cloud\/de-ch\/wp-json\/wp\/v2\/product"}],"about":[{"href":"https:\/\/fh-staging.vengo.cloud\/de-ch\/wp-json\/wp\/v2\/types\/product"}],"wp:featuredmedia":[{"embeddable":true,"href":"https:\/\/fh-staging.vengo.cloud\/de-ch\/wp-json\/wp\/v2\/media\/33095"}],"wp:attachment":[{"href":"https:\/\/fh-staging.vengo.cloud\/de-ch\/wp-json\/wp\/v2\/media?parent=33096"}],"wp:term":[{"taxonomy":"product_brand","embeddable":true,"href":"https:\/\/fh-staging.vengo.cloud\/de-ch\/wp-json\/wp\/v2\/product_brand?post=33096"},{"taxonomy":"product_cat","embeddable":true,"href":"https:\/\/fh-staging.vengo.cloud\/de-ch\/wp-json\/wp\/v2\/product_cat?post=33096"},{"taxonomy":"product_tag","embeddable":true,"href":"https:\/\/fh-staging.vengo.cloud\/de-ch\/wp-json\/wp\/v2\/product_tag?post=33096"},{"taxonomy":"woo-feed-brand","embeddable":true,"href":"https:\/\/fh-staging.vengo.cloud\/de-ch\/wp-json\/wp\/v2\/woo-feed-brand?post=33096"}],"curies":[{"name":"wp","href":"https:\/\/api.w.org\/{rel}","templated":true}]}}