{"id":33094,"date":"2024-04-24T11:51:40","date_gmt":"2024-04-24T09:51:40","guid":{"rendered":"https:\/\/fh-staging.vengo.cloud\/de-ch\/?post_type=product&#038;p=33094"},"modified":"2025-10-27T09:24:48","modified_gmt":"2025-10-27T08:24:48","slug":"selbstbewaessernde-modulare-vertikale-pflanzengefaesse-digitaler-timer-4-toepfe-schwarz","status":"publish","type":"product","link":"https:\/\/fh-staging.vengo.cloud\/de-ch\/p\/selbstbewaessernde-modulare-vertikale-pflanzengefaesse-digitaler-timer-4-toepfe-schwarz","title":{"rendered":"Selbstbew\u00e4ssernde Modulare Vertikale Pflanzengef\u00e4sse Digitaler Timer, 4 T\u00f6pfe schwarz"},"content":{"rendered":"<p style=\"text-align: left;\">Selbstbew\u00e4ssernder vertikaler Pflanzk\u00fcbel in schwarzer Farbe und Teakholzdeckel. Modular und anpassbar. Modell mit 4 T\u00f6pfen. H\u00f6he 148 cm. Durchmesser der T\u00f6pfe 13 cm. Inklusive erstklassiger N\u00e4hrstoffe. Mit automatischem Kreislaufbew\u00e4sserungssystem mit 30 Tagen Autonomie.<\/p>\n<p>Hergestellt in Spanien aus 100% recyceltem Polypropylen.\u00a0 Zusammengebaut von Menschen mit unterschiedlichen F\u00e4higkeiten. Mit der Wahl dieses Produkts helfen Sie uns, ihre soziale Eingliederung zu f\u00f6rdern.<\/p>\n<p style=\"text-align: left;\">&#8211; Vertikaler selbstbew\u00e4ssernder Design-Pflanzer. Erh\u00e4ltlich in zwei Gr\u00f6ssen: 3 oder 4 T\u00f6pfe; und vier Farben: grau, Pinienrinde, schwarz oder weiss.<br \/>\n&#8211; Inklusive Selbstbew\u00e4sserungsset mit Wasserpumpe, digitalem Bew\u00e4sserungsprogrammierer und Pflanzenn\u00e4hrstoffen f\u00fcr 2 Jahre.<br \/>\n&#8211; Der selbstbew\u00e4ssernde vertikale Pflanzk\u00fcbel von CitySens ist eine ideale L\u00f6sung, um Pflanzen im Urlaub am Leben zu erhalten.<br \/>\n&#8211; Der CitySens Indoor Vertical Garden hat eine Bew\u00e4sserungsautonomie von mehr als 30 Tagen dank des internen Rezirkulationskreislaufs. Alle 30 Tage muss der 7-Liter-Tank mit Wasser und N\u00e4hrstoffen aufgef\u00fcllt werden.<br \/>\n&#8211; Sein Design als dekorative Zimmerpflanze wurde mit internationalen Preisen ausgezeichnet: IF Award, Europ\u00e4ischer Designpreis, Deutscher Designpreis.<br \/>\n&#8211; Das technische Team von CitySens bietet einen sofortigen und pers\u00f6nlichen Kundenservice per Telefon oder E-Mail.<br \/>\n&#8211; Soziale Auswirkungen: Das Produkt wurde in Spanien entworfen, und es wird in Spanien von einem Team von Menschen mit Behinderungen hergestellt und montiert. Mit der Wahl dieses Produkts helfen Sie uns, ihre soziale Eingliederung zu f\u00f6rdern.<br \/>\n&#8211; Produktdimensionen (LxBxH): 29x29x148<\/p>\n","protected":false},"excerpt":{"rendered":"<p>Selbstbew\u00e4ssernder vertikaler Pflanzk\u00fcbel in schwarzer Farbe und Teakholzdeckel. Modular und anpassbar. Modell mit 4 T\u00f6pfen.<br \/>\nProduktdimensionen (LxBxH): 29x29x148<\/p>\n","protected":false},"featured_media":33093,"template":"","meta":[],"product_brand":[],"product_cat":[521,23,1200,27],"product_tag":[906],"woo-feed-brand":[],"class_list":{"0":"post-33094","1":"product","2":"type-product","3":"status-publish","4":"has-post-thumbnail","6":"product_cat-bewaesserung","7":"product_cat-home-living","8":"product_cat-gefaesse","9":"product_cat-vasen-gefaesse","10":"product_tag-surs-ag","12":"first","13":"instock","14":"taxable","15":"shipping-taxable","16":"purchasable","17":"product-type-simple"},"_links":{"self":[{"href":"https:\/\/fh-staging.vengo.cloud\/de-ch\/wp-json\/wp\/v2\/product\/33094","targetHints":{"allow":["GET"]}}],"collection":[{"href":"https:\/\/fh-staging.vengo.cloud\/de-ch\/wp-json\/wp\/v2\/product"}],"about":[{"href":"https:\/\/fh-staging.vengo.cloud\/de-ch\/wp-json\/wp\/v2\/types\/product"}],"wp:featuredmedia":[{"embeddable":true,"href":"https:\/\/fh-staging.vengo.cloud\/de-ch\/wp-json\/wp\/v2\/media\/33093"}],"wp:attachment":[{"href":"https:\/\/fh-staging.vengo.cloud\/de-ch\/wp-json\/wp\/v2\/media?parent=33094"}],"wp:term":[{"taxonomy":"product_brand","embeddable":true,"href":"https:\/\/fh-staging.vengo.cloud\/de-ch\/wp-json\/wp\/v2\/product_brand?post=33094"},{"taxonomy":"product_cat","embeddable":true,"href":"https:\/\/fh-staging.vengo.cloud\/de-ch\/wp-json\/wp\/v2\/product_cat?post=33094"},{"taxonomy":"product_tag","embeddable":true,"href":"https:\/\/fh-staging.vengo.cloud\/de-ch\/wp-json\/wp\/v2\/product_tag?post=33094"},{"taxonomy":"woo-feed-brand","embeddable":true,"href":"https:\/\/fh-staging.vengo.cloud\/de-ch\/wp-json\/wp\/v2\/woo-feed-brand?post=33094"}],"curies":[{"name":"wp","href":"https:\/\/api.w.org\/{rel}","templated":true}]}}