{"id":32819,"date":"2024-04-22T16:34:12","date_gmt":"2024-04-22T14:34:12","guid":{"rendered":"https:\/\/fh-staging.vengo.cloud\/?post_type=product&#038;p=32819"},"modified":"2025-04-01T04:53:53","modified_gmt":"2025-04-01T02:53:53","slug":"samenkugeln-nektar-oase-6er","status":"publish","type":"product","link":"https:\/\/fh-staging.vengo.cloud\/de-ch\/p\/samenkugeln-nektar-oase-6er","title":{"rendered":"Samenkugeln Nektar-Oase 6er"},"content":{"rendered":"<p style=\"text-align: left\">Die Samenkugeln enthalten eine Mischung aus \u00fcber 40 Arten, darunter Phacelia, Kornblumen, Kleearten, Sonnenblumen, Natternkopf, Glockenblumen, Buschwinden, Ringelblumen, Schmuckk\u00f6rchen und vielem mehr. Die einj\u00e4hrigen Blumen entwickeln sich sehr schnell. Sie bilden innert kurzer Zeit einen bunten &#171;Strauss&#187; Blumen, die Menschen und Insekten gleichermassen erfreuen.<\/p>\n<p style=\"text-align: left\">Samenkugeln, Seedbombs, Seedballs, Samenbomben, Seed Bombs, Samenb\u00e4lle &#8211; sie haben viele Namen. Doch was sind Samenkugeln und wie werden sie hergestellt? Alle unsere\u00a0Samenkugeln werden vom\u00a0UrbanGardeningShop in Handarbeit hergestellt. Alles an\u00a0den Produkten ist handmade. Bei der Produktion verwenden\u00a0wir lediglich nat\u00fcrliche Produkte wie Lehm, Bio-Erde (ohne Torf) und Saatgut. Durch das Rollen von Hand ist jede Samenkugel einzigartig. Keine sieht genau gleich wie die andere aus, jede ist ein Naturprodukt. Verpackt werden die Samenkugeln in kleine Kartonschachteln.\u00a0Toll beschriftet, ideal als Geschenk oder um mit Kindern den Garten zu versch\u00f6nern.<\/p>\n<p style=\"text-align: left\"><strong>Anleitung:<\/strong>\u00a0Samenkugeln auswerfen oder gezielt an gew\u00fcnschten Orten leicht in den Boden dr\u00fccken. Den Rest macht die Natur von alleine. Unterst\u00fctzen Sie so aktiv die Bienen und Schmetterlinge.<\/p>\n","protected":false},"excerpt":{"rendered":"<p>6er Set Samenkugeln zur F\u00f6rderung der Biodiversit\u00e4t! Schaffen Sie mit den Samenkugeln kleine Nektar-Oasen. Ideal f\u00fcr Honigbienen, Schmetterlinge und andere Insekten.<\/p>\n","protected":false},"featured_media":32820,"template":"","meta":[],"product_brand":[],"product_cat":[110,34,41],"product_tag":[287],"woo-feed-brand":[],"class_list":{"0":"post-32819","1":"product","2":"type-product","3":"status-publish","4":"has-post-thumbnail","6":"product_cat-samen","7":"product_cat-garten-balkon","8":"product_cat-outdoorpflanzen","9":"product_tag-urbangardeningshop-ch","11":"first","12":"instock","13":"taxable","14":"shipping-taxable","15":"purchasable","16":"product-type-simple"},"_links":{"self":[{"href":"https:\/\/fh-staging.vengo.cloud\/de-ch\/wp-json\/wp\/v2\/product\/32819","targetHints":{"allow":["GET"]}}],"collection":[{"href":"https:\/\/fh-staging.vengo.cloud\/de-ch\/wp-json\/wp\/v2\/product"}],"about":[{"href":"https:\/\/fh-staging.vengo.cloud\/de-ch\/wp-json\/wp\/v2\/types\/product"}],"wp:featuredmedia":[{"embeddable":true,"href":"https:\/\/fh-staging.vengo.cloud\/de-ch\/wp-json\/wp\/v2\/media\/32820"}],"wp:attachment":[{"href":"https:\/\/fh-staging.vengo.cloud\/de-ch\/wp-json\/wp\/v2\/media?parent=32819"}],"wp:term":[{"taxonomy":"product_brand","embeddable":true,"href":"https:\/\/fh-staging.vengo.cloud\/de-ch\/wp-json\/wp\/v2\/product_brand?post=32819"},{"taxonomy":"product_cat","embeddable":true,"href":"https:\/\/fh-staging.vengo.cloud\/de-ch\/wp-json\/wp\/v2\/product_cat?post=32819"},{"taxonomy":"product_tag","embeddable":true,"href":"https:\/\/fh-staging.vengo.cloud\/de-ch\/wp-json\/wp\/v2\/product_tag?post=32819"},{"taxonomy":"woo-feed-brand","embeddable":true,"href":"https:\/\/fh-staging.vengo.cloud\/de-ch\/wp-json\/wp\/v2\/woo-feed-brand?post=32819"}],"curies":[{"name":"wp","href":"https:\/\/api.w.org\/{rel}","templated":true}]}}