{"id":32262,"date":"2024-05-28T08:37:27","date_gmt":"2024-05-28T06:37:27","guid":{"rendered":"https:\/\/fh-staging.vengo.cloud\/?post_type=product&#038;p=32262"},"modified":"2025-09-05T08:26:55","modified_gmt":"2025-09-05T06:26:55","slug":"baby-mobile-puffel-makramee-blau","status":"publish","type":"product","link":"https:\/\/fh-staging.vengo.cloud\/de-ch\/p\/baby-mobile-puffel-makramee-blau","title":{"rendered":"Baby Mobile Puffel Makramee blau"},"content":{"rendered":"<p style=\"text-align: left;\"><strong>Baby Mobile im Makramee Stil<\/strong><\/p>\n<p style=\"text-align: left;\"><strong>Materialien: Holz, Baumwolle, Polyester<\/strong><\/p>\n<p style=\"text-align: left;\"><strong>Farben: Blau<\/strong><strong>, weiss<\/strong><\/p>\n<ul style=\"list-style-type: disc;\">\n<li style=\"text-align: left;\">Durchmesser Holzreif ca. 28cm<\/li>\n<li style=\"text-align: left;\">100% handgefertigt<\/li>\n<li style=\"text-align: left;\">Wundersch\u00f6nes\u00a0Makramee Motiv mit Pompons und Holzperlen<\/li>\n<li style=\"text-align: left;\">Haken zum Aufh\u00e4ngen ist nicht im Lieferumfang enthalten<\/li>\n<\/ul>\n<p style=\"text-align: left;\"><strong><br \/>\nVORSICHT:<br \/>\n<\/strong>Bitte beachten Sie, dass es sich hierbei um kein Spielzeug handelt und es somit au\u00dfer Reichweite von Kindern angebracht werden muss. Wir \u00fcbernehmen keine Haftung f\u00fcr unsachgem\u00e4ssen Gebrauch.<\/p>\n<p style=\"text-align: left;\"><strong>Farbe der Produkte k\u00f6nnen geringf\u00fcgig von den Produktbildern abweichen.<\/strong><\/p>\n<p style=\"text-align: left;\"><strong>\u00a0<\/strong><\/p>\n","protected":false},"excerpt":{"rendered":"<p>Entdecke unser bezauberndes Babymobile!<\/p>\n<p>Unser Babymobile ist mehr als nur ein h\u00fcbsches Accessoire \u2013 es ist ein interaktives Kunstwerk, das die Sinne deines Babys stimuliert. Die bunten Formen f\u00f6rdern die motorischen F\u00e4higkeiten und es schafft eine sichere und anregende Umgebung f\u00fcr deinen kleinen Schatz. Einfach zu installieren und aus hochwertigen, ungiftigen Materialien gefertigt, bietet unser Mobile unvergessliche Momente voller Spielspa\u00df und Entdeckungen f\u00fcr dein Baby!<\/p>\n","protected":false},"featured_media":32263,"template":"","meta":[],"product_brand":[],"product_cat":[64,59],"product_tag":[336],"woo-feed-brand":[],"class_list":{"0":"post-32262","1":"product","2":"type-product","3":"status-publish","4":"has-post-thumbnail","6":"product_cat-kinderzimmer-deko","7":"product_cat-kids","8":"product_tag-teddi-bebe","10":"first","11":"instock","12":"taxable","13":"shipping-taxable","14":"purchasable","15":"product-type-simple"},"_links":{"self":[{"href":"https:\/\/fh-staging.vengo.cloud\/de-ch\/wp-json\/wp\/v2\/product\/32262","targetHints":{"allow":["GET"]}}],"collection":[{"href":"https:\/\/fh-staging.vengo.cloud\/de-ch\/wp-json\/wp\/v2\/product"}],"about":[{"href":"https:\/\/fh-staging.vengo.cloud\/de-ch\/wp-json\/wp\/v2\/types\/product"}],"wp:featuredmedia":[{"embeddable":true,"href":"https:\/\/fh-staging.vengo.cloud\/de-ch\/wp-json\/wp\/v2\/media\/32263"}],"wp:attachment":[{"href":"https:\/\/fh-staging.vengo.cloud\/de-ch\/wp-json\/wp\/v2\/media?parent=32262"}],"wp:term":[{"taxonomy":"product_brand","embeddable":true,"href":"https:\/\/fh-staging.vengo.cloud\/de-ch\/wp-json\/wp\/v2\/product_brand?post=32262"},{"taxonomy":"product_cat","embeddable":true,"href":"https:\/\/fh-staging.vengo.cloud\/de-ch\/wp-json\/wp\/v2\/product_cat?post=32262"},{"taxonomy":"product_tag","embeddable":true,"href":"https:\/\/fh-staging.vengo.cloud\/de-ch\/wp-json\/wp\/v2\/product_tag?post=32262"},{"taxonomy":"woo-feed-brand","embeddable":true,"href":"https:\/\/fh-staging.vengo.cloud\/de-ch\/wp-json\/wp\/v2\/woo-feed-brand?post=32262"}],"curies":[{"name":"wp","href":"https:\/\/api.w.org\/{rel}","templated":true}]}}