{"id":32199,"date":"2024-05-28T08:37:25","date_gmt":"2024-05-28T06:37:25","guid":{"rendered":"https:\/\/fh-staging.vengo.cloud\/?post_type=product&#038;p=32199"},"modified":"2025-04-01T04:39:28","modified_gmt":"2025-04-01T02:39:28","slug":"maxi-cosi-kette-kleiner-fuchs-mit-glocke","status":"publish","type":"product","link":"https:\/\/fh-staging.vengo.cloud\/de-ch\/p\/maxi-cosi-kette-kleiner-fuchs-mit-glocke","title":{"rendered":"Maxi Cosi Kette kleiner Fuchs mit Glocke"},"content":{"rendered":"<p style=\"text-align: left\"><strong>Maxi Cosi Kette<br \/>\n<\/strong><\/p>\n<p style=\"text-align: left\"><strong>Farbe: Rostbraun, beige<br \/>\n<\/strong><\/p>\n<div class=\"product__description rte\">\n<ul style=\"text-align: left\">\n<li>Perlen aus Silikon\/Holz<\/li>\n<li>Mit H\u00e4kel Perlen, H\u00e4kel F\u00fcchslein und Gl\u00f6ckchen<\/li>\n<li>Die Schnur entspricht den \u00d6ko-Standards und ist extrem rei\u00dffest<\/li>\n<li>Die Farben sind farbecht, speichel- und schwei\u00dffest<\/li>\n<li>Die Kette ist ca. 28cm lang<\/li>\n<\/ul>\n<p style=\"text-align: left\"><strong>Bitte beachten Sie f\u00fcr die Sicherheit Ihres Kindes folgendes:<\/strong><\/p>\n<p style=\"text-align: left\"><strong>VORSICHT!<\/strong><\/p>\n<ul style=\"text-align: left\">\n<li>Reinigen Sie den Artikel vor dem ersten Gebrauch<\/li>\n<li>Kontrollieren Sie den Artikel vor jedem Gebrauch<\/li>\n<li>Bei ersten Anzeichen von M\u00e4ngeln sofort entsorgen<\/li>\n<li>Nur unter Aufsicht eines Erwachsenen verwenden<\/li>\n<li>Zum Reinigen mit warmem Wasser absp\u00fclen und trocknen lassen<\/li>\n<li>Keine Haftung f\u00fcr unsachgem\u00e4ssen Gebrauch<\/li>\n<\/ul>\n<p style=\"text-align: left\"><em>Form und Farbe der Produkte k\u00f6nnen geringf\u00fcgig von den Produktbildern abweichen.<\/em><\/p>\n<\/div>\n<p style=\"text-align: left\"><strong>\u00a0<\/strong><\/p>\n<p>&nbsp;<\/p>\n","protected":false},"excerpt":{"rendered":"<p>Dank der praktischen Maxi Cosi Kette wird es deinem kleinen Liebling auch unterwegs nie langweilig. Die Kette kann ganz einfach entfernt und auch an anderen Gegenst\u00e4nden wie zum Beispiel einem Holz Babygym befestigt werden.<\/p>\n","protected":false},"featured_media":32200,"template":"","meta":[],"product_brand":[],"product_cat":[62,59],"product_tag":[336],"woo-feed-brand":[],"class_list":{"0":"post-32199","1":"product","2":"type-product","3":"status-publish","4":"has-post-thumbnail","6":"product_cat-spielzeug","7":"product_cat-kids","8":"product_tag-teddi-bebe","10":"first","11":"instock","12":"taxable","13":"shipping-taxable","14":"purchasable","15":"product-type-simple"},"_links":{"self":[{"href":"https:\/\/fh-staging.vengo.cloud\/de-ch\/wp-json\/wp\/v2\/product\/32199","targetHints":{"allow":["GET"]}}],"collection":[{"href":"https:\/\/fh-staging.vengo.cloud\/de-ch\/wp-json\/wp\/v2\/product"}],"about":[{"href":"https:\/\/fh-staging.vengo.cloud\/de-ch\/wp-json\/wp\/v2\/types\/product"}],"wp:featuredmedia":[{"embeddable":true,"href":"https:\/\/fh-staging.vengo.cloud\/de-ch\/wp-json\/wp\/v2\/media\/32200"}],"wp:attachment":[{"href":"https:\/\/fh-staging.vengo.cloud\/de-ch\/wp-json\/wp\/v2\/media?parent=32199"}],"wp:term":[{"taxonomy":"product_brand","embeddable":true,"href":"https:\/\/fh-staging.vengo.cloud\/de-ch\/wp-json\/wp\/v2\/product_brand?post=32199"},{"taxonomy":"product_cat","embeddable":true,"href":"https:\/\/fh-staging.vengo.cloud\/de-ch\/wp-json\/wp\/v2\/product_cat?post=32199"},{"taxonomy":"product_tag","embeddable":true,"href":"https:\/\/fh-staging.vengo.cloud\/de-ch\/wp-json\/wp\/v2\/product_tag?post=32199"},{"taxonomy":"woo-feed-brand","embeddable":true,"href":"https:\/\/fh-staging.vengo.cloud\/de-ch\/wp-json\/wp\/v2\/woo-feed-brand?post=32199"}],"curies":[{"name":"wp","href":"https:\/\/api.w.org\/{rel}","templated":true}]}}