{"id":32060,"date":"2024-05-28T08:37:28","date_gmt":"2024-05-28T06:37:28","guid":{"rendered":"https:\/\/fh-staging.vengo.cloud\/?post_type=product&#038;p=32060"},"modified":"2025-04-01T04:39:00","modified_gmt":"2025-04-01T02:39:00","slug":"2er-set-haekel-hase","status":"publish","type":"product","link":"https:\/\/fh-staging.vengo.cloud\/de-ch\/p\/2er-set-haekel-hase","title":{"rendered":"2er Set H\u00e4kel Hase"},"content":{"rendered":"<p style=\"text-align: left;\"><strong>Das 2er Set H\u00e4schen enth\u00e4lt:<br \/>\n<\/strong><\/p>\n<ul style=\"list-style-type: disc; text-align: left;\">\n<li>Eine Schnullerkette<\/li>\n<li>Einen grossen H\u00e4kelhasen<\/li>\n<\/ul>\n<p style=\"text-align: left;\"><strong>Farbe: Beige, braun<br \/>\n<\/strong><\/p>\n<ul style=\"list-style-type: square; text-align: left;\">\n<li>Kette aus Holz-\/Silikonperlen<\/li>\n<li>Schnullerkette mit Crochet Hasenkopf und zwei H\u00e4kelperlen<\/li>\n<li>Ohne Personalisierung<\/li>\n<li>Clip Schnullerkette aus Silikon<\/li>\n<li>H\u00e4kelhase aus Baumwolle ca. 29cm lang<\/li>\n<li>100% handmade<\/li>\n<\/ul>\n<p style=\"text-align: left;\"><strong>VORSICHT:<\/strong><\/p>\n<ul style=\"text-align: left;\">\n<li>Kontrollieren Sie die Schnullerkette vor jedem Gebrauch<\/li>\n<li>Reinigen Sie die Schnullerkette vor dem ersten Gebrauch<\/li>\n<li>Mechanische Beanspruchung kann zu Abnutzungen f\u00fchren<\/li>\n<li>Bei ersten Anzeichen von M\u00e4ngeln an der Kette\u00a0 diese sofort entsorgen<\/li>\n<li>Die Schnullerkette niemals verl\u00e4ngern und nur an der Kleidung befestigen<\/li>\n<li>Kette und H\u00e4keltier nur unter Aufsicht eines Erwachsenen verwenden<\/li>\n<li>Kette zum Reinigen mit warmem Wasser absp\u00fclen und trocknen lassen<\/li>\n<li>H\u00e4keltier nicht geeignet f\u00fcr in die Waschmaschine\/Tumbler<\/li>\n<li>Keine Haftung f\u00fcr unsachgem\u00e4ssen Gebrauch<\/li>\n<\/ul>\n<p style=\"text-align: left;\"><em>Form und Farbe der Produkte k\u00f6nnen geringf\u00fcgig von den Produktbildern abweichen.<\/em><\/p>\n","protected":false},"excerpt":{"rendered":"<p>Unser 2er Set Hase ist das ideale Geschenk zur Geburt, Taufe oder Babyparty. Es enth\u00e4lt eine Schnullerkette sowie einen grossen H\u00e4kelhasen. \u00dcberrasche deine Liebsten mit diesem tollen Set!<\/p>\n","protected":false},"featured_media":32064,"template":"","meta":[],"product_brand":[],"product_cat":[939,59],"product_tag":[336],"woo-feed-brand":[],"class_list":{"0":"post-32060","1":"product","2":"type-product","3":"status-publish","4":"has-post-thumbnail","6":"product_cat-kindergeschenke","7":"product_cat-kids","8":"product_tag-teddi-bebe","10":"first","11":"instock","12":"taxable","13":"shipping-taxable","14":"purchasable","15":"product-type-simple"},"_links":{"self":[{"href":"https:\/\/fh-staging.vengo.cloud\/de-ch\/wp-json\/wp\/v2\/product\/32060","targetHints":{"allow":["GET"]}}],"collection":[{"href":"https:\/\/fh-staging.vengo.cloud\/de-ch\/wp-json\/wp\/v2\/product"}],"about":[{"href":"https:\/\/fh-staging.vengo.cloud\/de-ch\/wp-json\/wp\/v2\/types\/product"}],"wp:featuredmedia":[{"embeddable":true,"href":"https:\/\/fh-staging.vengo.cloud\/de-ch\/wp-json\/wp\/v2\/media\/32064"}],"wp:attachment":[{"href":"https:\/\/fh-staging.vengo.cloud\/de-ch\/wp-json\/wp\/v2\/media?parent=32060"}],"wp:term":[{"taxonomy":"product_brand","embeddable":true,"href":"https:\/\/fh-staging.vengo.cloud\/de-ch\/wp-json\/wp\/v2\/product_brand?post=32060"},{"taxonomy":"product_cat","embeddable":true,"href":"https:\/\/fh-staging.vengo.cloud\/de-ch\/wp-json\/wp\/v2\/product_cat?post=32060"},{"taxonomy":"product_tag","embeddable":true,"href":"https:\/\/fh-staging.vengo.cloud\/de-ch\/wp-json\/wp\/v2\/product_tag?post=32060"},{"taxonomy":"woo-feed-brand","embeddable":true,"href":"https:\/\/fh-staging.vengo.cloud\/de-ch\/wp-json\/wp\/v2\/woo-feed-brand?post=32060"}],"curies":[{"name":"wp","href":"https:\/\/api.w.org\/{rel}","templated":true}]}}