{"id":2133,"date":"2023-11-17T16:36:56","date_gmt":"2023-11-17T15:36:56","guid":{"rendered":"https:\/\/fh-staging.vengo.cloud\/?post_type=product&#038;p=2133"},"modified":"2026-01-05T14:10:17","modified_gmt":"2026-01-05T13:10:17","slug":"dose-aus-steingut-mit-blaettermotiv-und-bambusdeckel","status":"publish","type":"product","link":"https:\/\/fh-staging.vengo.cloud\/de-ch\/p\/dose-aus-steingut-mit-blaettermotiv-und-bambusdeckel","title":{"rendered":"Dose aus Steingut, mit Bl\u00e4ttermotiv und Bambusdeckel"},"content":{"rendered":"<p>Diese h\u00fcbsche Steindose mit rauer, brauner Oberfl\u00e4che und feinem Bl\u00e4ttermotiv ist ein echter Allrounder: Ob f\u00fcr die Aufbewahrung trockener Lebensmittel in der K\u00fcche oder das Sammeln loser M\u00fcnzen im Gang, dank des Silikonsiegels und des Bambusdeckels l\u00e4sst sich alles sauber und sicher verschliessen und aufbewahren.<\/p>\n<ul>\n<li>Luftdichter Beh\u00e4lter mit Bambusdeckel und Silikonsiegel<\/li>\n<li>Ideal zur Aufbewahrung trockener Lebensmittel wie Kr\u00e4uter, Kekse, Gew\u00fcrze, Getreide, Kaffee<\/li>\n<li>Dose aus langlebigem, rauem Steingut mit filigranem Bl\u00e4ttermotiv<\/li>\n<li>Jedes Produkt ist liebevoll handgefertigt, so dass die Musterung variieren kann<\/li>\n<li>Fasst 750 ml<\/li>\n<li>H\u00f6he 10 cm, Durchmesser 10 cm<\/li>\n<\/ul>\n<p>&nbsp;<\/p>\n","protected":false},"excerpt":{"rendered":"<p>Dose aus Steingut, mit Bl\u00e4ttermotiv und Bambusdeckel, 10 x 10 cm, 0.75 Liter<\/p>\n","protected":false},"featured_media":2135,"template":"","meta":[],"product_brand":[],"product_cat":[1102,23,910,797,1024,1207,909,32,30,915,42,1101,43],"product_tag":[324],"woo-feed-brand":[],"class_list":{"0":"post-2133","1":"product","2":"type-product","3":"status-publish","4":"has-post-thumbnail","6":"product_cat-essen","7":"product_cat-home-living","8":"product_cat-geschenkideen","9":"product_cat-muttertag","10":"product_cat-muttertagsdeko","11":"product_cat-unter-25-chf","12":"product_cat-weihnachten","13":"product_cat-aufbewahrung","14":"product_cat-deko-accessoires","15":"product_cat-wichteln","16":"product_cat-kueche","17":"product_cat-geschirr","18":"product_cat-gedeckter-tisch","19":"product_tag-marein-ag","21":"first","22":"instock","23":"taxable","24":"shipping-taxable","25":"purchasable","26":"product-type-simple"},"_links":{"self":[{"href":"https:\/\/fh-staging.vengo.cloud\/de-ch\/wp-json\/wp\/v2\/product\/2133","targetHints":{"allow":["GET"]}}],"collection":[{"href":"https:\/\/fh-staging.vengo.cloud\/de-ch\/wp-json\/wp\/v2\/product"}],"about":[{"href":"https:\/\/fh-staging.vengo.cloud\/de-ch\/wp-json\/wp\/v2\/types\/product"}],"wp:featuredmedia":[{"embeddable":true,"href":"https:\/\/fh-staging.vengo.cloud\/de-ch\/wp-json\/wp\/v2\/media\/2135"}],"wp:attachment":[{"href":"https:\/\/fh-staging.vengo.cloud\/de-ch\/wp-json\/wp\/v2\/media?parent=2133"}],"wp:term":[{"taxonomy":"product_brand","embeddable":true,"href":"https:\/\/fh-staging.vengo.cloud\/de-ch\/wp-json\/wp\/v2\/product_brand?post=2133"},{"taxonomy":"product_cat","embeddable":true,"href":"https:\/\/fh-staging.vengo.cloud\/de-ch\/wp-json\/wp\/v2\/product_cat?post=2133"},{"taxonomy":"product_tag","embeddable":true,"href":"https:\/\/fh-staging.vengo.cloud\/de-ch\/wp-json\/wp\/v2\/product_tag?post=2133"},{"taxonomy":"woo-feed-brand","embeddable":true,"href":"https:\/\/fh-staging.vengo.cloud\/de-ch\/wp-json\/wp\/v2\/woo-feed-brand?post=2133"}],"curies":[{"name":"wp","href":"https:\/\/api.w.org\/{rel}","templated":true}]}}