{"id":15613,"date":"2024-05-28T08:37:29","date_gmt":"2024-05-28T06:37:29","guid":{"rendered":"https:\/\/fh-staging.vengo.cloud\/?product=mini-hakel-kuh"},"modified":"2025-04-01T04:38:49","modified_gmt":"2025-04-01T02:38:49","slug":"mini-hakel-kuh","status":"publish","type":"product","link":"https:\/\/fh-staging.vengo.cloud\/de-ch\/p\/mini-hakel-kuh","title":{"rendered":"Mini H\u00e4kel-Kuh"},"content":{"rendered":"<p style=\"text-align: left;\" data-mce-fragment=\"1\"><strong data-mce-fragment=\"1\">Mini-Kuh<\/strong><\/p>\n<p style=\"text-align: left;\" data-mce-fragment=\"1\"><strong data-mce-fragment=\"1\">Materialien: Bio Garn<\/strong><\/p>\n<p style=\"text-align: left;\" data-mce-fragment=\"1\"><strong data-mce-fragment=\"1\">Farben: Weiss, schwarz<br \/>\n<\/strong><\/p>\n<ul style=\"text-align: left;\" data-mce-fragment=\"1\">\n<li data-mce-fragment=\"1\">Gr\u00f6sse: Ca. 12cm<\/li>\n<li data-mce-fragment=\"1\">Wundersch\u00f6ne Kuh<\/li>\n<li data-mce-fragment=\"1\">Nur Handw\u00e4sche<\/li>\n<\/ul>\n<p style=\"text-align: left;\" data-mce-fragment=\"1\">Wir \u00fcbernehmen keine Haftung f\u00fcr unsachgem\u00e4ssen Gebrauch.<\/p>\n","protected":false},"excerpt":{"rendered":"<p>Die Crochet Mini-Kuh wird liebevoll von Hand hergestellt. Dank der kleinen, praktischen Gr\u00f6sse kann dein Baby das Mini-Tierchen ganz einfach halten und f\u00fcr Freude im Kinderzimmer und auch unterwegs ist stets gesorgt.<\/p>\n","protected":false},"featured_media":32046,"template":"","meta":[],"product_brand":[],"product_cat":[62,1018,1026,59],"product_tag":[336],"woo-feed-brand":[],"class_list":{"0":"post-15613","1":"product","2":"type-product","3":"status-publish","4":"has-post-thumbnail","6":"product_cat-spielzeug","7":"product_cat-ostern","8":"product_cat-osternest","9":"product_cat-kids","10":"product_tag-teddi-bebe","12":"first","13":"instock","14":"taxable","15":"shipping-taxable","16":"purchasable","17":"product-type-simple"},"_links":{"self":[{"href":"https:\/\/fh-staging.vengo.cloud\/de-ch\/wp-json\/wp\/v2\/product\/15613","targetHints":{"allow":["GET"]}}],"collection":[{"href":"https:\/\/fh-staging.vengo.cloud\/de-ch\/wp-json\/wp\/v2\/product"}],"about":[{"href":"https:\/\/fh-staging.vengo.cloud\/de-ch\/wp-json\/wp\/v2\/types\/product"}],"wp:featuredmedia":[{"embeddable":true,"href":"https:\/\/fh-staging.vengo.cloud\/de-ch\/wp-json\/wp\/v2\/media\/32046"}],"wp:attachment":[{"href":"https:\/\/fh-staging.vengo.cloud\/de-ch\/wp-json\/wp\/v2\/media?parent=15613"}],"wp:term":[{"taxonomy":"product_brand","embeddable":true,"href":"https:\/\/fh-staging.vengo.cloud\/de-ch\/wp-json\/wp\/v2\/product_brand?post=15613"},{"taxonomy":"product_cat","embeddable":true,"href":"https:\/\/fh-staging.vengo.cloud\/de-ch\/wp-json\/wp\/v2\/product_cat?post=15613"},{"taxonomy":"product_tag","embeddable":true,"href":"https:\/\/fh-staging.vengo.cloud\/de-ch\/wp-json\/wp\/v2\/product_tag?post=15613"},{"taxonomy":"woo-feed-brand","embeddable":true,"href":"https:\/\/fh-staging.vengo.cloud\/de-ch\/wp-json\/wp\/v2\/woo-feed-brand?post=15613"}],"curies":[{"name":"wp","href":"https:\/\/api.w.org\/{rel}","templated":true}]}}