{"id":15552,"date":"2024-02-09T13:59:27","date_gmt":"2024-02-09T12:59:27","guid":{"rendered":"https:\/\/fh-staging.vengo.cloud\/?product=we-love-the-real-shit"},"modified":"2025-10-03T12:45:44","modified_gmt":"2025-10-03T10:45:44","slug":"we-love-the-real-shit-kompst-verpackung-3-5l","status":"publish","type":"product","link":"https:\/\/fh-staging.vengo.cloud\/de-ch\/p\/we-love-the-real-shit-kompst-verpackung-3-5l","title":{"rendered":"We Love the Real Shit &#8211; Kompost Verpackung 3.5l"},"content":{"rendered":"<p data-start=\"353\" data-end=\"553\">Deine Pflanzen verdienen kein Blabla, sondern echtes Futter: <strong data-start=\"414\" data-end=\"431\">The Real Shit<\/strong>. Unser Kompost ist 100 % Natur und steckt voller N\u00e4hrstoffe, die deine Beete, T\u00f6pfe und Hochbeete zum Strahlen bringen.<\/p>\n<p data-start=\"555\" data-end=\"794\">Produziert wird er auf dem Moosbachhof in Madlikon \u2013 aus Mist von Tieren, die hier ein gutes Leben f\u00fchren d\u00fcrfen. Mit jedem Sack sorgst du nicht nur f\u00fcr gesunde Pflanzen, sondern unterst\u00fctzt auch Futter, Einstreu und Pflege dieser Tiere.<\/p>\n<p data-start=\"796\" data-end=\"826\"><strong data-start=\"796\" data-end=\"824\">Warum genau dieser Shit?<\/strong><\/p>\n<ul data-start=\"827\" data-end=\"1017\">\n<li data-start=\"827\" data-end=\"888\">\n<p data-start=\"829\" data-end=\"888\">Reich an nat\u00fcrlichen N\u00e4hrstoffen \u2013 f\u00fcr kr\u00e4ftiges Wachstum<\/p>\n<\/li>\n<li data-start=\"889\" data-end=\"932\">\n<p data-start=\"891\" data-end=\"932\">Verbessert die Bodenstruktur nachhaltig<\/p>\n<\/li>\n<li data-start=\"933\" data-end=\"975\">\n<p data-start=\"935\" data-end=\"975\">Regional, fair und mit Herz produziert<\/p>\n<\/li>\n<li data-start=\"976\" data-end=\"1017\">\n<p data-start=\"978\" data-end=\"1017\">Jeder Kauf = ein Beitrag zum Tierwohl<\/p>\n<\/li>\n<\/ul>\n<p data-start=\"1019\" data-end=\"1139\">Gib deinem Garten das Beste aus der Natur \u2013 und hab ruhig ein Schmunzeln dabei: Es ist eben <strong data-start=\"1111\" data-end=\"1131\">echter Real Shit<\/strong>.<\/p>\n","protected":false},"excerpt":{"rendered":"<p>Unser Kompost ist 100 % Natur \u2013 voller N\u00e4hrstoffe f\u00fcr kr\u00e4ftige Pflanzen und gleichzeitig ein Beitrag zum Tierwohl.<\/p>\n","protected":false},"featured_media":33491,"template":"","meta":[],"product_brand":[],"product_cat":[39,34,110,41],"product_tag":[334],"woo-feed-brand":[],"class_list":{"0":"post-15552","1":"product","2":"type-product","3":"status-publish","4":"has-post-thumbnail","6":"product_cat-gartenzubehoer","7":"product_cat-garten-balkon","8":"product_cat-samen","9":"product_cat-outdoorpflanzen","10":"product_tag-welovetherealshit","12":"first","13":"instock","14":"taxable","15":"shipping-taxable","16":"purchasable","17":"product-type-simple"},"_links":{"self":[{"href":"https:\/\/fh-staging.vengo.cloud\/de-ch\/wp-json\/wp\/v2\/product\/15552","targetHints":{"allow":["GET"]}}],"collection":[{"href":"https:\/\/fh-staging.vengo.cloud\/de-ch\/wp-json\/wp\/v2\/product"}],"about":[{"href":"https:\/\/fh-staging.vengo.cloud\/de-ch\/wp-json\/wp\/v2\/types\/product"}],"wp:featuredmedia":[{"embeddable":true,"href":"https:\/\/fh-staging.vengo.cloud\/de-ch\/wp-json\/wp\/v2\/media\/33491"}],"wp:attachment":[{"href":"https:\/\/fh-staging.vengo.cloud\/de-ch\/wp-json\/wp\/v2\/media?parent=15552"}],"wp:term":[{"taxonomy":"product_brand","embeddable":true,"href":"https:\/\/fh-staging.vengo.cloud\/de-ch\/wp-json\/wp\/v2\/product_brand?post=15552"},{"taxonomy":"product_cat","embeddable":true,"href":"https:\/\/fh-staging.vengo.cloud\/de-ch\/wp-json\/wp\/v2\/product_cat?post=15552"},{"taxonomy":"product_tag","embeddable":true,"href":"https:\/\/fh-staging.vengo.cloud\/de-ch\/wp-json\/wp\/v2\/product_tag?post=15552"},{"taxonomy":"woo-feed-brand","embeddable":true,"href":"https:\/\/fh-staging.vengo.cloud\/de-ch\/wp-json\/wp\/v2\/woo-feed-brand?post=15552"}],"curies":[{"name":"wp","href":"https:\/\/api.w.org\/{rel}","templated":true}]}}