{"id":15521,"date":"2024-01-26T14:24:21","date_gmt":"2024-01-26T14:24:21","guid":{"rendered":"https:\/\/fh-staging.vengo.cloud\/?product=henruks-likor-basilikum-zitrone-50-cl"},"modified":"2026-01-15T11:43:31","modified_gmt":"2026-01-15T10:43:31","slug":"henruks-likor-basilikum-zitrone-50-cl","status":"publish","type":"product","link":"https:\/\/fh-staging.vengo.cloud\/de-ch\/p\/henruks-likor-basilikum-zitrone-50-cl","title":{"rendered":"HENRUK&#8217;s Lik\u00f6r Basilikum &amp; Zitrone 50 cl"},"content":{"rendered":"<p style=\"text-align: left\">Dieses Getr\u00e4nk kombiniert eine s\u00fcssliche Herbheit mit einer zitronigen S\u00e4ure und einem Hauch von Bitterkeit. Die Duftnoten sind stark von Basilikum gepr\u00e4gt, w\u00e4hrend der Geschmack eher zitruslastig ist.<\/p>\n<p style=\"text-align: left\"><strong>Basilikum &amp; Zitronen Lik\u00f6r<\/strong><br \/>\n<strong>50cl<\/strong><br \/>\n<strong>19% Vol.<\/strong><\/p>\n<p>&nbsp;<\/p>\n<p style=\"text-align: left\">HENRUK\u2019s ist ein in Luzern ans\u00e4ssiges Unternehmen, das sich der Wiederbelebung lokaler Getr\u00e4nketrends verschrieben hat. Mit einem engagierten jungen Team ist HENRUK\u2019s darauf fokussiert, originelle und geschmacklich herausragende Produkte auf den Markt zu bringen.<\/p>\n<p style=\"text-align: left\">Dies verleiht HENRUK\u2019s einen pers\u00f6nlichen Charakter, der sich in all seinen T\u00e4tigkeiten widerspiegelt.<\/p>\n<p>HENRUK\u2019s vertritt den Anspruch, jedem Getr\u00e4nk einen einzigartigen und unverwechselbaren Charakter zu verleihen.<\/p>\n<p style=\"text-align: left\">Wir laden Sie ein, die Vielfalt und Qualit\u00e4t unserer Produkte zu entdecken und selbst zu erfahren, wie wir lokale Getr\u00e4nketrends neu gestalten.<\/p>\n","protected":false},"excerpt":{"rendered":"<p>Basilikum &amp; Zitronen Lik\u00f6r &#8211; dieses Getr\u00e4nk kombiniert eine s\u00fcssliche Herbheit mit einer zitronigen S\u00e4ure und einem Hauch von Bitterkeit. Die Duftnoten sind stark von Basilikum gepr\u00e4gt, w\u00e4hrend der Geschmack eher zitruslastig ist.<\/p>\n","protected":false},"featured_media":36516,"template":"","meta":[],"product_brand":[],"product_cat":[115,1002,1090,910,999,1088,909,916,42,885,52,54],"product_tag":[147,904],"woo-feed-brand":[],"class_list":{"0":"post-15521","1":"product","2":"type-product","3":"status-publish","4":"has-post-thumbnail","6":"product_cat-spirituosen","7":"product_cat-fuer-ihn","8":"product_cat-geniesser","9":"product_cat-geschenkideen","10":"product_cat-valentinstag","11":"product_cat-vatertag","12":"product_cat-weihnachten","13":"product_cat-praesente","14":"product_cat-kueche","15":"product_cat-koestlichkeiten","16":"product_cat-geschenke","17":"product_cat-feinkost","18":"product_tag-alkohol","19":"product_tag-henruks-likoer","21":"first","22":"instock","23":"taxable","24":"shipping-taxable","25":"purchasable","26":"product-type-simple"},"_links":{"self":[{"href":"https:\/\/fh-staging.vengo.cloud\/de-ch\/wp-json\/wp\/v2\/product\/15521","targetHints":{"allow":["GET"]}}],"collection":[{"href":"https:\/\/fh-staging.vengo.cloud\/de-ch\/wp-json\/wp\/v2\/product"}],"about":[{"href":"https:\/\/fh-staging.vengo.cloud\/de-ch\/wp-json\/wp\/v2\/types\/product"}],"wp:featuredmedia":[{"embeddable":true,"href":"https:\/\/fh-staging.vengo.cloud\/de-ch\/wp-json\/wp\/v2\/media\/36516"}],"wp:attachment":[{"href":"https:\/\/fh-staging.vengo.cloud\/de-ch\/wp-json\/wp\/v2\/media?parent=15521"}],"wp:term":[{"taxonomy":"product_brand","embeddable":true,"href":"https:\/\/fh-staging.vengo.cloud\/de-ch\/wp-json\/wp\/v2\/product_brand?post=15521"},{"taxonomy":"product_cat","embeddable":true,"href":"https:\/\/fh-staging.vengo.cloud\/de-ch\/wp-json\/wp\/v2\/product_cat?post=15521"},{"taxonomy":"product_tag","embeddable":true,"href":"https:\/\/fh-staging.vengo.cloud\/de-ch\/wp-json\/wp\/v2\/product_tag?post=15521"},{"taxonomy":"woo-feed-brand","embeddable":true,"href":"https:\/\/fh-staging.vengo.cloud\/de-ch\/wp-json\/wp\/v2\/woo-feed-brand?post=15521"}],"curies":[{"name":"wp","href":"https:\/\/api.w.org\/{rel}","templated":true}]}}