{"id":15482,"date":"2024-01-23T18:14:51","date_gmt":"2024-01-23T18:14:51","guid":{"rendered":"https:\/\/fh-staging.vengo.cloud\/?product=trockenblumenstrauss-thank-you-mit-rose"},"modified":"2025-12-01T10:26:58","modified_gmt":"2025-12-01T09:26:58","slug":"trockenblumenstrauss-thank-you-mit-rose","status":"publish","type":"product","link":"https:\/\/fh-staging.vengo.cloud\/de-ch\/p\/trockenblumenstrauss-thank-you-mit-rose","title":{"rendered":"Trockenblumenstrauss &#171;Thank you&#187; mit Rose"},"content":{"rendered":"<p style=\"text-align: left;\">Mit diesem angesagten Geschenk wird die \u00dcberraschung unvergesslich. Unser Strauss ist mit modernen Trockenblumen und Textilblumen verziert.<\/p>\n<p style=\"text-align: left;\">Der Strauss kann als Geschenk oder einfach so, auch ohne Anh\u00e4nger, als Wohnaccessoire oder als Tischdekoration verwendet werden. Die Trockenblumen und Textilblumen sind lange haltbar und so kann der Strauss zur Dekoration das ganze Jahr wieder verwendet werden.<\/p>\n<p style=\"text-align: left;\">\u2022\u00a0\u00a0 Die Str\u00e4usse mit Trockenblumen, Textilblumen &amp; Kunstmaterialien werden von uns individuell zusammengestellt und k\u00f6nnen deshalb in Anordnung und Farbe variieren.<br \/>\n\u2022\u00a0\u00a0\u00a0 F\u00fcr die Gestaltung werden zum Teil auch montierte Dekomaterialien sowie als technische Hilfsmittel Holz, Draht, Leim, Bast und \u00e4hnliches verwendet, welche auch sichtbar sein k\u00f6nnen.<\/p>\n<p style=\"text-align: left;\">\u2022 Es sind zum Teil auch stabilisierte Blumen\/Zweige enthalten. Durch das stabilisieren und einf\u00e4rben haben die Zweige eine Restfeuchtigkeit in den Bl\u00e4ttern und k\u00f6nnen Farbe an H\u00e4nde, Kleider etc. abgeben. Bitte sei vorsichtig!<\/p>\n<p style=\"text-align: left;\">\u2022\u00a0 Bitte den Strauss vorsichtig auspacken und allenfalls die Blumen und den Anh\u00e4nger wieder etwas zurechtr\u00fccken.<\/p>\n<p style=\"text-align: left;\">\u2022\u00a0 Der Preis bezieht sich pro Strauss mit Textilrose und Anh\u00e4nger. ( L ca.35cm,\u00a0 \u00d8 ca. 17cm)<\/p>\n<p style=\"text-align: left;\"><strong>Bitte beachte:<\/strong><br \/>\nEs k\u00f6nnte Unterschiede zwischen der abgebildeten Farbe auf der Webseite und der tats\u00e4chlichen Farbe geben. Dies aufgrund von Lichteinfall, Helligkeit des Monitors, Kontrasteinstellung etc. Ebenso in der Anordnung \/ Zusammensetzung der Materialien und Dekoartikel.<\/p>\n","protected":false},"excerpt":{"rendered":"<p>Entdecke unseren zauberhaften Trockenblumenstrauss mit Textilrose und einem bezaubernden Anh\u00e4nger mit einem liebevollen Spruch! Dieser kleine Zusatz verleiht Deinem Geschenk eine besondere Note und macht es zu einem perfekten Geschenk f\u00fcr diesen bestimmten Anlass.<\/p>\n","protected":false},"featured_media":15483,"template":"","meta":[],"product_brand":[],"product_cat":[117,23,26,52,55],"product_tag":[290],"woo-feed-brand":[],"class_list":{"0":"post-15482","1":"product","2":"type-product","3":"status-publish","4":"has-post-thumbnail","6":"product_cat-trockenblumen","7":"product_cat-home-living","8":"product_cat-blumen-pflanzen","9":"product_cat-geschenke","10":"product_cat-blumige-geschenke","11":"product_tag-atelier-leutwyler","13":"first","14":"instock","15":"taxable","16":"shipping-taxable","17":"purchasable","18":"product-type-simple"},"_links":{"self":[{"href":"https:\/\/fh-staging.vengo.cloud\/de-ch\/wp-json\/wp\/v2\/product\/15482","targetHints":{"allow":["GET"]}}],"collection":[{"href":"https:\/\/fh-staging.vengo.cloud\/de-ch\/wp-json\/wp\/v2\/product"}],"about":[{"href":"https:\/\/fh-staging.vengo.cloud\/de-ch\/wp-json\/wp\/v2\/types\/product"}],"wp:featuredmedia":[{"embeddable":true,"href":"https:\/\/fh-staging.vengo.cloud\/de-ch\/wp-json\/wp\/v2\/media\/15483"}],"wp:attachment":[{"href":"https:\/\/fh-staging.vengo.cloud\/de-ch\/wp-json\/wp\/v2\/media?parent=15482"}],"wp:term":[{"taxonomy":"product_brand","embeddable":true,"href":"https:\/\/fh-staging.vengo.cloud\/de-ch\/wp-json\/wp\/v2\/product_brand?post=15482"},{"taxonomy":"product_cat","embeddable":true,"href":"https:\/\/fh-staging.vengo.cloud\/de-ch\/wp-json\/wp\/v2\/product_cat?post=15482"},{"taxonomy":"product_tag","embeddable":true,"href":"https:\/\/fh-staging.vengo.cloud\/de-ch\/wp-json\/wp\/v2\/product_tag?post=15482"},{"taxonomy":"woo-feed-brand","embeddable":true,"href":"https:\/\/fh-staging.vengo.cloud\/de-ch\/wp-json\/wp\/v2\/woo-feed-brand?post=15482"}],"curies":[{"name":"wp","href":"https:\/\/api.w.org\/{rel}","templated":true}]}}