{"id":15009,"date":"2024-01-04T16:06:16","date_gmt":"2024-01-04T16:06:16","guid":{"rendered":"https:\/\/fh-staging.vengo.cloud\/?product=blumen-herz-in-love"},"modified":"2025-04-01T05:05:07","modified_gmt":"2025-04-01T03:05:07","slug":"blumen-herz-in-love","status":"publish","type":"product","link":"https:\/\/fh-staging.vengo.cloud\/de-ch\/p\/blumen-herz-in-love","title":{"rendered":"Blumen Herz &#171;In Love&#187;"},"content":{"rendered":"<p style=\"text-align: left\">Mit diesem trendigen Geschenk wird die \u00dcberraschung unvergesslich. Unser Blumenherz ist mit trendigen Trockenblumen und Textilblumen gestaltet.<\/p>\n<p style=\"text-align: left\">Masse des Blumenherzes: L\u00e4nge ca.25cm\/Breite ca.22cm\/H\u00f6he ca.20cm inkl. Blumen<\/p>\n<p style=\"text-align: left\"><strong>Warum unser Herz aus Trocken- und Textilblumen?<\/strong><\/p>\n<p>&nbsp;<\/p>\n<p><strong>Unverg\u00e4ngliche Sch\u00f6nheit:<\/strong> Trocken- und Textilblumen behalten ihre Sch\u00f6nheit f\u00fcr immer bei. Ein Symbol f\u00fcr Ihre Liebe, das nie verwelkt.<\/p>\n<p><strong>Duftende Erinnerungen:<\/strong> Verleihen Sie dem Herz einen Hauch von Romantik, indem Sie einen dezenten Duft hinzuf\u00fcgen. Jedes Mal, wenn Ihr Partner das Herz betrachtet, werden s\u00fcsse Erinnerungen an Sie beide wach. Bestellen Sie das individuell gestaltete Herz, um das Herz\u00a0Ihrer \/ Ihres Geliebten zu erobern.<\/p>\n<p style=\"text-align: left\">Das Blumenherz kann als Geschenk zum Valentinstag, Muttertag, Tag der Frau oder einfach so als Wohnaccessoire oder als Tischdekoration verwendet werden. Die Trockenblumen und Textilblumen sind lange haltbar und so kann das Blumenherz zur Dekoration das ganze Jahr wieder verwendet werden.<\/p>\n<p>\u2022\u00a0\u00a0 Die Blumenherzen mit Trockenblumen, Textilblumen &amp; Kunstmaterialien werden von uns individuell zusammengestellt und k\u00f6nnen deshalb in Anordnung und Farbe variieren.<br \/>\n\u2022\u00a0\u00a0\u00a0 F\u00fcr die Gestaltung werden zum Teil auch montierte Dekomaterialien sowie als technische Hilfsmittel Holz, Draht, Leim, Bast und \u00e4hnliches verwendet, welche auch sichtbar sein k\u00f6nnen. Das Herz ist aus Karton\/Papier gestaltet und kann durch den Klebevorgang auch Klebstoffschattierungen\/Reste und Druckstellen aufweisen.<\/p>\n<p style=\"text-align: left\">Es sind zum Teil auch stabilisierte Blumen\/Zweige enthalten. Durch das stabilisieren und einf\u00e4rben haben die Zweige eine Restfeuchtigkeit in den Bl\u00e4ttern und k\u00f6nnen Farbe an H\u00e4nde, Kleider etc. abgeben. Bitte seien Sie vorsichtig! Bitte vorsichtig auspacken und allenfalls die Blumen und das Band im Blumenherz wieder etwas zurechtr\u00fccken.<\/p>\n<p style=\"text-align: left\"><strong>Wichtig zu wissen:<\/strong> Die gestreuten Rosenbl\u00e4tter auf dem Foto geh\u00f6ren nicht zum Produkt. Sie k\u00f6nnen aber erg\u00e4nzend bestellt werden. Siehe unter &#171;Passend dazu<strong>&#187; &#8211;<\/strong>Echte rote stabilisierte Rosenbl\u00fcten &#8211; Rosenbl\u00e4tter zum Streuen.<\/p>\n<p style=\"text-align: left\"><strong>Bitte beachten Sie:<\/strong><br \/>\nEs k\u00f6nnte Unterschiede zwischen der abgebildeten Farbe auf der Webseite und der tats\u00e4chlichen Farbe geben. Dies aufgrund von Lichteinfall, Helligkeit des Monitors, Kontrasteinstellung etc. Ebenso in der Anordnung \/ Zusammensetzung der Materialien und Dekoartikel.<\/p>\n","protected":false},"excerpt":{"rendered":"<p>Geschenkt oder f\u00fcr sich selbst gekauft, das Blumenherz &#171;In Love&#187; aus trendigen Trockenblumen und kunstvollen Textilblumen ist mehr als nur eine Dekoration \u2013 es ist eine Liebeserkl\u00e4rung in Form von Bl\u00fcten.<\/p>\n","protected":false},"featured_media":15010,"template":"","meta":[],"product_brand":[],"product_cat":[107,23,26],"product_tag":[290],"woo-feed-brand":[],"class_list":{"0":"post-15009","1":"product","2":"type-product","3":"status-publish","4":"has-post-thumbnail","6":"product_cat-kunstblumen","7":"product_cat-home-living","8":"product_cat-blumen-pflanzen","9":"product_tag-atelier-leutwyler","11":"first","12":"instock","13":"taxable","14":"shipping-taxable","15":"purchasable","16":"product-type-simple"},"_links":{"self":[{"href":"https:\/\/fh-staging.vengo.cloud\/de-ch\/wp-json\/wp\/v2\/product\/15009","targetHints":{"allow":["GET"]}}],"collection":[{"href":"https:\/\/fh-staging.vengo.cloud\/de-ch\/wp-json\/wp\/v2\/product"}],"about":[{"href":"https:\/\/fh-staging.vengo.cloud\/de-ch\/wp-json\/wp\/v2\/types\/product"}],"wp:featuredmedia":[{"embeddable":true,"href":"https:\/\/fh-staging.vengo.cloud\/de-ch\/wp-json\/wp\/v2\/media\/15010"}],"wp:attachment":[{"href":"https:\/\/fh-staging.vengo.cloud\/de-ch\/wp-json\/wp\/v2\/media?parent=15009"}],"wp:term":[{"taxonomy":"product_brand","embeddable":true,"href":"https:\/\/fh-staging.vengo.cloud\/de-ch\/wp-json\/wp\/v2\/product_brand?post=15009"},{"taxonomy":"product_cat","embeddable":true,"href":"https:\/\/fh-staging.vengo.cloud\/de-ch\/wp-json\/wp\/v2\/product_cat?post=15009"},{"taxonomy":"product_tag","embeddable":true,"href":"https:\/\/fh-staging.vengo.cloud\/de-ch\/wp-json\/wp\/v2\/product_tag?post=15009"},{"taxonomy":"woo-feed-brand","embeddable":true,"href":"https:\/\/fh-staging.vengo.cloud\/de-ch\/wp-json\/wp\/v2\/woo-feed-brand?post=15009"}],"curies":[{"name":"wp","href":"https:\/\/api.w.org\/{rel}","templated":true}]}}