{"id":14981,"date":"2023-12-20T08:46:51","date_gmt":"2023-12-20T08:46:51","guid":{"rendered":"https:\/\/fh-staging.vengo.cloud\/?product=ottiger-spezialitaten-vierer-box-konfituren"},"modified":"2025-11-04T16:12:38","modified_gmt":"2025-11-04T15:12:38","slug":"ottiger-spezialitaten-vierer-box-konfituren","status":"publish","type":"product","link":"https:\/\/fh-staging.vengo.cloud\/de-ch\/p\/ottiger-spezialitaten-vierer-box-konfituren","title":{"rendered":"Ottiger Spezialit\u00e4ten VIERER-BOX Konfit\u00fcren"},"content":{"rendered":"<p style=\"text-align: left;\">4 hausgemachte Konfit\u00fcren von Ottiger Spezialit\u00e4ten, verpackt in\u00a0hellbrauner Box mit rot-weiss kariertem Geschenkband.<\/p>\n<p style=\"text-align: left;\">Beinhaltet:<\/p>\n<p style=\"text-align: left;\">1 Glas Aprikosen-Vanille-Konfit\u00fcre \u00e0 250 g<br \/>\n1 Glas Stachelbeer-Erdbeer-Konfit\u00fcre\u00a0\u00e0 250 g<br \/>\n1 Glas Johannisbeer-Gel\u00e9e \u00e0 250 g<br \/>\n1 Glas Quitten-Gel\u00e9e \u00e0 250 g<\/p>\n<p><strong>N\u00e4hrwerte Aprikosen-Vanille-Konfit\u00fcre pro 100 g:<\/strong><\/p>\n<p>Energie: 1015 kj \/ 239 kcal, Fett: 0 g, davon ges\u00e4ttige Fetts\u00e4uren: 0 g, Kohlenhydrate: 58 g, davon Zucker: 56 g, Eiweiss: &lt; 0.5 g, Salz: 0 g. Hergestellt aus 54 g Fr\u00fcchten je 100 g Fertigprodukt.<\/p>\n<p><strong>Zutaten Aprikosen-Vanille-Konfit\u00fcre:<\/strong><\/p>\n<p>Aprikosen, Zucker, Geliermittel (Fruchtpektin), S\u00e4uerungsmittel (Zitronens\u00e4ure, Ascorbins\u00e4ure), nat\u00fcrliches Vanille-Extrakt, Vanillesamen.<\/p>\n<p><strong>N\u00e4hrwerte Stachelbeer-Erdbeer-Konfit\u00fcre pro 100 g:<\/strong><\/p>\n<p>Energie: 955 kj \/ 225 kcal, Fett: 0 g, davon ges\u00e4ttige Fetts\u00e4uren: 0 g, Kohlenhydrate: 55 g, davon Zucker: 54 g, Eiweiss: &lt; 0.5 g, Salz: 0 g. Hergestellt aus 53 g Fr\u00fcchten je 100 g Fertigprodukt.<\/p>\n<p><strong>Zutaten <strong>Stachelbeer-Erdbeer-<\/strong>Konfit\u00fcre:<\/strong><\/p>\n<p>Fr\u00fcchte (Stachelbeeren 35 %, Erdbeeren 18 %), Zucker, Geliermittel (Fruchtpektin).<\/p>\n<p><strong>N\u00e4hrwerte\u00a0Johannisbeer-Gel\u00e9e\u00a0pro 100 g:<\/strong><\/p>\n<p>Energie: 990 kj \/ 233 kcal, Fett: 0 g, davon ges\u00e4ttige Fetts\u00e4uren: 0 g, Kohlenhydrate: 58 g, davon Zucker: 58 g, Eiweiss: &lt; 0.5 g, Salz: 0 g. Hergestellt aus 50 g Fr\u00fcchten je 100 g Fertigprodukt.<\/p>\n<p><strong>Zutaten Johannisbeer-Gel\u00e9e:<\/strong><\/p>\n<p>Johannisbeeren, Zucker, Geliermittel (Fruchtpektin).<\/p>\n<p><strong>N\u00e4hrwerte Quitten-Gel\u00e9e\u00a0pro 100 g:<\/strong><\/p>\n<p>Energie: 994 kj \/ 234 kcal, Fett: 0 g, davon ges\u00e4ttige Fetts\u00e4uren: 0 g, Kohlenhydrate: 58 g, davon Zucker: 57 g, Eiweiss: &lt; 0.5 g, Salz: 0 g. Hergestellt aus 64 g Fr\u00fcchten je 100 g Fertigprodukt.<\/p>\n<p><strong>Zutaten Quitten-Gel\u00e9e:<\/strong><\/p>\n<p>Quitten, Zucker, Geliermittel (Fruchtpektin), S\u00e4uerungsmittel (Citronens\u00e4ure).<\/p>\n","protected":false},"excerpt":{"rendered":"<p>Hausgemachte Konfit\u00fcren in Geschenkbox<\/p>\n","protected":false},"featured_media":36444,"template":"","meta":[],"product_brand":[],"product_cat":[47,1022,910,1091,1001,797,1019,1018,984,993,1207,999,1088,909,916,915,42,885,52,53],"product_tag":[330],"woo-feed-brand":[],"class_list":{"0":"post-14981","1":"product","2":"type-product","3":"status-publish","4":"has-post-thumbnail","6":"product_cat-kuechenaromen","7":"product_cat-brunch","8":"product_cat-geschenkideen","9":"product_cat-hobbykoch","10":"product_cat-leckereien","11":"product_cat-muttertag","12":"product_cat-osterbrunch","13":"product_cat-ostern","14":"product_cat-silvester","15":"product_cat-silvestergeschenke","16":"product_cat-unter-25-chf","17":"product_cat-valentinstag","18":"product_cat-vatertag","19":"product_cat-weihnachten","20":"product_cat-praesente","21":"product_cat-wichteln","22":"product_cat-kueche","23":"product_cat-koestlichkeiten","24":"product_cat-geschenke","25":"product_cat-geschenksets","26":"product_tag-ottiger-spezialitaten-ag","28":"first","29":"instock","30":"featured","31":"taxable","32":"shipping-taxable","33":"purchasable","34":"product-type-simple"},"_links":{"self":[{"href":"https:\/\/fh-staging.vengo.cloud\/de-ch\/wp-json\/wp\/v2\/product\/14981","targetHints":{"allow":["GET"]}}],"collection":[{"href":"https:\/\/fh-staging.vengo.cloud\/de-ch\/wp-json\/wp\/v2\/product"}],"about":[{"href":"https:\/\/fh-staging.vengo.cloud\/de-ch\/wp-json\/wp\/v2\/types\/product"}],"wp:featuredmedia":[{"embeddable":true,"href":"https:\/\/fh-staging.vengo.cloud\/de-ch\/wp-json\/wp\/v2\/media\/36444"}],"wp:attachment":[{"href":"https:\/\/fh-staging.vengo.cloud\/de-ch\/wp-json\/wp\/v2\/media?parent=14981"}],"wp:term":[{"taxonomy":"product_brand","embeddable":true,"href":"https:\/\/fh-staging.vengo.cloud\/de-ch\/wp-json\/wp\/v2\/product_brand?post=14981"},{"taxonomy":"product_cat","embeddable":true,"href":"https:\/\/fh-staging.vengo.cloud\/de-ch\/wp-json\/wp\/v2\/product_cat?post=14981"},{"taxonomy":"product_tag","embeddable":true,"href":"https:\/\/fh-staging.vengo.cloud\/de-ch\/wp-json\/wp\/v2\/product_tag?post=14981"},{"taxonomy":"woo-feed-brand","embeddable":true,"href":"https:\/\/fh-staging.vengo.cloud\/de-ch\/wp-json\/wp\/v2\/woo-feed-brand?post=14981"}],"curies":[{"name":"wp","href":"https:\/\/api.w.org\/{rel}","templated":true}]}}