{"id":14916,"date":"2023-12-05T18:26:50","date_gmt":"2023-12-05T18:26:50","guid":{"rendered":"https:\/\/fh-staging.vengo.cloud\/?product=fatball-hanger"},"modified":"2025-04-01T05:11:15","modified_gmt":"2025-04-01T03:11:15","slug":"fatball-hanger","status":"publish","type":"product","link":"https:\/\/fh-staging.vengo.cloud\/de-ch\/p\/fatball-hanger","title":{"rendered":"Fatball Hanger"},"content":{"rendered":"<p style=\"text-align: left\">Talgk\u00fcgelchen, \u00c4pfel und Kokosn\u00fcsse sind bei den kleinen V\u00f6geln beliebt. Mit diesem satellitenartigen Talgkugel-Aufh\u00e4nger kannst du jedes Futter aufh\u00e4ngen und den V\u00f6geln das gewisse Extra verleihen. Der clevere Gummiring bietet Platz f\u00fcr mehrere V\u00f6gel gleichzeitig. Ein tolles Geschenk f\u00fcr alle, die V\u00f6gel m\u00f6gen!<\/p>\n<p>F\u00fcr die V\u00f6gel ist es am besten, das Netz um die Talgkugel zu entfernen. Dann kannst du einfach einen Nagel und eine B\u00fcroklammer einf\u00fchren und es funktioniert einwandfrei, ohne dass die Gefahr besteht, dass die V\u00f6gel stecken bleiben.<\/p>\n<p>Gr\u00f6\u00dfe: 12,5 x 12 cm<br \/>\nMaterialien: Edelstahl und Gummi.<br \/>\nPflegehinweise: Von Hand mit Waschmittel waschen.<br \/>\nDesign: Edmire<\/p>\n<p>Die Designs von All Born in Sweden werden exklusiv f\u00fcr uns in Zusammenarbeit mit talentierten und renommierten Designern erstellt.\u00a0Wir verwenden kleine Fabriken, mit denen wir eine lange Beziehung haben, und saubere Materialien, die entweder recycelt werden oder leicht recycelt werden k\u00f6nnen.<\/p>\n","protected":false},"excerpt":{"rendered":"<p>Talgk\u00fcgelchen, \u00c4pfel und Kokosn\u00fcsse sind bei den kleinen V\u00f6geln beliebt. Mit diesem satellitenartigen Talgkugel-Aufh\u00e4nger kannst du jedes Futter aufh\u00e4ngen und den V\u00f6geln das gewisse Extra verleihen.<\/p>\n","protected":false},"featured_media":14917,"template":"","meta":[],"product_brand":[],"product_cat":[39,34],"product_tag":[312],"woo-feed-brand":[],"class_list":{"0":"post-14916","1":"product","2":"type-product","3":"status-publish","4":"has-post-thumbnail","6":"product_cat-gartenzubehoer","7":"product_cat-garten-balkon","8":"product_tag-zimmermann-flaach-ag-blumen-gartenbau","10":"first","11":"instock","12":"taxable","13":"shipping-taxable","14":"purchasable","15":"product-type-simple"},"_links":{"self":[{"href":"https:\/\/fh-staging.vengo.cloud\/de-ch\/wp-json\/wp\/v2\/product\/14916","targetHints":{"allow":["GET"]}}],"collection":[{"href":"https:\/\/fh-staging.vengo.cloud\/de-ch\/wp-json\/wp\/v2\/product"}],"about":[{"href":"https:\/\/fh-staging.vengo.cloud\/de-ch\/wp-json\/wp\/v2\/types\/product"}],"wp:featuredmedia":[{"embeddable":true,"href":"https:\/\/fh-staging.vengo.cloud\/de-ch\/wp-json\/wp\/v2\/media\/14917"}],"wp:attachment":[{"href":"https:\/\/fh-staging.vengo.cloud\/de-ch\/wp-json\/wp\/v2\/media?parent=14916"}],"wp:term":[{"taxonomy":"product_brand","embeddable":true,"href":"https:\/\/fh-staging.vengo.cloud\/de-ch\/wp-json\/wp\/v2\/product_brand?post=14916"},{"taxonomy":"product_cat","embeddable":true,"href":"https:\/\/fh-staging.vengo.cloud\/de-ch\/wp-json\/wp\/v2\/product_cat?post=14916"},{"taxonomy":"product_tag","embeddable":true,"href":"https:\/\/fh-staging.vengo.cloud\/de-ch\/wp-json\/wp\/v2\/product_tag?post=14916"},{"taxonomy":"woo-feed-brand","embeddable":true,"href":"https:\/\/fh-staging.vengo.cloud\/de-ch\/wp-json\/wp\/v2\/woo-feed-brand?post=14916"}],"curies":[{"name":"wp","href":"https:\/\/api.w.org\/{rel}","templated":true}]}}