{"id":14736,"date":"2023-11-22T14:57:10","date_gmt":"2023-11-22T13:57:10","guid":{"rendered":"https:\/\/fh-staging.vengo.cloud\/?product=weihnachts-tischschmuck-teelicht-geschmuckt-rot-kunstlich"},"modified":"2025-12-22T12:55:21","modified_gmt":"2025-12-22T11:55:21","slug":"adventlicher-weihnachts-tischschmuck-teelicht-geschmueckt-rot-kuenstlich","status":"publish","type":"product","link":"https:\/\/fh-staging.vengo.cloud\/de-ch\/p\/adventlicher-weihnachts-tischschmuck-teelicht-geschmueckt-rot-kuenstlich","title":{"rendered":"Adventlicher Weihnachts Tischschmuck Teelicht geschm\u00fcckt rot (k\u00fcnstlich)"},"content":{"rendered":"<p style=\"text-align: left;\">Das Teelicht in rot geschm\u00fcckt kann wunderbar als festliche Tischdekoration verwendet werden. Kerzenlicht zaubert zu jeder Jahreszeit romantische Stimmung in Deine Wohnung. Die Gr\u00fcnzweige sind k\u00fcnstlich und so kann der Kranz zur Dekoration jedes Jahr wieder verwendet werden. Ein dazu passendes Teelicht wird mitgeliefert.<\/p>\n<p style=\"text-align: left;\">\u2022 Die Teelichter aus Kunst-&amp; Dekomaterialien und Holzzweigen werden individuell zusammengestellt und k\u00f6nnen so in Anordnung und Farben variieren.<\/p>\n<p style=\"text-align: left;\">\u2022 F\u00fcr die Gestaltung werden zum Teil auch montierte Dekomaterialien sowie als technische Hilfsmittel Holz, Draht, Leim, Bast, Metallstifte und \u00e4hnliches verwendet, welche auch sichtbar sein k\u00f6nnen.<\/p>\n<p style=\"text-align: left;\"><strong>Bitte beachte:<\/strong><br \/>\nEs k\u00f6nnte Unterschiede zwischen der abgebildeten Farbe auf der Webseite und der tats\u00e4chlichen Farbe geben, dies aufgrund von Lichteinfall, Helligkeit des Monitors, Kontrasteinstellung etc. Ebenso die Anordnung der Materialen und Dekoartikel.<\/p>\n<p style=\"text-align: left;\"><strong>Achtung:<br \/>\n<\/strong>Lasse brennende Kerzen niemals unbeaufsichtigt und halte sie fern von Kindern und Haustieren. Diese k\u00f6nnten sich Verbrennen und die Kerzen unbeabsichtigt umwerfen oder anderweitig mit brennbaren Stoffen in Kontakt bringen.<\/p>\n<p style=\"text-align: left;\">\n","protected":false},"excerpt":{"rendered":"<p>Tauche Deine Festtafel in festliche Atmosph\u00e4re mit unserem wundersch\u00f6nen Weihnachts-Tischschmuck ein. Dieses Teelicht in lebendigem Rot ist nicht nur eine stilvolle Erg\u00e4nzung zu Deiner Weihnachtsdekoration, sondern verleiht Deinem Zuhause auch eine gem\u00fctliche und warme Stimmung. H ca 8cm \/ \u00d8 ca. 18cm<\/p>\n","protected":false},"featured_media":14737,"template":"","meta":[],"product_brand":[],"product_cat":[107,23,909,1179,911,26],"product_tag":[290],"woo-feed-brand":[],"class_list":{"0":"post-14736","1":"product","2":"type-product","3":"status-publish","4":"has-post-thumbnail","6":"product_cat-kunstblumen","7":"product_cat-home-living","8":"product_cat-weihnachten","9":"product_cat-weihnachtsdeko","10":"product_cat-accessoires","11":"product_cat-blumen-pflanzen","12":"product_tag-atelier-leutwyler","14":"first","15":"instock","16":"taxable","17":"shipping-taxable","18":"purchasable","19":"product-type-simple"},"_links":{"self":[{"href":"https:\/\/fh-staging.vengo.cloud\/de-ch\/wp-json\/wp\/v2\/product\/14736","targetHints":{"allow":["GET"]}}],"collection":[{"href":"https:\/\/fh-staging.vengo.cloud\/de-ch\/wp-json\/wp\/v2\/product"}],"about":[{"href":"https:\/\/fh-staging.vengo.cloud\/de-ch\/wp-json\/wp\/v2\/types\/product"}],"wp:featuredmedia":[{"embeddable":true,"href":"https:\/\/fh-staging.vengo.cloud\/de-ch\/wp-json\/wp\/v2\/media\/14737"}],"wp:attachment":[{"href":"https:\/\/fh-staging.vengo.cloud\/de-ch\/wp-json\/wp\/v2\/media?parent=14736"}],"wp:term":[{"taxonomy":"product_brand","embeddable":true,"href":"https:\/\/fh-staging.vengo.cloud\/de-ch\/wp-json\/wp\/v2\/product_brand?post=14736"},{"taxonomy":"product_cat","embeddable":true,"href":"https:\/\/fh-staging.vengo.cloud\/de-ch\/wp-json\/wp\/v2\/product_cat?post=14736"},{"taxonomy":"product_tag","embeddable":true,"href":"https:\/\/fh-staging.vengo.cloud\/de-ch\/wp-json\/wp\/v2\/product_tag?post=14736"},{"taxonomy":"woo-feed-brand","embeddable":true,"href":"https:\/\/fh-staging.vengo.cloud\/de-ch\/wp-json\/wp\/v2\/woo-feed-brand?post=14736"}],"curies":[{"name":"wp","href":"https:\/\/api.w.org\/{rel}","templated":true}]}}