{"id":14720,"date":"2023-11-19T13:23:22","date_gmt":"2023-11-19T13:23:22","guid":{"rendered":"https:\/\/fh-staging.vengo.cloud\/?product=flower-loop-diy-mit-trockenblumen-o-ca-40-cm-mit-anleitung-zum-selber-kreieren"},"modified":"2025-11-11T09:05:48","modified_gmt":"2025-11-11T08:05:48","slug":"flower-loop-diy-mit-trockenblumen-o-ca-40-cm-mit-anleitung-zum-selber-kreieren","status":"publish","type":"product","link":"https:\/\/fh-staging.vengo.cloud\/de-ch\/p\/flower-loop-diy-mit-trockenblumen-o-ca-40-cm-mit-anleitung-zum-selber-kreieren","title":{"rendered":"Flower Loop DIY mit Trockenblumen \u00d8 ca. 40 cm mit Anleitung zum selber kreieren"},"content":{"rendered":"<p style=\"text-align: left;\"><strong>Flower Loop mit Trockenblumen DIY<\/strong><\/p>\n<p>&nbsp;<\/p>\n<p style=\"text-align: left;\">Trockenblumen sind total angesagt und haben jetzt ihren grossen Auftritt.<\/p>\n<p style=\"text-align: left;\">Einfach so verwelken? Das war einmal. Zeitgem\u00e4ss und neu interpretiert, erleben Trockenblumen dieses Jahr einen riesigen Aufschwung.<br \/>\nDies auch, weil sie der Inbegriff neuer Nachhaltigkeit sind.<\/p>\n<p style=\"text-align: left;\">Wie w\u00e4r\u2019s mit diesem wundersch\u00f6nen Wand-, T\u00fcr- oder Raumschmuck, f\u00fcr Ihr Zuhause oder als Geschenk? Hier zieren Trockenblumen in Weiss, Creme und Eukalyptusgr\u00fcn den Schwarzen Reifen. Ein edles Samtband in Creme dient zur Aufh\u00e4ngung.<\/p>\n<p style=\"text-align: left;\">Den Loop gilt es, selbst anzufertigen. Wir schicken Ihnen dazu eine Anleitung mit den verschiedenen Schritten. Kreativ zu arbeiten und einen Flower Loop zu kreieren, macht besonders Spass: f\u00fcrs Zuhause oder als passendes Geschenk.<\/p>\n<p style=\"text-align: left;\">Angaben zum Flower Loop: \u00d8 ca. 40 cm, mit stabilisierten Hortensien, Eukalyptus, Strohblumen, \u00c4hren usw.<\/p>\n<p style=\"text-align: left;\">Die Loops werden auf Bestellung vorbereitet und k\u00f6nnen in der Ausf\u00fchrung aufgrund der nat\u00fcrlichen Blumen leicht variieren.<\/p>\n<p>&nbsp;<\/p>\n<p><iframe title=\"DIY-Flower Loop  mit Trockenblumen\ud83c\udf38\" width=\"800\" height=\"450\" src=\"https:\/\/www.youtube.com\/embed\/hIC5PzwmJwo?feature=oembed&#038;enablejsapi=1&#038;origin=https:\/\/env-fleurophome-fhstage.kinsta.cloud\" frameborder=\"0\" allow=\"accelerometer; autoplay; clipboard-write; encrypted-media; gyroscope; picture-in-picture; web-share\" referrerpolicy=\"strict-origin-when-cross-origin\" allowfullscreen><\/iframe><\/p>\n","protected":false},"excerpt":{"rendered":"<p>Flower Loop DIY mit Trockenblumen \u00d8 ca. 40 cm mit Anleitung zum selber kreieren<\/p>\n","protected":false},"featured_media":14721,"template":"","meta":[],"product_brand":[],"product_cat":[117,23,1196,26,29],"product_tag":[294],"woo-feed-brand":[],"class_list":{"0":"post-14720","1":"product","2":"type-product","3":"status-publish","4":"has-post-thumbnail","6":"product_cat-trockenblumen","7":"product_cat-home-living","8":"product_cat-natur-deko","9":"product_cat-blumen-pflanzen","10":"product_cat-do-it-yourself","11":"product_tag-the-bloomery","13":"first","14":"instock","15":"featured","16":"taxable","17":"shipping-taxable","18":"purchasable","19":"product-type-simple"},"_links":{"self":[{"href":"https:\/\/fh-staging.vengo.cloud\/de-ch\/wp-json\/wp\/v2\/product\/14720","targetHints":{"allow":["GET"]}}],"collection":[{"href":"https:\/\/fh-staging.vengo.cloud\/de-ch\/wp-json\/wp\/v2\/product"}],"about":[{"href":"https:\/\/fh-staging.vengo.cloud\/de-ch\/wp-json\/wp\/v2\/types\/product"}],"wp:featuredmedia":[{"embeddable":true,"href":"https:\/\/fh-staging.vengo.cloud\/de-ch\/wp-json\/wp\/v2\/media\/14721"}],"wp:attachment":[{"href":"https:\/\/fh-staging.vengo.cloud\/de-ch\/wp-json\/wp\/v2\/media?parent=14720"}],"wp:term":[{"taxonomy":"product_brand","embeddable":true,"href":"https:\/\/fh-staging.vengo.cloud\/de-ch\/wp-json\/wp\/v2\/product_brand?post=14720"},{"taxonomy":"product_cat","embeddable":true,"href":"https:\/\/fh-staging.vengo.cloud\/de-ch\/wp-json\/wp\/v2\/product_cat?post=14720"},{"taxonomy":"product_tag","embeddable":true,"href":"https:\/\/fh-staging.vengo.cloud\/de-ch\/wp-json\/wp\/v2\/product_tag?post=14720"},{"taxonomy":"woo-feed-brand","embeddable":true,"href":"https:\/\/fh-staging.vengo.cloud\/de-ch\/wp-json\/wp\/v2\/woo-feed-brand?post=14720"}],"curies":[{"name":"wp","href":"https:\/\/api.w.org\/{rel}","templated":true}]}}