{"id":14518,"date":"2023-10-19T13:46:03","date_gmt":"2023-10-19T13:46:03","guid":{"rendered":"https:\/\/fh-staging.vengo.cloud\/?product=arrangement-mit-stabilisierter-ranunkel-in-tasche-1709047040"},"modified":"2025-04-01T05:13:32","modified_gmt":"2025-04-01T03:13:32","slug":"arrangement-mit-stabilisierter-ranunkel-in-tasche-1709047040","status":"publish","type":"product","link":"https:\/\/fh-staging.vengo.cloud\/de-ch\/p\/arrangement-mit-stabilisierter-ranunkel-in-tasche-1709047040","title":{"rendered":"Arrangement mit stabilisierter Ranunkel in Tasche"},"content":{"rendered":"<p style=\"text-align: left\"><strong>Ranunkel-Tasche:<\/strong>\u00a0Stabilisierte Ranunkel in Papiertasche mit weissen Punkten, ausgarniert mit kleinen Muscheln, Kunstperlen, Federn, Holzblumen, Weidenk\u00e4tzchen, Muehlenbeckia.<\/p>\n<p style=\"text-align: left\"><strong>Pflegehinweis:<\/strong> Stabilisierte Ranunkel, Mindesthaltbarkeit 2-3 Jahre. Darf nicht mit Wasser in Kontakt kommen, auch nicht an einem feuchten Ort platziert werden. Nicht an die Sonne stellen, sonst bleicht sie aus.<\/p>\n<p style=\"text-align: left\"><strong>Zu beachten ist:<\/strong> Die auf der Webseite gezeigte Farbe kann von der gelieferten leicht abweichen.<\/p>\n<p style=\"text-align: left\"><strong>Handarbeit:<\/strong> Jedes Werkst\u00fcck wird von einer Floristin hergestellt. Deshalb k\u00f6nnen leichte Verschiebungen in der Anordnung der Deko entstehen. F\u00fcr die Gestaltung werden Hilfsmittel verwendet, wie Holz, Muehlenbeckia, Draht, Leim, Steckmoos und \u00e4hnliches, welche auch leicht sichtbar sein k\u00f6nnen.<\/p>\n","protected":false},"excerpt":{"rendered":"<p>Farbe: Apricot-Lachs<br \/>\nBreite: 10,5cm \/ H\u00f6he: 18cm<\/p>\n","protected":false},"featured_media":14519,"template":"","meta":[],"product_brand":[],"product_cat":[102,23,107,26],"product_tag":[327],"woo-feed-brand":[],"class_list":{"0":"post-14518","1":"product","2":"type-product","3":"status-publish","4":"has-post-thumbnail","6":"product_cat-infinity-rosen","7":"product_cat-home-living","8":"product_cat-kunstblumen","9":"product_cat-blumen-pflanzen","10":"product_tag-blumen-jakob","12":"first","13":"instock","14":"taxable","15":"shipping-taxable","16":"purchasable","17":"product-type-simple"},"_links":{"self":[{"href":"https:\/\/fh-staging.vengo.cloud\/de-ch\/wp-json\/wp\/v2\/product\/14518","targetHints":{"allow":["GET"]}}],"collection":[{"href":"https:\/\/fh-staging.vengo.cloud\/de-ch\/wp-json\/wp\/v2\/product"}],"about":[{"href":"https:\/\/fh-staging.vengo.cloud\/de-ch\/wp-json\/wp\/v2\/types\/product"}],"wp:featuredmedia":[{"embeddable":true,"href":"https:\/\/fh-staging.vengo.cloud\/de-ch\/wp-json\/wp\/v2\/media\/14519"}],"wp:attachment":[{"href":"https:\/\/fh-staging.vengo.cloud\/de-ch\/wp-json\/wp\/v2\/media?parent=14518"}],"wp:term":[{"taxonomy":"product_brand","embeddable":true,"href":"https:\/\/fh-staging.vengo.cloud\/de-ch\/wp-json\/wp\/v2\/product_brand?post=14518"},{"taxonomy":"product_cat","embeddable":true,"href":"https:\/\/fh-staging.vengo.cloud\/de-ch\/wp-json\/wp\/v2\/product_cat?post=14518"},{"taxonomy":"product_tag","embeddable":true,"href":"https:\/\/fh-staging.vengo.cloud\/de-ch\/wp-json\/wp\/v2\/product_tag?post=14518"},{"taxonomy":"woo-feed-brand","embeddable":true,"href":"https:\/\/fh-staging.vengo.cloud\/de-ch\/wp-json\/wp\/v2\/woo-feed-brand?post=14518"}],"curies":[{"name":"wp","href":"https:\/\/api.w.org\/{rel}","templated":true}]}}