{"id":14482,"date":"2023-09-29T13:19:55","date_gmt":"2023-09-29T13:19:55","guid":{"rendered":"https:\/\/fh-staging.vengo.cloud\/?product=blumentasche-happy-birthday"},"modified":"2025-12-01T15:26:20","modified_gmt":"2025-12-01T14:26:20","slug":"blumentasche-happy-birthday","status":"publish","type":"product","link":"https:\/\/fh-staging.vengo.cloud\/de-ch\/p\/blumentasche-happy-birthday","title":{"rendered":"Blumentasche \u00abHappy Birthday\u00bb"},"content":{"rendered":"<p style=\"text-align: left;\"><span style=\"font-size: 10pt;\"><strong>Blumentaschen sind die dekorativen Trends der Saison.<\/strong><\/span><\/p>\n<p>Mit diesem trendigen Geschenk wird die \u00dcberraschung unvergesslich. Unsere Blumentasche ist mit trendigen Trockenblumen und Textilblumen gestaltet.<\/p>\n<p>Die Blumentasche kann als Geschenk, Wohnaccessoire oder als Tischdekoration verwendet werden. Die Trockenblumen und Textilblumen sind lange haltbar, und so kann die Blumentasche zur Dekoration das ganze Jahr wieder verwendet werden.<\/p>\n<p>\u2022\u00a0\u00a0 Die Blumentaschen mit Trockenblumen, Textilblumen &amp; Kunstmaterialien werden von uns individuell zusammengestellt und k\u00f6nnen deshalb in Anordnung und Farbe variieren.<\/p>\n<p>\u2022\u00a0\u00a0\u00a0 F\u00fcr die Gestaltung werden zum Teil auch montierte Dekomaterialien sowie als technische Hilfsmittel Holz, Draht, Leim, Bast und \u00e4hnliches verwendet, welche auch sichtbar sein k\u00f6nnen. Die Tasche ist aus Karton\/Papier gestaltet und kann durch den Klebevorgang auch Klebstoffschattierungen\/Reste und Druckstellen aufweisen.<\/p>\n<p style=\"text-align: left;\">Es sind auch stabilisierte Blumen\/Zweige enthalten. Durch das stabilisieren und einf\u00e4rben haben die Zweige eine Restfeuchtigkeit in den Bl\u00e4ttern und k\u00f6nnen Farbe an H\u00e4nde, Kleider etc. abgeben. Bitte sei vorsichtig!<\/p>\n<p style=\"text-align: left;\">Bitte vorsichtig auspacken und allenfalls die Blumen in der Blumentasche wieder etwas in Form bringen und zurechtr\u00fccken.<\/p>\n<p style=\"text-align: left;\"><strong>Bitte beachte:<\/strong><br \/>\nEs kann Unterschiede zwischen der abgebildeten Farbe auf der Webseite und der tats\u00e4chlichen Farbe geben. Dies aufgrund von Lichteinfall, Helligkeit des Monitors, Kontrasteinstellung etc. Ebenso die Anordnung \/ Zusammensetzung der Materialien und Dekoartikel.<\/p>\n<p>Masse der Blumentasche: L\u00e4nge 20cm\/Breite 9cm\/H\u00f6he 16 cm (H\u00f6he inkl. Blumen ca. 32 cm)<\/p>\n","protected":false},"excerpt":{"rendered":"<p>Hast Du schon eine so stilvolle Blumentasche aus Trocken-&amp; Textilblumen gesehen? Und da unsere Blumen wie ein Gesteck arrangiert werden, braucht man sich nicht mal um eine Vase zu k\u00fcmmern.<br \/>\nMasse der Blumentasche: L\u00e4nge 20cm\/Breite 9cm\/H\u00f6he 16 cm (H\u00f6he inkl. Blumen ca. 32 cm)<\/p>\n","protected":false},"featured_media":40398,"template":"","meta":[],"product_brand":[],"product_cat":[107,23,26,52,55],"product_tag":[290],"woo-feed-brand":[],"class_list":{"0":"post-14482","1":"product","2":"type-product","3":"status-publish","4":"has-post-thumbnail","6":"product_cat-kunstblumen","7":"product_cat-home-living","8":"product_cat-blumen-pflanzen","9":"product_cat-geschenke","10":"product_cat-blumige-geschenke","11":"product_tag-atelier-leutwyler","13":"first","14":"instock","15":"taxable","16":"shipping-taxable","17":"purchasable","18":"product-type-simple"},"_links":{"self":[{"href":"https:\/\/fh-staging.vengo.cloud\/de-ch\/wp-json\/wp\/v2\/product\/14482","targetHints":{"allow":["GET"]}}],"collection":[{"href":"https:\/\/fh-staging.vengo.cloud\/de-ch\/wp-json\/wp\/v2\/product"}],"about":[{"href":"https:\/\/fh-staging.vengo.cloud\/de-ch\/wp-json\/wp\/v2\/types\/product"}],"wp:featuredmedia":[{"embeddable":true,"href":"https:\/\/fh-staging.vengo.cloud\/de-ch\/wp-json\/wp\/v2\/media\/40398"}],"wp:attachment":[{"href":"https:\/\/fh-staging.vengo.cloud\/de-ch\/wp-json\/wp\/v2\/media?parent=14482"}],"wp:term":[{"taxonomy":"product_brand","embeddable":true,"href":"https:\/\/fh-staging.vengo.cloud\/de-ch\/wp-json\/wp\/v2\/product_brand?post=14482"},{"taxonomy":"product_cat","embeddable":true,"href":"https:\/\/fh-staging.vengo.cloud\/de-ch\/wp-json\/wp\/v2\/product_cat?post=14482"},{"taxonomy":"product_tag","embeddable":true,"href":"https:\/\/fh-staging.vengo.cloud\/de-ch\/wp-json\/wp\/v2\/product_tag?post=14482"},{"taxonomy":"woo-feed-brand","embeddable":true,"href":"https:\/\/fh-staging.vengo.cloud\/de-ch\/wp-json\/wp\/v2\/woo-feed-brand?post=14482"}],"curies":[{"name":"wp","href":"https:\/\/api.w.org\/{rel}","templated":true}]}}