{"id":14419,"date":"2023-09-22T15:15:05","date_gmt":"2023-09-22T15:15:05","guid":{"rendered":"https:\/\/fh-staging.vengo.cloud\/?product=verspielter-beistelltisch-still-life-o-46-cm"},"modified":"2025-12-01T10:29:25","modified_gmt":"2025-12-01T09:29:25","slug":"verspielter-beistelltisch-still-life-o-46-cm","status":"publish","type":"product","link":"https:\/\/fh-staging.vengo.cloud\/de-ch\/p\/verspielter-beistelltisch-still-life-o-46-cm","title":{"rendered":"Verspielter Beistelltisch &#8218;Still Life&#8216;, \u00d8 46 cm"},"content":{"rendered":"<p>Wir stellen Dir unseren beliebtesten Beistelltisch vor: Mit einem vielseitig einsetzbarem Durchmesser von 46 cm und einer H\u00f6he von 53 cm, besteht er aus einem hochwertigen Tablett aus Birkenholz und einem robusten Stahlgestell.<\/p>\n<p>Unsere Kombinationen von Tablett und Tischgestell sind ideal f\u00fcr den t\u00e4glichen Gebrauch als Sofa-, oder Beistelltisch und zum Unterhalten von G\u00e4sten. Mit dem abnehmbaren Tablett l\u00e4sst sich direkt servieren, oder das Design auswechseln; das zusammenklappbare Gestell l\u00e4sst sich bequem umpositionieren oder kompakt verstauen.<\/p>\n<p>Entworfen, um eine Atmosph\u00e4re der Eleganz und Ruhe zu schaffen, vereint &#8218;Still Life&#8216; harmonische Farbkompositionen und nat\u00fcrliche Motive. Dieses Design fasziniert und beruhigt zugleich, verwandelt Deine Umgebung in eine friedvolle Oase.<\/p>\n<p style=\"text-align: left\"><strong>Tablett<\/strong><\/p>\n<p style=\"text-align: left\"><em>Designer:<\/em> Andreas Frei\/HappyTrays<\/p>\n<p style=\"text-align: left\"><em>Material Tray:<\/em> Birkenfurnier, Melaminbeschichtung<\/p>\n<p style=\"text-align: left\"><em>Muster:<\/em>\u00a0Still Life<\/p>\n<p style=\"text-align: left\"><em>Form:<\/em>\u00a0Rund<\/p>\n<p style=\"text-align: left\"><em>Durchmesser:<\/em>\u00a0\u00d8 46 cm<\/p>\n<p style=\"text-align: left\"><strong>Tischgestell<\/strong><\/p>\n<p style=\"text-align: left\"><em>Material Tischgestell:<\/em>\u00a0Stahl, pulverbeschichtet, schwarz<\/p>\n<p style=\"text-align: left\"><em>H\u00f6he:<\/em>\u00a053 cm<\/p>\n","protected":false},"excerpt":{"rendered":"<p>Eleganter Beistelltisch mit Tablett aus Birkenholz in limitierter Auflage und Tischgestell aus Stahl. Entworfen in der Schweiz, handgefertigt in Schweden. \u00d8 46 cm<\/p>\n","protected":false},"featured_media":36114,"template":"","meta":[],"product_brand":[],"product_cat":[23,1192,30,34,35],"product_tag":[314],"woo-feed-brand":[],"class_list":{"0":"post-14419","1":"product","2":"type-product","3":"status-publish","4":"has-post-thumbnail","6":"product_cat-home-living","7":"product_cat-hocker-beistelltische","8":"product_cat-deko-accessoires","9":"product_cat-garten-balkon","10":"product_cat-gartendeko","11":"product_tag-happytrays","13":"first","14":"instock","15":"taxable","16":"shipping-taxable","17":"purchasable","18":"product-type-simple"},"_links":{"self":[{"href":"https:\/\/fh-staging.vengo.cloud\/de-ch\/wp-json\/wp\/v2\/product\/14419","targetHints":{"allow":["GET"]}}],"collection":[{"href":"https:\/\/fh-staging.vengo.cloud\/de-ch\/wp-json\/wp\/v2\/product"}],"about":[{"href":"https:\/\/fh-staging.vengo.cloud\/de-ch\/wp-json\/wp\/v2\/types\/product"}],"wp:featuredmedia":[{"embeddable":true,"href":"https:\/\/fh-staging.vengo.cloud\/de-ch\/wp-json\/wp\/v2\/media\/36114"}],"wp:attachment":[{"href":"https:\/\/fh-staging.vengo.cloud\/de-ch\/wp-json\/wp\/v2\/media?parent=14419"}],"wp:term":[{"taxonomy":"product_brand","embeddable":true,"href":"https:\/\/fh-staging.vengo.cloud\/de-ch\/wp-json\/wp\/v2\/product_brand?post=14419"},{"taxonomy":"product_cat","embeddable":true,"href":"https:\/\/fh-staging.vengo.cloud\/de-ch\/wp-json\/wp\/v2\/product_cat?post=14419"},{"taxonomy":"product_tag","embeddable":true,"href":"https:\/\/fh-staging.vengo.cloud\/de-ch\/wp-json\/wp\/v2\/product_tag?post=14419"},{"taxonomy":"woo-feed-brand","embeddable":true,"href":"https:\/\/fh-staging.vengo.cloud\/de-ch\/wp-json\/wp\/v2\/woo-feed-brand?post=14419"}],"curies":[{"name":"wp","href":"https:\/\/api.w.org\/{rel}","templated":true}]}}