{"id":14400,"date":"2023-09-22T13:56:01","date_gmt":"2023-09-22T13:56:01","guid":{"rendered":"https:\/\/fh-staging.vengo.cloud\/?product=tablett-aus-birkenholz-still-life-two-o-39-cm"},"modified":"2025-12-10T11:08:29","modified_gmt":"2025-12-10T10:08:29","slug":"tablett-aus-birkenholz-still-life-two-o-39-cm","status":"publish","type":"product","link":"https:\/\/fh-staging.vengo.cloud\/de-ch\/p\/tablett-aus-birkenholz-still-life-two-o-39-cm","title":{"rendered":"Tablett aus Birkenholz &#171;Still Life Two&#187;, \u00d8 39 cm"},"content":{"rendered":"<p>Entworfen, um eine Atmosph\u00e4re der Eleganz und Ruhe zu schaffen, vereint &#8218;Still Life&#8216; harmonische Farbkompositionen und nat\u00fcrliche Motive. Dieses Design fasziniert und beruhigt zugleich, verwandelt Deine Umgebung in eine friedvolle Oase.<\/p>\n<p>Dieses vielseitige St\u00fcck wird gerne als Serviertablett, Kunstwerk oder als praktischer Beistelltisch genutzt. Jedes Tablett wird in Schweden aus hochwertigem, nachhaltigem Birkenfurnier handgefertigt und ist f\u00fcr regelm\u00e4ssigen und intensiven Gebrauch konzipiert.<\/p>\n<p>Erg\u00e4nze Dein Zuhause mit diesem harmonischen Tablett, oder mache jemandem ein besonderes Geschenk.<\/p>\n<p style=\"text-align: left\"><em>Designer:<\/em> Andreas Frei\/HappyTrays<\/p>\n<p style=\"text-align: left\"><em>Material:<\/em> Birkenfurnier, Melaminbeschichtung<\/p>\n<p style=\"text-align: left\"><em>Muster:<\/em>\u00a0Still Life Two<\/p>\n<p style=\"text-align: left\"><em>Form:<\/em>\u00a0Rund<\/p>\n<p style=\"text-align: left\"><em>Durchmesser:<\/em>\u00a0\u00d8 39 cm<\/p>\n","protected":false},"excerpt":{"rendered":"<p>Hochwertiges Tablett aus nachhaltigem Birkenholz mit lebendigem Design in limitierter Auflage. Entworfen in der Schweiz, handgefertigt in Schweden. \u00d8 39 cm.<\/p>\n","protected":false},"featured_media":36067,"template":"","meta":[],"product_brand":[],"product_cat":[1108,984,994,909,1179,911,42,1104,43],"product_tag":[314],"woo-feed-brand":[],"class_list":{"0":"post-14400","1":"product","2":"type-product","3":"status-publish","4":"has-post-thumbnail","6":"product_cat-tabletts","7":"product_cat-silvester","8":"product_cat-silvestertisch","9":"product_cat-weihnachten","10":"product_cat-weihnachtsdeko","11":"product_cat-accessoires","12":"product_cat-kueche","13":"product_cat-tischakzente","14":"product_cat-gedeckter-tisch","15":"product_tag-happytrays","17":"first","18":"instock","19":"taxable","20":"shipping-taxable","21":"purchasable","22":"product-type-simple"},"_links":{"self":[{"href":"https:\/\/fh-staging.vengo.cloud\/de-ch\/wp-json\/wp\/v2\/product\/14400","targetHints":{"allow":["GET"]}}],"collection":[{"href":"https:\/\/fh-staging.vengo.cloud\/de-ch\/wp-json\/wp\/v2\/product"}],"about":[{"href":"https:\/\/fh-staging.vengo.cloud\/de-ch\/wp-json\/wp\/v2\/types\/product"}],"wp:featuredmedia":[{"embeddable":true,"href":"https:\/\/fh-staging.vengo.cloud\/de-ch\/wp-json\/wp\/v2\/media\/36067"}],"wp:attachment":[{"href":"https:\/\/fh-staging.vengo.cloud\/de-ch\/wp-json\/wp\/v2\/media?parent=14400"}],"wp:term":[{"taxonomy":"product_brand","embeddable":true,"href":"https:\/\/fh-staging.vengo.cloud\/de-ch\/wp-json\/wp\/v2\/product_brand?post=14400"},{"taxonomy":"product_cat","embeddable":true,"href":"https:\/\/fh-staging.vengo.cloud\/de-ch\/wp-json\/wp\/v2\/product_cat?post=14400"},{"taxonomy":"product_tag","embeddable":true,"href":"https:\/\/fh-staging.vengo.cloud\/de-ch\/wp-json\/wp\/v2\/product_tag?post=14400"},{"taxonomy":"woo-feed-brand","embeddable":true,"href":"https:\/\/fh-staging.vengo.cloud\/de-ch\/wp-json\/wp\/v2\/woo-feed-brand?post=14400"}],"curies":[{"name":"wp","href":"https:\/\/api.w.org\/{rel}","templated":true}]}}