{"id":14225,"date":"2023-09-08T17:00:08","date_gmt":"2023-09-08T17:00:08","guid":{"rendered":"https:\/\/fh-staging.vengo.cloud\/?product=nephrolepis-schwertfarn-in-edler-samtbox-o-24cm-h-45cm"},"modified":"2025-04-01T05:21:36","modified_gmt":"2025-04-01T03:21:36","slug":"nephrolepis-schwertfarn-in-edler-samtbox-o-24cm-h-45cm","status":"publish","type":"product","link":"https:\/\/fh-staging.vengo.cloud\/de-ch\/p\/nephrolepis-schwertfarn-in-edler-samtbox-o-24cm-h-45cm","title":{"rendered":"Nephrolepis \/ Schwertfarn in edler Samtbox \u00f8: 24cm H: 45cm"},"content":{"rendered":"<p style=\"text-align: left\"><span class=\"s4\">Nephrolepis \/ Schwertfarn\u00a0in einer wundersch\u00f6nen dunkelgr\u00fcnen\u00a0<\/span><span class=\"s4\">Samtbox<\/span><span class=\"s4\">.\u00a0<\/span><span class=\"s4\">Eine\u00a0<\/span><span class=\"s4\">dekorative\u00a0<\/span><span class=\"s4\">und\u00a0<\/span><span class=\"s4\">aus dem Rahmen fallende\u00a0<\/span><span class=\"s4\">Alternative<\/span><span class=\"s4\">\u00a0z<\/span><span class=\"s4\">u einem gew\u00f6hnlichen Pflanzgef\u00e4ss.<\/span><\/p>\n<p style=\"text-align: left\"><span class=\"s4\">Die Pflanze\u00a0<\/span><span class=\"s4\">wurde<\/span><span class=\"s4\">\u00a0in einem Plastiktopf in die Box gestellt<\/span><span class=\"s4\">. Dadurch hat man\u00a0<\/span><span class=\"s4\">die M\u00f6glichkeit<\/span><span class=\"s4\">,<\/span><span class=\"s4\">\u00a0nach dem\u00a0<\/span><span class=\"s4\">G<\/span><span class=\"s4\">i<\/span><span class=\"s4\">essen\u00a0<\/span><span class=\"s4\">S<\/span><span class=\"s4\">taun\u00e4sse zu vermeiden. Ein wasserdichtes Innengef\u00e4ss verhinder<\/span><span class=\"s4\">t<\/span><span class=\"s4\">,<\/span><span class=\"s4\">\u00a0das Wasser ausl\u00e4uft und \/ oder die Box feucht wird.<\/span><\/p>\n<p style=\"text-align: left\"><span class=\"s4\">Die Pflanze kann bei Bedarf ausgetauscht oder in ein gr\u00f6sseres Innengef\u00e4ss gepflanzt werden. Die Pflanze ben\u00f6tigt\u00a0<\/span><span class=\"s4\">1-<\/span><span class=\"s4\">m<\/span><span class=\"s4\">al<\/span><span class=\"s4\">\u00a0<\/span><span class=\"s4\">w\u00f6chentlich <\/span><span class=\"s4\">ein Wasserbad.<\/span><\/p>\n<p style=\"text-align: left\"><span class=\"s4\">Angaben zur Pflanzenbox: Durchmesser Bo<\/span><span class=\"s4\">x<\/span><span class=\"s4\">\u00a024cm<\/span><span class=\"s4\">,<\/span><span class=\"s4\">\u00a0<\/span><span class=\"s4\">H<\/span><span class=\"s4\">\u00f6he inklusive Pflanze ca.\u00a045cm<\/span><\/p>\n","protected":false},"excerpt":{"rendered":"<p>Nephrolepis \/ Schwertfarn in edler Samtbox \u00f8: 24cm H: 45cm<\/p>\n","protected":false},"featured_media":14226,"template":"","meta":[],"product_brand":[],"product_cat":[118,23,26],"product_tag":[294],"woo-feed-brand":[],"class_list":{"0":"post-14225","1":"product","2":"type-product","3":"status-publish","4":"has-post-thumbnail","6":"product_cat-zimmerpflanzen","7":"product_cat-home-living","8":"product_cat-blumen-pflanzen","9":"product_tag-the-bloomery","11":"first","12":"instock","13":"taxable","14":"shipping-taxable","15":"purchasable","16":"product-type-simple"},"_links":{"self":[{"href":"https:\/\/fh-staging.vengo.cloud\/de-ch\/wp-json\/wp\/v2\/product\/14225","targetHints":{"allow":["GET"]}}],"collection":[{"href":"https:\/\/fh-staging.vengo.cloud\/de-ch\/wp-json\/wp\/v2\/product"}],"about":[{"href":"https:\/\/fh-staging.vengo.cloud\/de-ch\/wp-json\/wp\/v2\/types\/product"}],"wp:featuredmedia":[{"embeddable":true,"href":"https:\/\/fh-staging.vengo.cloud\/de-ch\/wp-json\/wp\/v2\/media\/14226"}],"wp:attachment":[{"href":"https:\/\/fh-staging.vengo.cloud\/de-ch\/wp-json\/wp\/v2\/media?parent=14225"}],"wp:term":[{"taxonomy":"product_brand","embeddable":true,"href":"https:\/\/fh-staging.vengo.cloud\/de-ch\/wp-json\/wp\/v2\/product_brand?post=14225"},{"taxonomy":"product_cat","embeddable":true,"href":"https:\/\/fh-staging.vengo.cloud\/de-ch\/wp-json\/wp\/v2\/product_cat?post=14225"},{"taxonomy":"product_tag","embeddable":true,"href":"https:\/\/fh-staging.vengo.cloud\/de-ch\/wp-json\/wp\/v2\/product_tag?post=14225"},{"taxonomy":"woo-feed-brand","embeddable":true,"href":"https:\/\/fh-staging.vengo.cloud\/de-ch\/wp-json\/wp\/v2\/woo-feed-brand?post=14225"}],"curies":[{"name":"wp","href":"https:\/\/api.w.org\/{rel}","templated":true}]}}