{"id":14201,"date":"2023-09-01T11:39:49","date_gmt":"2023-09-01T11:39:49","guid":{"rendered":"https:\/\/fh-staging.vengo.cloud\/?product=lily-die-superhasin"},"modified":"2025-04-01T05:21:39","modified_gmt":"2025-04-01T03:21:39","slug":"lily-die-superhasin","status":"publish","type":"product","link":"https:\/\/fh-staging.vengo.cloud\/de-ch\/p\/lily-die-superhasin","title":{"rendered":"Lily &#8211; die Superh\u00e4sin (rechts)"},"content":{"rendered":"<p><strong>Pflegeinformation<\/strong><\/p>\n<ul>\n<li>Waschbar<\/li>\n<li>Handw\u00e4sche<\/li>\n<\/ul>\n<p><strong>Masse<\/strong><\/p>\n<ul>\n<li>40\u00a0cm<\/li>\n<\/ul>\n<p><strong>Sicherheit &amp; Zertifizierung<\/strong><\/p>\n<ul>\n<li>Sicherheitskennzeichen: kindersicher nach CE-Norm<\/li>\n<\/ul>\n<p><strong>Material<\/strong><\/p>\n<ul>\n<li>kuschelweicher Pl\u00fcsch<\/li>\n<\/ul>\n","protected":false},"excerpt":{"rendered":"<p>Ein Kuschelhase der superlativen Art!<br \/>\nLily, die Superh\u00e4sin von Bukowski, ist \u00e4usserst s\u00fcss und kuschelig!<\/p>\n","protected":false},"featured_media":35703,"template":"","meta":[],"product_brand":[],"product_cat":[62,59],"product_tag":[305],"woo-feed-brand":[],"class_list":{"0":"post-14201","1":"product","2":"type-product","3":"status-publish","4":"has-post-thumbnail","6":"product_cat-spielzeug","7":"product_cat-kids","8":"product_tag-the-white-panther-die-schonen-dinge-des-lebens","10":"first","11":"instock","12":"taxable","13":"shipping-taxable","14":"purchasable","15":"product-type-simple"},"_links":{"self":[{"href":"https:\/\/fh-staging.vengo.cloud\/de-ch\/wp-json\/wp\/v2\/product\/14201","targetHints":{"allow":["GET"]}}],"collection":[{"href":"https:\/\/fh-staging.vengo.cloud\/de-ch\/wp-json\/wp\/v2\/product"}],"about":[{"href":"https:\/\/fh-staging.vengo.cloud\/de-ch\/wp-json\/wp\/v2\/types\/product"}],"wp:featuredmedia":[{"embeddable":true,"href":"https:\/\/fh-staging.vengo.cloud\/de-ch\/wp-json\/wp\/v2\/media\/35703"}],"wp:attachment":[{"href":"https:\/\/fh-staging.vengo.cloud\/de-ch\/wp-json\/wp\/v2\/media?parent=14201"}],"wp:term":[{"taxonomy":"product_brand","embeddable":true,"href":"https:\/\/fh-staging.vengo.cloud\/de-ch\/wp-json\/wp\/v2\/product_brand?post=14201"},{"taxonomy":"product_cat","embeddable":true,"href":"https:\/\/fh-staging.vengo.cloud\/de-ch\/wp-json\/wp\/v2\/product_cat?post=14201"},{"taxonomy":"product_tag","embeddable":true,"href":"https:\/\/fh-staging.vengo.cloud\/de-ch\/wp-json\/wp\/v2\/product_tag?post=14201"},{"taxonomy":"woo-feed-brand","embeddable":true,"href":"https:\/\/fh-staging.vengo.cloud\/de-ch\/wp-json\/wp\/v2\/woo-feed-brand?post=14201"}],"curies":[{"name":"wp","href":"https:\/\/api.w.org\/{rel}","templated":true}]}}