{"id":14168,"date":"2023-08-31T14:49:08","date_gmt":"2023-08-31T14:49:08","guid":{"rendered":"https:\/\/fh-staging.vengo.cloud\/?product=essig-nr-24-morgenrote-erdbeere-rhabarber"},"modified":"2025-05-12T13:45:32","modified_gmt":"2025-05-12T11:45:32","slug":"essig-nr-24-morgenrote-erdbeere-rhabarber","status":"publish","type":"product","link":"https:\/\/fh-staging.vengo.cloud\/de-ch\/p\/essig-nr-24-morgenrote-erdbeere-rhabarber","title":{"rendered":"Essig Nr. 24 &#8211; Morgenr\u00f6te (Erdbeere-Rhabarber)"},"content":{"rendered":"<p><strong>F\u00fcr Lebensk\u00fcnstler und\u00a0Experimentierer!<\/strong><br \/>\nEdel-Essige mit speziellsten Geschm\u00e4ckern zur Veredelung von Salaten und vielem mehr!<\/p>\n<p><strong>Warum 24?<\/strong><br \/>\nEin altes G\u00e4rtnersprichwort besagt, dass nach dem 24. Juni (Johannistag) kein Rhabarber geerntet werden darf. Der Grund daf\u00fcr ist, dass danach der Gehalt an Oxals\u00e4ure, die in grossen Mengen giftig ist, stark ansteigt.<\/p>\n<ul>\n<li style=\"text-align: left\">S\u00e4uregehalt 3%<\/li>\n<li style=\"text-align: left\">Essigtyp Aceto<\/li>\n<li style=\"text-align: left\">Zutaten\u00a0Weissweinessig, Erdbeerkonzentrat, Rhabarbersaft,\u00a0Zucker, nat\u00fcrliche Aromen.<\/li>\n<li style=\"text-align: left\">Inhalt: 200 ml<\/li>\n<li style=\"text-align: left\">Besonders geeignet f\u00fcr &#8230;\n<ul>\n<li>Betr\u00e4ufeln von versch. K\u00e4sesorten<\/li>\n<li>Abschmecken von Salatsaucen<\/li>\n<li>Verzieren und Abschmecken von Desserts (Eis, versch. Cremen und S\u00fcssgeb\u00e4ck)<\/li>\n<li>Betr\u00e4ufeln von angerichteten Salattellern (Blattsalat, Feldsalat, Rucola usw.)<\/li>\n<\/ul>\n<\/li>\n<li style=\"text-align: left\">100ml enthalten durchschnittlich:<br \/>\n<table>\n<tbody>\n<tr>\n<td>Brennwert<\/td>\n<td>917kJ\/218,4kcal<\/td>\n<\/tr>\n<tr>\n<td>Fett<\/td>\n<td>1,3g<\/td>\n<\/tr>\n<tr>\n<td>davon ges\u00e4ttigte Fetts\u00e4uren<\/td>\n<td>0g<\/td>\n<\/tr>\n<tr>\n<td>Kohlenhydrate<\/td>\n<td>67,89g<\/td>\n<\/tr>\n<tr>\n<td>davon Zucker<\/td>\n<td>58g<\/td>\n<\/tr>\n<tr>\n<td>Eiwei\u00df<\/td>\n<td>0g<\/td>\n<\/tr>\n<tr>\n<td>Salz<\/td>\n<td>0g<\/td>\n<\/tr>\n<tr>\n<td>Ballaststoffe<\/td>\n<td>0g<\/td>\n<\/tr>\n<tr>\n<td>Allergene:<\/td>\n<td>Enth\u00e4lt Sulfite<\/td>\n<\/tr>\n<\/tbody>\n<\/table>\n<\/li>\n<\/ul>\n","protected":false},"excerpt":{"rendered":"<p>Edel-Essige mit speziellsten Geschm\u00e4ckern zur Veredelung von Salaten und vielem mehr!<\/p>\n","protected":false},"featured_media":14169,"template":"","meta":[],"product_brand":[],"product_cat":[47,1091,1088,42,111,885,52,54],"product_tag":[305],"woo-feed-brand":[],"class_list":{"0":"post-14168","1":"product","2":"type-product","3":"status-publish","4":"has-post-thumbnail","6":"product_cat-kuechenaromen","7":"product_cat-hobbykoch","8":"product_cat-vatertag","9":"product_cat-kueche","10":"product_cat-saucen","11":"product_cat-koestlichkeiten","12":"product_cat-geschenke","13":"product_cat-feinkost","14":"product_tag-the-white-panther-die-schonen-dinge-des-lebens","16":"first","17":"instock","18":"taxable","19":"shipping-taxable","20":"purchasable","21":"product-type-simple"},"_links":{"self":[{"href":"https:\/\/fh-staging.vengo.cloud\/de-ch\/wp-json\/wp\/v2\/product\/14168","targetHints":{"allow":["GET"]}}],"collection":[{"href":"https:\/\/fh-staging.vengo.cloud\/de-ch\/wp-json\/wp\/v2\/product"}],"about":[{"href":"https:\/\/fh-staging.vengo.cloud\/de-ch\/wp-json\/wp\/v2\/types\/product"}],"wp:featuredmedia":[{"embeddable":true,"href":"https:\/\/fh-staging.vengo.cloud\/de-ch\/wp-json\/wp\/v2\/media\/14169"}],"wp:attachment":[{"href":"https:\/\/fh-staging.vengo.cloud\/de-ch\/wp-json\/wp\/v2\/media?parent=14168"}],"wp:term":[{"taxonomy":"product_brand","embeddable":true,"href":"https:\/\/fh-staging.vengo.cloud\/de-ch\/wp-json\/wp\/v2\/product_brand?post=14168"},{"taxonomy":"product_cat","embeddable":true,"href":"https:\/\/fh-staging.vengo.cloud\/de-ch\/wp-json\/wp\/v2\/product_cat?post=14168"},{"taxonomy":"product_tag","embeddable":true,"href":"https:\/\/fh-staging.vengo.cloud\/de-ch\/wp-json\/wp\/v2\/product_tag?post=14168"},{"taxonomy":"woo-feed-brand","embeddable":true,"href":"https:\/\/fh-staging.vengo.cloud\/de-ch\/wp-json\/wp\/v2\/woo-feed-brand?post=14168"}],"curies":[{"name":"wp","href":"https:\/\/api.w.org\/{rel}","templated":true}]}}