{"id":14157,"date":"2023-08-31T11:58:24","date_gmt":"2023-08-31T11:58:24","guid":{"rendered":"https:\/\/fh-staging.vengo.cloud\/?product=essig-nr-12-sudseeballade-feige-dattel"},"modified":"2025-12-10T10:41:26","modified_gmt":"2025-12-10T09:41:26","slug":"essig-nr-12-sudseeballade-feige-dattel","status":"publish","type":"product","link":"https:\/\/fh-staging.vengo.cloud\/de-ch\/p\/essig-nr-12-sudseeballade-feige-dattel","title":{"rendered":"Essig Nr. 12 &#8211; S\u00fcdseeballade (Feige-Dattel)"},"content":{"rendered":"<p><strong>F\u00fcr Lebensk\u00fcnstler und Experimentierer!<\/strong><br \/>\nEdel-Essige mit speziellsten Geschm\u00e4ckern zur Veredelung von Salaten und vielem mehr!<\/p>\n<p><strong>Warum 12?<\/strong><br \/>\nDa die Dattelpalme 12 neue Dattelstauden pro Jahr wachsen l\u00e4sst, benutzte man im alten \u00c4gypten die Darstellung einer Dattelpalme als Hieroglyphensymbol f\u00fcr &#171;ein Jahr&#187;.<\/p>\n<ul>\n<li style=\"text-align: left;\">S\u00e4uregehalt 3%<\/li>\n<li style=\"text-align: left;\">Essigtyp Aceto<\/li>\n<li style=\"text-align: left;\">Zutaten Essig Feige-Dattel: Feigenmark,\u00a0Dattelsirup,\u00a0Branntweinessig,\u00a0Weissweinessig,\u00a0Balsamico\u00a0di Modena, Wasser, Zucker,\u00a0Traubenkonzentrat,\u00a0nat\u00fcrliche\u00a0Aromen.\u00a0Enth\u00e4lt Sulfite.<\/li>\n<\/ul>\n<ul>\n<li style=\"text-align: left;\">Inhalt: 200 ml<\/li>\n<li style=\"text-align: left;\">Besonders geeignet f\u00fcr &#8230;\n<ul>\n<li>Betr\u00e4ufeln von versch. K\u00e4sesorten<\/li>\n<li>Abschmecken von Salatsaucen<\/li>\n<li>Verzieren und Abschmecken von Desserts (Eis, versch. Cremen und S\u00fcssgeb\u00e4ck)<\/li>\n<li>Betr\u00e4ufeln von angerichteten Salattellern (Blattsalat, Feldsalat, Rucola usw..)<\/li>\n<\/ul>\n<\/li>\n<li style=\"text-align: left;\">100ml enthalten durchschnittlich:<br \/>\n<table>\n<tbody>\n<tr>\n<td>Brennwert<\/td>\n<td>1113kJ\/265,1kcal<\/td>\n<\/tr>\n<tr>\n<td>Fett<\/td>\n<td>0,05g<\/td>\n<\/tr>\n<tr>\n<td>davon ges\u00e4ttigte Fetts\u00e4uren<\/td>\n<td>0,05g<\/td>\n<\/tr>\n<tr>\n<td>Kohlenhydrate<\/td>\n<td>63,70g<\/td>\n<\/tr>\n<tr>\n<td>davon Zucker<\/td>\n<td>62,40g<\/td>\n<\/tr>\n<tr>\n<td>Eiweiss<\/td>\n<td>0,23g<\/td>\n<\/tr>\n<tr>\n<td>Salz<\/td>\n<td>0g<\/td>\n<\/tr>\n<tr>\n<td>Ballaststoffe<\/td>\n<td>7,7g<\/td>\n<\/tr>\n<tr>\n<td>Allergene:<\/td>\n<td>Enth\u00e4lt Sulfite<\/td>\n<\/tr>\n<\/tbody>\n<\/table>\n<\/li>\n<\/ul>\n","protected":false},"excerpt":{"rendered":"<p>Edel-Essige mit speziellsten Geschm\u00e4ckern zur Veredelung von Salaten und vielem mehr!<\/p>\n","protected":false},"featured_media":14158,"template":"","meta":[],"product_brand":[],"product_cat":[47,995,1091,1019,1018,984,1088,42,111,885,52,54],"product_tag":[305],"woo-feed-brand":[],"class_list":{"0":"post-14157","1":"product","2":"type-product","3":"status-publish","4":"has-post-thumbnail","6":"product_cat-kuechenaromen","7":"product_cat-essen-trinken","8":"product_cat-hobbykoch","9":"product_cat-osterbrunch","10":"product_cat-ostern","11":"product_cat-silvester","12":"product_cat-vatertag","13":"product_cat-kueche","14":"product_cat-saucen","15":"product_cat-koestlichkeiten","16":"product_cat-geschenke","17":"product_cat-feinkost","18":"product_tag-the-white-panther-die-schonen-dinge-des-lebens","20":"first","21":"instock","22":"featured","23":"taxable","24":"shipping-taxable","25":"purchasable","26":"product-type-simple"},"_links":{"self":[{"href":"https:\/\/fh-staging.vengo.cloud\/de-ch\/wp-json\/wp\/v2\/product\/14157","targetHints":{"allow":["GET"]}}],"collection":[{"href":"https:\/\/fh-staging.vengo.cloud\/de-ch\/wp-json\/wp\/v2\/product"}],"about":[{"href":"https:\/\/fh-staging.vengo.cloud\/de-ch\/wp-json\/wp\/v2\/types\/product"}],"wp:featuredmedia":[{"embeddable":true,"href":"https:\/\/fh-staging.vengo.cloud\/de-ch\/wp-json\/wp\/v2\/media\/14158"}],"wp:attachment":[{"href":"https:\/\/fh-staging.vengo.cloud\/de-ch\/wp-json\/wp\/v2\/media?parent=14157"}],"wp:term":[{"taxonomy":"product_brand","embeddable":true,"href":"https:\/\/fh-staging.vengo.cloud\/de-ch\/wp-json\/wp\/v2\/product_brand?post=14157"},{"taxonomy":"product_cat","embeddable":true,"href":"https:\/\/fh-staging.vengo.cloud\/de-ch\/wp-json\/wp\/v2\/product_cat?post=14157"},{"taxonomy":"product_tag","embeddable":true,"href":"https:\/\/fh-staging.vengo.cloud\/de-ch\/wp-json\/wp\/v2\/product_tag?post=14157"},{"taxonomy":"woo-feed-brand","embeddable":true,"href":"https:\/\/fh-staging.vengo.cloud\/de-ch\/wp-json\/wp\/v2\/woo-feed-brand?post=14157"}],"curies":[{"name":"wp","href":"https:\/\/api.w.org\/{rel}","templated":true}]}}