{"id":14143,"date":"2023-08-29T17:30:24","date_gmt":"2023-08-29T17:30:24","guid":{"rendered":"https:\/\/fh-staging.vengo.cloud\/?product=phalaris-trockenblumenstrauss-kanarien-glanzgras-orange"},"modified":"2025-04-01T05:22:15","modified_gmt":"2025-04-01T03:22:15","slug":"phalaris-trockenblumenstrauss-kanarien-glanzgras-orange","status":"publish","type":"product","link":"https:\/\/fh-staging.vengo.cloud\/de-ch\/p\/phalaris-trockenblumenstrauss-kanarien-glanzgras-orange","title":{"rendered":"Phalaris Trockenblumenstrauss Kanarien-Glanzgras orange"},"content":{"rendered":"<h3>Trockenblumen<br \/>\nDer neue Interior-Trend<\/h3>\n<p>In diesem Jahr sieht man getrocknete Zweige und Blumen h\u00e4ufiger denn je.<br \/>\nSie sind nicht nur eine Herbstdeko, sondern verspr\u00fchen auch im Sommer ihren ganzen Zauber:<br \/>\nBlumen als getrocknete Variante sind sehr angesagt.<br \/>\nOb als Tischdeko oder opulent in gro\u00dfen Vasen platziert \u2500 Trockenblumen machen sich einzeln und im bunten Bouquet einfach herrlich.<br \/>\nDer riesengrosse Vorteil im Vergleich zu frischen Blumen: Trockenblumen-Deko h\u00e4lt und h\u00e4lt und h\u00e4lt.<\/p>\n<p>Der Preis bezieht sich pro Bund ohne Vase.<\/p>\n<p><strong>Bitte beachten Sie:<\/strong><br \/>\n\u2022\u00a0\u00a0 \u00a0Packen Sie die Trockenblumen bitte vorsichtig aus dem Papier. Getrocknete Zweige sind leichter br\u00fcchig als noch im gr\u00fcnen Zustand.<\/p>\n<p>\u2022\u00a0\u00a0 \u00a0Trockenblumen sind ein Naturprodukt und die Str\u00e4usse \/ Einzelblumen werden saisonal individuell zusammengestellt und k\u00f6nnen so in Blumenwahl, Anordnung und Farbe variieren.<\/p>\n<p>\u2022\u00a0\u00a0 M\u00f6chten Sie den Strauss etwas luftiger um ihn in eine Vase zu stellen, so schneiden Sie ganz einfach die Bindestelle auf und gestalten die Trockenblumen locker nach Ihren W\u00fcnschen.<\/p>\n<p>\u2022\u00a0\u00a0Je nach Luftfeuchtigkeit k\u00f6nnen Trockenblumen auch etwas weich in Stiel oder Bl\u00fcte werden. M\u00f6chten Sie dass die Stiele und Bl\u00fcten sich soweit m\u00f6glich wieder etwas strecken, h\u00e4ngen sie die Trockenblumen mit der Bl\u00fcte nach unten an einem trocken Ort auf.<\/p>\n<p>\u2022\u00a0\u00a0 \u00a0F\u00fcr die Gestaltung werden zum Teil auch montierte Decoblumen sowie als technische Hilfsmittel Draht, Spaltbambus, Leim, Bast, Gummiband und \u00e4hnliches verwendet welche auch sichtbar sein k\u00f6nnen. Unsere Trockenblumen werden erg\u00e4nzend teilweise gebleicht oder eingef\u00e4rbt. Die im Musterstrauss (Foto) verwendetet Farbe sowie die L\u00e4nge der Stiele kann so auch von Strauss zu Strauss variieren. Ebenso das f\u00fcr die Verpackung verwendete Papier.<\/p>\n<p>\u2022\u00a0\u00a0 \u00a0Es k\u00f6nnte Unterschiede zwischen der abgebildeten Farbe auf der Webseite und der tats\u00e4chlichen Farbe geben, dies aufgrund von Lichteinfall, Helligkeit des Monitors, Kontrasteinstellung etc.<\/p>\n","protected":false},"excerpt":{"rendered":"<p>Trockenblumen &#8211; Der neue Interior-Trend;Phalaris Trockenblumenstrauss Kanarien-Glanzgras orange \/ Bund \u00d8 ca.10cm, L ca.50 cm \/ ca. 30g.<br \/>\nIdeal auch zum kombinieren mit andern Trockenblumen aus unserem Sortiment.<\/p>\n","protected":false},"featured_media":14144,"template":"","meta":[],"product_brand":[],"product_cat":[117,23,26],"product_tag":[290],"woo-feed-brand":[],"class_list":{"0":"post-14143","1":"product","2":"type-product","3":"status-publish","4":"has-post-thumbnail","6":"product_cat-trockenblumen","7":"product_cat-home-living","8":"product_cat-blumen-pflanzen","9":"product_tag-atelier-leutwyler","11":"first","12":"instock","13":"taxable","14":"shipping-taxable","15":"purchasable","16":"product-type-simple"},"_links":{"self":[{"href":"https:\/\/fh-staging.vengo.cloud\/de-ch\/wp-json\/wp\/v2\/product\/14143","targetHints":{"allow":["GET"]}}],"collection":[{"href":"https:\/\/fh-staging.vengo.cloud\/de-ch\/wp-json\/wp\/v2\/product"}],"about":[{"href":"https:\/\/fh-staging.vengo.cloud\/de-ch\/wp-json\/wp\/v2\/types\/product"}],"wp:featuredmedia":[{"embeddable":true,"href":"https:\/\/fh-staging.vengo.cloud\/de-ch\/wp-json\/wp\/v2\/media\/14144"}],"wp:attachment":[{"href":"https:\/\/fh-staging.vengo.cloud\/de-ch\/wp-json\/wp\/v2\/media?parent=14143"}],"wp:term":[{"taxonomy":"product_brand","embeddable":true,"href":"https:\/\/fh-staging.vengo.cloud\/de-ch\/wp-json\/wp\/v2\/product_brand?post=14143"},{"taxonomy":"product_cat","embeddable":true,"href":"https:\/\/fh-staging.vengo.cloud\/de-ch\/wp-json\/wp\/v2\/product_cat?post=14143"},{"taxonomy":"product_tag","embeddable":true,"href":"https:\/\/fh-staging.vengo.cloud\/de-ch\/wp-json\/wp\/v2\/product_tag?post=14143"},{"taxonomy":"woo-feed-brand","embeddable":true,"href":"https:\/\/fh-staging.vengo.cloud\/de-ch\/wp-json\/wp\/v2\/woo-feed-brand?post=14143"}],"curies":[{"name":"wp","href":"https:\/\/api.w.org\/{rel}","templated":true}]}}