{"id":14121,"date":"2023-08-25T15:04:11","date_gmt":"2023-08-25T15:04:11","guid":{"rendered":"https:\/\/fh-staging.vengo.cloud\/?product=blumenvase-aus-einsiedler-ton-mit-tupfen-grau"},"modified":"2025-10-22T13:29:25","modified_gmt":"2025-10-22T11:29:25","slug":"blumenvase-aus-einsiedler-ton-mit-tupfen-grau","status":"publish","type":"product","link":"https:\/\/fh-staging.vengo.cloud\/de-ch\/p\/blumenvase-aus-einsiedler-ton-mit-tupfen-grau","title":{"rendered":"Blumenvase aus Einsiedler-Ton mit Tupfen, grau"},"content":{"rendered":"<p style=\"text-align: left\">Klassische T\u00fcpflivase aus Ton. Jeder Artikel ist ein Unikat, da vom T\u00f6pfer handgefertigt und handbemalt.<\/p>\n<p style=\"text-align: left\">100% Swiss Made, klassisches &#171;T\u00fcpfli-Gschirr&#187; aus dem Emmental. In verschiedenen Farbkombinationen erh\u00e4ltlich. (Verf\u00fcgbarkeit je nach Lagerbestand, ansonsten ca. 2 \u2013 5 Wochen Lieferfrist).<br \/>\n\u2013 Naturton aus Einsiedeln<br \/>\n\u2013 Naturfarben<\/p>\n","protected":false},"excerpt":{"rendered":"<p>Blumenvase aus Einsiedler-Ton mit Tupfen<\/p>\n","protected":false},"featured_media":14122,"template":"","meta":[],"product_brand":[],"product_cat":[27,23,1197],"product_tag":[310],"woo-feed-brand":[],"class_list":{"0":"post-14121","1":"product","2":"type-product","3":"status-publish","4":"has-post-thumbnail","6":"product_cat-vasen-gefaesse","7":"product_cat-home-living","8":"product_cat-vasen","9":"product_tag-naturguet","11":"first","12":"instock","13":"taxable","14":"shipping-taxable","15":"purchasable","16":"product-type-simple"},"_links":{"self":[{"href":"https:\/\/fh-staging.vengo.cloud\/de-ch\/wp-json\/wp\/v2\/product\/14121","targetHints":{"allow":["GET"]}}],"collection":[{"href":"https:\/\/fh-staging.vengo.cloud\/de-ch\/wp-json\/wp\/v2\/product"}],"about":[{"href":"https:\/\/fh-staging.vengo.cloud\/de-ch\/wp-json\/wp\/v2\/types\/product"}],"wp:featuredmedia":[{"embeddable":true,"href":"https:\/\/fh-staging.vengo.cloud\/de-ch\/wp-json\/wp\/v2\/media\/14122"}],"wp:attachment":[{"href":"https:\/\/fh-staging.vengo.cloud\/de-ch\/wp-json\/wp\/v2\/media?parent=14121"}],"wp:term":[{"taxonomy":"product_brand","embeddable":true,"href":"https:\/\/fh-staging.vengo.cloud\/de-ch\/wp-json\/wp\/v2\/product_brand?post=14121"},{"taxonomy":"product_cat","embeddable":true,"href":"https:\/\/fh-staging.vengo.cloud\/de-ch\/wp-json\/wp\/v2\/product_cat?post=14121"},{"taxonomy":"product_tag","embeddable":true,"href":"https:\/\/fh-staging.vengo.cloud\/de-ch\/wp-json\/wp\/v2\/product_tag?post=14121"},{"taxonomy":"woo-feed-brand","embeddable":true,"href":"https:\/\/fh-staging.vengo.cloud\/de-ch\/wp-json\/wp\/v2\/woo-feed-brand?post=14121"}],"curies":[{"name":"wp","href":"https:\/\/api.w.org\/{rel}","templated":true}]}}