{"id":14093,"date":"2023-08-14T13:49:26","date_gmt":"2023-08-14T13:49:26","guid":{"rendered":"https:\/\/fh-staging.vengo.cloud\/?product=terra-nuova-spaghetti-grande-geschenk"},"modified":"2025-05-12T12:56:28","modified_gmt":"2025-05-12T10:56:28","slug":"terra-nuova-spaghetti-grande-geschenk-2","status":"publish","type":"product","link":"https:\/\/fh-staging.vengo.cloud\/de-ch\/p\/terra-nuova-spaghetti-grande-geschenk-2","title":{"rendered":"Terra Nuova Spaghetti Grande-Geschenk"},"content":{"rendered":"<p style=\"text-align: left\">Wer lebt denn schon von Spaghetti allein? Zu einem perfekten Pasta-Abend geh\u00f6rt ein guter Rotwein als Begleiter und Antipasti voraus. Und nat\u00fcrlich darf auch bestes Oliven\u00f6l nicht fehlen.<\/p>\n<p style=\"text-align: left\">Beinhaltet:<\/p>\n<p style=\"text-align: left\">1x Dei Rosso di Montepulciano DOC 75 cl<br \/>\n1x Terra Nuova Spaghetti al Bronzo 2 x 500 g (verpackt)<br \/>\n1x Terra Nuova Spaghettosa pasta ai pomodori 170 g<br \/>\n1x Terra Nuova Olio extra vergine di oliva 500 ml<br \/>\n1x Terra Nuova Pesto Ligure 180 g<\/p>\n<p>N\u00e4hrwerte Terra Nuova Spaghetti al Bronzo 2 x 500 g:<\/p>\n<p>Menge pro 100 Gramm<\/p>\n<ul>\n<li>Kalorien 354 kcal<\/li>\n<li>Fettgehalt 1.3 g<\/li>\n<li>Ges\u00e4ttigte Fetts\u00e4uren\u00a00.3 g<\/li>\n<li>Kohlenhydrate 70.3\u00a0g<\/li>\n<li>Zucker 3.2 g<\/li>\n<li>Ballaststoffe 2.7 g<\/li>\n<li>Eiweiss 14 g<\/li>\n<li>Salz 0.005 g<\/li>\n<\/ul>\n<p>N\u00e4hrwerte\u00a0Terra Nuova Spaghettosa pasta ai pomodori 170 g:<\/p>\n<p>Menge pro 100 Gramm<\/p>\n<ul>\n<li>Kalorien\u00a0181 kcal<\/li>\n<li>Fettgehalt 12 g<\/li>\n<li>Ges\u00e4ttigte Fetts\u00e4uren 1.7 g<\/li>\n<li>Kohlenhydrate 16 g<\/li>\n<li>Zucker 12\u00a0g<\/li>\n<li>Eiweiss 4.1 g<\/li>\n<li>Salz 0.37 g<\/li>\n<\/ul>\n<p>N\u00e4hrwerte Terra Nuova Olio extra vergine di oliva 750 ml:<\/p>\n<p>Menge pro 100 ml<\/p>\n<ul>\n<li>Kalorien 828 kcal<\/li>\n<li>Fettgehalt 92 g<\/li>\n<li>Ges\u00e4ttigte Fetts\u00e4uren 12.83 g<\/li>\n<\/ul>\n<p>N\u00e4hrwerte\u00a0Terra Nuova Pesto Ligure 180 g:<\/p>\n<p>Menge pro 100 Gramm<\/p>\n<ul>\n<li>Kalorien 440 kcal<\/li>\n<li>Fettgehalt 38 g<\/li>\n<li>Kohlenhydrate 22 g<\/li>\n<li>Zucker 3.3 g<\/li>\n<li>Eiweiss 3 g<\/li>\n<li>Salz 0.32 g<\/li>\n<\/ul>\n","protected":false},"excerpt":{"rendered":"<p>Terra Nuova Spaghetti Grande-Geschenk &#8211; in aller Munde<\/p>\n","protected":false},"featured_media":14094,"template":"","meta":[],"product_brand":[],"product_cat":[47,1002,1023,910,1091,1001,797,1020,1018,984,993,999,1088,909,916,42,885,52,54,53],"product_tag":[147,326],"woo-feed-brand":[],"class_list":{"0":"post-14093","1":"product","2":"type-product","3":"status-publish","4":"has-post-thumbnail","6":"product_cat-kuechenaromen","7":"product_cat-fuer-ihn","8":"product_cat-fuer-mama","9":"product_cat-geschenkideen","10":"product_cat-hobbykoch","11":"product_cat-leckereien","12":"product_cat-muttertag","13":"product_cat-ostergeschenke","14":"product_cat-ostern","15":"product_cat-silvester","16":"product_cat-silvestergeschenke","17":"product_cat-valentinstag","18":"product_cat-vatertag","19":"product_cat-weihnachten","20":"product_cat-praesente","21":"product_cat-kueche","22":"product_cat-koestlichkeiten","23":"product_cat-geschenke","24":"product_cat-feinkost","25":"product_cat-geschenksets","26":"product_tag-alkohol","27":"product_tag-terra-nuova-ag","29":"first","30":"instock","31":"taxable","32":"shipping-taxable","33":"purchasable","34":"product-type-simple"},"_links":{"self":[{"href":"https:\/\/fh-staging.vengo.cloud\/de-ch\/wp-json\/wp\/v2\/product\/14093","targetHints":{"allow":["GET"]}}],"collection":[{"href":"https:\/\/fh-staging.vengo.cloud\/de-ch\/wp-json\/wp\/v2\/product"}],"about":[{"href":"https:\/\/fh-staging.vengo.cloud\/de-ch\/wp-json\/wp\/v2\/types\/product"}],"wp:featuredmedia":[{"embeddable":true,"href":"https:\/\/fh-staging.vengo.cloud\/de-ch\/wp-json\/wp\/v2\/media\/14094"}],"wp:attachment":[{"href":"https:\/\/fh-staging.vengo.cloud\/de-ch\/wp-json\/wp\/v2\/media?parent=14093"}],"wp:term":[{"taxonomy":"product_brand","embeddable":true,"href":"https:\/\/fh-staging.vengo.cloud\/de-ch\/wp-json\/wp\/v2\/product_brand?post=14093"},{"taxonomy":"product_cat","embeddable":true,"href":"https:\/\/fh-staging.vengo.cloud\/de-ch\/wp-json\/wp\/v2\/product_cat?post=14093"},{"taxonomy":"product_tag","embeddable":true,"href":"https:\/\/fh-staging.vengo.cloud\/de-ch\/wp-json\/wp\/v2\/product_tag?post=14093"},{"taxonomy":"woo-feed-brand","embeddable":true,"href":"https:\/\/fh-staging.vengo.cloud\/de-ch\/wp-json\/wp\/v2\/woo-feed-brand?post=14093"}],"curies":[{"name":"wp","href":"https:\/\/api.w.org\/{rel}","templated":true}]}}