{"id":14069,"date":"2023-08-11T11:50:29","date_gmt":"2023-08-11T11:50:29","guid":{"rendered":"https:\/\/fh-staging.vengo.cloud\/?product=metalltopf-anton-14-l"},"modified":"2025-10-22T16:00:40","modified_gmt":"2025-10-22T14:00:40","slug":"metalltopf-anton-14-l","status":"publish","type":"product","link":"https:\/\/fh-staging.vengo.cloud\/de-ch\/p\/metalltopf-anton-14-l","title":{"rendered":"Metalltopf Anton, 14 L"},"content":{"rendered":"<p style=\"text-align: left;\">Das Pflanzgef\u00e4ss sieht nicht nur toll aus, es ist auch \u00e4usserst praktisch. Dank dem Henkel mit ergonomischen Holzgriff kannst du den Metalltopf gut greifen und (um-)platzieren. Somit l\u00e4sst er sich auch anderweitig verwenden, beispielsweise um das Gartenwerkzeug herumzutragen, f\u00fcr Unkraut oder auch als Ernteeimer. Damit \u00fcbersch\u00fcssiges Wasser abfliessen kann, hat das Gef\u00e4ss ein Loch im Boden. Dieses kannst du mit dem dazugeh\u00f6rigen St\u00f6psel einfach schliessen.<\/p>\n<p style=\"text-align: left;\">H\u00f6he: 28 cm<br \/>\nDurchmesser \u00d6ffnung: 31 cm<br \/>\nDurchmesser Boden: 21 cm<br \/>\nFassungsverm\u00f6gen: 14 L<br \/>\nMaterial: Metall<br \/>\nFarbe: Lachs-orange<br \/>\nBesonderheiten: Loch im Boden inkl. Gummistopfen<\/p>\n","protected":false},"excerpt":{"rendered":"<p>Metalltopf lachs-orange, 14 L<\/p>\n","protected":false},"featured_media":14070,"template":"","meta":[],"product_brand":[],"product_cat":[40,23,1200,27,34],"product_tag":[325],"woo-feed-brand":[],"class_list":{"0":"post-14069","1":"product","2":"type-product","3":"status-publish","4":"has-post-thumbnail","6":"product_cat-uebertoepfe","7":"product_cat-home-living","8":"product_cat-gefaesse","9":"product_cat-vasen-gefaesse","10":"product_cat-garten-balkon","11":"product_tag-veg-and-the-city","13":"first","14":"instock","15":"taxable","16":"shipping-taxable","17":"purchasable","18":"product-type-simple"},"_links":{"self":[{"href":"https:\/\/fh-staging.vengo.cloud\/de-ch\/wp-json\/wp\/v2\/product\/14069","targetHints":{"allow":["GET"]}}],"collection":[{"href":"https:\/\/fh-staging.vengo.cloud\/de-ch\/wp-json\/wp\/v2\/product"}],"about":[{"href":"https:\/\/fh-staging.vengo.cloud\/de-ch\/wp-json\/wp\/v2\/types\/product"}],"wp:featuredmedia":[{"embeddable":true,"href":"https:\/\/fh-staging.vengo.cloud\/de-ch\/wp-json\/wp\/v2\/media\/14070"}],"wp:attachment":[{"href":"https:\/\/fh-staging.vengo.cloud\/de-ch\/wp-json\/wp\/v2\/media?parent=14069"}],"wp:term":[{"taxonomy":"product_brand","embeddable":true,"href":"https:\/\/fh-staging.vengo.cloud\/de-ch\/wp-json\/wp\/v2\/product_brand?post=14069"},{"taxonomy":"product_cat","embeddable":true,"href":"https:\/\/fh-staging.vengo.cloud\/de-ch\/wp-json\/wp\/v2\/product_cat?post=14069"},{"taxonomy":"product_tag","embeddable":true,"href":"https:\/\/fh-staging.vengo.cloud\/de-ch\/wp-json\/wp\/v2\/product_tag?post=14069"},{"taxonomy":"woo-feed-brand","embeddable":true,"href":"https:\/\/fh-staging.vengo.cloud\/de-ch\/wp-json\/wp\/v2\/woo-feed-brand?post=14069"}],"curies":[{"name":"wp","href":"https:\/\/api.w.org\/{rel}","templated":true}]}}