{"id":14042,"date":"2023-08-11T11:50:15","date_gmt":"2023-08-11T11:50:15","guid":{"rendered":"https:\/\/fh-staging.vengo.cloud\/?product=ubertopf-tulsa-hangend-30-x-32-cm"},"modified":"2025-10-22T14:05:28","modified_gmt":"2025-10-22T12:05:28","slug":"ubertopf-tulsa-hangend-30-x-32-cm","status":"publish","type":"product","link":"https:\/\/fh-staging.vengo.cloud\/de-ch\/p\/ubertopf-tulsa-hangend-30-x-32-cm","title":{"rendered":"\u00dcbertopf Tulsa h\u00e4ngend, 30 x 32 cm"},"content":{"rendered":"<p style=\"text-align: left\">Mit diesen H\u00e4ngek\u00f6rben aus Weide kannst du deine Zimmerpflanzen stilvoll von der Decke h\u00e4ngen lassen. Ob einzeln aufgeh\u00e4ngt oder zusammen in unterschiedlichen H\u00f6hen arrangiert \u2013 diese Weidek\u00f6rbe bringen bestimmt eine gem\u00fctliche Atmosph\u00e4re in dein Zuhause.<\/p>\n<p style=\"text-align: left\">Masse (DxH): 30 x 32 cm<br \/>\nMaterial: Weide<br \/>\nFarbe: Natur<br \/>\nBesonderheiten: Wasserdichte Folie im Korb<\/p>\n","protected":false},"excerpt":{"rendered":"<p>H\u00e4ngekorb, natur, 30 x 32 cm<\/p>\n","protected":false},"featured_media":14043,"template":"","meta":[],"product_brand":[],"product_cat":[40,23,1199,27,34],"product_tag":[325],"woo-feed-brand":[],"class_list":{"0":"post-14042","1":"product","2":"type-product","3":"status-publish","4":"has-post-thumbnail","6":"product_cat-uebertoepfe","7":"product_cat-home-living","8":"product_cat-koerbe","9":"product_cat-vasen-gefaesse","10":"product_cat-garten-balkon","11":"product_tag-veg-and-the-city","13":"first","14":"instock","15":"taxable","16":"shipping-taxable","17":"purchasable","18":"product-type-simple"},"_links":{"self":[{"href":"https:\/\/fh-staging.vengo.cloud\/de-ch\/wp-json\/wp\/v2\/product\/14042","targetHints":{"allow":["GET"]}}],"collection":[{"href":"https:\/\/fh-staging.vengo.cloud\/de-ch\/wp-json\/wp\/v2\/product"}],"about":[{"href":"https:\/\/fh-staging.vengo.cloud\/de-ch\/wp-json\/wp\/v2\/types\/product"}],"wp:featuredmedia":[{"embeddable":true,"href":"https:\/\/fh-staging.vengo.cloud\/de-ch\/wp-json\/wp\/v2\/media\/14043"}],"wp:attachment":[{"href":"https:\/\/fh-staging.vengo.cloud\/de-ch\/wp-json\/wp\/v2\/media?parent=14042"}],"wp:term":[{"taxonomy":"product_brand","embeddable":true,"href":"https:\/\/fh-staging.vengo.cloud\/de-ch\/wp-json\/wp\/v2\/product_brand?post=14042"},{"taxonomy":"product_cat","embeddable":true,"href":"https:\/\/fh-staging.vengo.cloud\/de-ch\/wp-json\/wp\/v2\/product_cat?post=14042"},{"taxonomy":"product_tag","embeddable":true,"href":"https:\/\/fh-staging.vengo.cloud\/de-ch\/wp-json\/wp\/v2\/product_tag?post=14042"},{"taxonomy":"woo-feed-brand","embeddable":true,"href":"https:\/\/fh-staging.vengo.cloud\/de-ch\/wp-json\/wp\/v2\/woo-feed-brand?post=14042"}],"curies":[{"name":"wp","href":"https:\/\/api.w.org\/{rel}","templated":true}]}}