{"id":14032,"date":"2023-08-11T11:50:07","date_gmt":"2023-08-11T11:50:07","guid":{"rendered":"https:\/\/fh-staging.vengo.cloud\/?product=korb-wool-28-x-26-5-cm"},"modified":"2025-10-22T14:05:10","modified_gmt":"2025-10-22T12:05:10","slug":"korb-wool-28-x-26-5-cm","status":"publish","type":"product","link":"https:\/\/fh-staging.vengo.cloud\/de-ch\/p\/korb-wool-28-x-26-5-cm","title":{"rendered":"Korb Wool, 28 x 26.5 cm"},"content":{"rendered":"<p style=\"text-align: left\">K\u00f6rbe aus nat\u00fcrlichen Materialien liegen im Trend und bringen viel Gem\u00fctlichkeit in dein Zuhause. Dieser Korb ist aus Baumwolle gefertigt und mit dem roten Zopfgeflecht ein echter Hingucker.<\/p>\n<p style=\"text-align: left\">Masse (DxH): 28 x 26.5 cm<br \/>\nMaterial: Baumwolle<br \/>\nFarbe: Natur\/weiss\/rot<br \/>\nBesonderheiten: Keine Folie im Korb<\/p>\n","protected":false},"excerpt":{"rendered":"<p>Korb natur\/weiss\/rot, 28 x 26.5 cm<\/p>\n","protected":false},"featured_media":14033,"template":"","meta":[],"product_brand":[],"product_cat":[40,23,1199,27,34],"product_tag":[325],"woo-feed-brand":[],"class_list":{"0":"post-14032","1":"product","2":"type-product","3":"status-publish","4":"has-post-thumbnail","6":"product_cat-uebertoepfe","7":"product_cat-home-living","8":"product_cat-koerbe","9":"product_cat-vasen-gefaesse","10":"product_cat-garten-balkon","11":"product_tag-veg-and-the-city","13":"first","14":"instock","15":"taxable","16":"shipping-taxable","17":"purchasable","18":"product-type-simple"},"_links":{"self":[{"href":"https:\/\/fh-staging.vengo.cloud\/de-ch\/wp-json\/wp\/v2\/product\/14032","targetHints":{"allow":["GET"]}}],"collection":[{"href":"https:\/\/fh-staging.vengo.cloud\/de-ch\/wp-json\/wp\/v2\/product"}],"about":[{"href":"https:\/\/fh-staging.vengo.cloud\/de-ch\/wp-json\/wp\/v2\/types\/product"}],"wp:featuredmedia":[{"embeddable":true,"href":"https:\/\/fh-staging.vengo.cloud\/de-ch\/wp-json\/wp\/v2\/media\/14033"}],"wp:attachment":[{"href":"https:\/\/fh-staging.vengo.cloud\/de-ch\/wp-json\/wp\/v2\/media?parent=14032"}],"wp:term":[{"taxonomy":"product_brand","embeddable":true,"href":"https:\/\/fh-staging.vengo.cloud\/de-ch\/wp-json\/wp\/v2\/product_brand?post=14032"},{"taxonomy":"product_cat","embeddable":true,"href":"https:\/\/fh-staging.vengo.cloud\/de-ch\/wp-json\/wp\/v2\/product_cat?post=14032"},{"taxonomy":"product_tag","embeddable":true,"href":"https:\/\/fh-staging.vengo.cloud\/de-ch\/wp-json\/wp\/v2\/product_tag?post=14032"},{"taxonomy":"woo-feed-brand","embeddable":true,"href":"https:\/\/fh-staging.vengo.cloud\/de-ch\/wp-json\/wp\/v2\/woo-feed-brand?post=14032"}],"curies":[{"name":"wp","href":"https:\/\/api.w.org\/{rel}","templated":true}]}}