{"id":14021,"date":"2023-08-11T11:50:00","date_gmt":"2023-08-11T11:50:00","guid":{"rendered":"https:\/\/fh-staging.vengo.cloud\/?product=korb-rio-16-x-16-5-cm-1709045818"},"modified":"2025-10-22T14:05:14","modified_gmt":"2025-10-22T12:05:14","slug":"korb-rio-16-x-16-5-cm-1709045818","status":"publish","type":"product","link":"https:\/\/fh-staging.vengo.cloud\/de-ch\/p\/korb-rio-16-x-16-5-cm-1709045818","title":{"rendered":"Korb Rio, 16 x 16.5 cm"},"content":{"rendered":"<p style=\"text-align: left\">K\u00f6rbe aus nat\u00fcrlichen Materialien liegen im Trend und bringen viel Gem\u00fctlichkeit in dein Zuhause. In diesen sch\u00f6nen K\u00f6rben aus Baumwolle\/Seegras kannst du allerlei Sachen stilvoll aufbewahren.<\/p>\n<p style=\"text-align: left\">Masse (DxH): 16 x 16.5 cm<br \/>\nMaterial: Baumwolle\/Seegras<br \/>\nFarbe: Grau\/Natur<br \/>\nBesonderheiten: Keine Folie im Korb<\/p>\n","protected":false},"excerpt":{"rendered":"<p>Korb grau\/natur, 16 x 16.5 cm<\/p>\n","protected":false},"featured_media":14022,"template":"","meta":[],"product_brand":[],"product_cat":[40,23,1199,27,34],"product_tag":[325],"woo-feed-brand":[],"class_list":{"0":"post-14021","1":"product","2":"type-product","3":"status-publish","4":"has-post-thumbnail","6":"product_cat-uebertoepfe","7":"product_cat-home-living","8":"product_cat-koerbe","9":"product_cat-vasen-gefaesse","10":"product_cat-garten-balkon","11":"product_tag-veg-and-the-city","13":"first","14":"instock","15":"taxable","16":"shipping-taxable","17":"purchasable","18":"product-type-simple"},"_links":{"self":[{"href":"https:\/\/fh-staging.vengo.cloud\/de-ch\/wp-json\/wp\/v2\/product\/14021","targetHints":{"allow":["GET"]}}],"collection":[{"href":"https:\/\/fh-staging.vengo.cloud\/de-ch\/wp-json\/wp\/v2\/product"}],"about":[{"href":"https:\/\/fh-staging.vengo.cloud\/de-ch\/wp-json\/wp\/v2\/types\/product"}],"wp:featuredmedia":[{"embeddable":true,"href":"https:\/\/fh-staging.vengo.cloud\/de-ch\/wp-json\/wp\/v2\/media\/14022"}],"wp:attachment":[{"href":"https:\/\/fh-staging.vengo.cloud\/de-ch\/wp-json\/wp\/v2\/media?parent=14021"}],"wp:term":[{"taxonomy":"product_brand","embeddable":true,"href":"https:\/\/fh-staging.vengo.cloud\/de-ch\/wp-json\/wp\/v2\/product_brand?post=14021"},{"taxonomy":"product_cat","embeddable":true,"href":"https:\/\/fh-staging.vengo.cloud\/de-ch\/wp-json\/wp\/v2\/product_cat?post=14021"},{"taxonomy":"product_tag","embeddable":true,"href":"https:\/\/fh-staging.vengo.cloud\/de-ch\/wp-json\/wp\/v2\/product_tag?post=14021"},{"taxonomy":"woo-feed-brand","embeddable":true,"href":"https:\/\/fh-staging.vengo.cloud\/de-ch\/wp-json\/wp\/v2\/woo-feed-brand?post=14021"}],"curies":[{"name":"wp","href":"https:\/\/api.w.org\/{rel}","templated":true}]}}