{"id":14010,"date":"2023-08-11T11:49:52","date_gmt":"2023-08-11T11:49:52","guid":{"rendered":"https:\/\/fh-staging.vengo.cloud\/?product=ubertopf-seattle-16-x-15-cm"},"modified":"2025-10-22T14:05:11","modified_gmt":"2025-10-22T12:05:11","slug":"ubertopf-seattle-16-x-15-cm","status":"publish","type":"product","link":"https:\/\/fh-staging.vengo.cloud\/de-ch\/p\/ubertopf-seattle-16-x-15-cm","title":{"rendered":"\u00dcbertopf Seattle, 16 x 15 cm"},"content":{"rendered":"<p style=\"text-align: left\">Dieser exquisite Korb im Boho-Stil ist das perfekte Accessoire f\u00fcr alle, die es in ihren vier W\u00e4nden gerne gem\u00fctlich haben. Er besteht aus einem feinen Geflecht aus schwarz melierter Jute mit einem dunklen Rand als Abschluss. Deine Zimmerpflanze wird sich in diesem h\u00fcbschen Korb bestimmt sehr wohl f\u00fchlen. Jeder Korb ist ein Unikat und kann daher farblich vom Beispielbild abweichen.<\/p>\n<p style=\"text-align: left\">Masse (DxH): 16 x 15 cm<br \/>\nMaterial: Jute<br \/>\nFarbe: Schwarz melange<br \/>\nBesonderheiten: Wasserdichte Folie im Korb<\/p>\n","protected":false},"excerpt":{"rendered":"<p>Korb, schwarz melange, 16 x 15 cm<\/p>\n","protected":false},"featured_media":14011,"template":"","meta":[],"product_brand":[],"product_cat":[40,23,1199,27,34],"product_tag":[325],"woo-feed-brand":[],"class_list":{"0":"post-14010","1":"product","2":"type-product","3":"status-publish","4":"has-post-thumbnail","6":"product_cat-uebertoepfe","7":"product_cat-home-living","8":"product_cat-koerbe","9":"product_cat-vasen-gefaesse","10":"product_cat-garten-balkon","11":"product_tag-veg-and-the-city","13":"first","14":"instock","15":"taxable","16":"shipping-taxable","17":"purchasable","18":"product-type-simple"},"_links":{"self":[{"href":"https:\/\/fh-staging.vengo.cloud\/de-ch\/wp-json\/wp\/v2\/product\/14010","targetHints":{"allow":["GET"]}}],"collection":[{"href":"https:\/\/fh-staging.vengo.cloud\/de-ch\/wp-json\/wp\/v2\/product"}],"about":[{"href":"https:\/\/fh-staging.vengo.cloud\/de-ch\/wp-json\/wp\/v2\/types\/product"}],"wp:featuredmedia":[{"embeddable":true,"href":"https:\/\/fh-staging.vengo.cloud\/de-ch\/wp-json\/wp\/v2\/media\/14011"}],"wp:attachment":[{"href":"https:\/\/fh-staging.vengo.cloud\/de-ch\/wp-json\/wp\/v2\/media?parent=14010"}],"wp:term":[{"taxonomy":"product_brand","embeddable":true,"href":"https:\/\/fh-staging.vengo.cloud\/de-ch\/wp-json\/wp\/v2\/product_brand?post=14010"},{"taxonomy":"product_cat","embeddable":true,"href":"https:\/\/fh-staging.vengo.cloud\/de-ch\/wp-json\/wp\/v2\/product_cat?post=14010"},{"taxonomy":"product_tag","embeddable":true,"href":"https:\/\/fh-staging.vengo.cloud\/de-ch\/wp-json\/wp\/v2\/product_tag?post=14010"},{"taxonomy":"woo-feed-brand","embeddable":true,"href":"https:\/\/fh-staging.vengo.cloud\/de-ch\/wp-json\/wp\/v2\/woo-feed-brand?post=14010"}],"curies":[{"name":"wp","href":"https:\/\/api.w.org\/{rel}","templated":true}]}}