{"id":13983,"date":"2023-08-11T11:49:37","date_gmt":"2023-08-11T11:49:37","guid":{"rendered":"https:\/\/fh-staging.vengo.cloud\/?product=ubertopf-cali-hangend-16-x-16-cm-1709045718"},"modified":"2025-10-22T14:05:14","modified_gmt":"2025-10-22T12:05:14","slug":"ubertopf-cali-hangend-16-x-16-cm-1709045718","status":"publish","type":"product","link":"https:\/\/fh-staging.vengo.cloud\/de-ch\/p\/ubertopf-cali-hangend-16-x-16-cm-1709045718","title":{"rendered":"\u00dcbertopf Cali h\u00e4ngend, 16 x 16 cm"},"content":{"rendered":"<p style=\"text-align: left\">Bringe mit diesem \u00dcbertopf Abwechslung in deine vier W\u00e4nde. Dieser Korb ist aus Seegras gefertigt. Kombiniere ihn mit anderen K\u00f6rben in passenden Farben oder verleihe deiner wilden Seite eine neue Ausdrucksform, indem du kunterbunte \u00dcbert\u00f6pfe dazustellst. Deiner Kreativit\u00e4t sind keine Grenzen gesetzt.<\/p>\n<p style=\"text-align: left\">Masse (DxH): 16 x 16 cm<br \/>\nMaterial: Seegras<br \/>\nFarbe: Rot gestreift\/natur<br \/>\nBesonderheiten: Wasserdichte Folie im Korb<\/p>\n","protected":false},"excerpt":{"rendered":"<p>H\u00e4ngekorb, rot gestreift\/natur, 16 x 16 cm<\/p>\n","protected":false},"featured_media":13984,"template":"","meta":[],"product_brand":[],"product_cat":[40,23,1199,27,34],"product_tag":[325],"woo-feed-brand":[],"class_list":{"0":"post-13983","1":"product","2":"type-product","3":"status-publish","4":"has-post-thumbnail","6":"product_cat-uebertoepfe","7":"product_cat-home-living","8":"product_cat-koerbe","9":"product_cat-vasen-gefaesse","10":"product_cat-garten-balkon","11":"product_tag-veg-and-the-city","13":"first","14":"instock","15":"taxable","16":"shipping-taxable","17":"purchasable","18":"product-type-simple"},"_links":{"self":[{"href":"https:\/\/fh-staging.vengo.cloud\/de-ch\/wp-json\/wp\/v2\/product\/13983","targetHints":{"allow":["GET"]}}],"collection":[{"href":"https:\/\/fh-staging.vengo.cloud\/de-ch\/wp-json\/wp\/v2\/product"}],"about":[{"href":"https:\/\/fh-staging.vengo.cloud\/de-ch\/wp-json\/wp\/v2\/types\/product"}],"wp:featuredmedia":[{"embeddable":true,"href":"https:\/\/fh-staging.vengo.cloud\/de-ch\/wp-json\/wp\/v2\/media\/13984"}],"wp:attachment":[{"href":"https:\/\/fh-staging.vengo.cloud\/de-ch\/wp-json\/wp\/v2\/media?parent=13983"}],"wp:term":[{"taxonomy":"product_brand","embeddable":true,"href":"https:\/\/fh-staging.vengo.cloud\/de-ch\/wp-json\/wp\/v2\/product_brand?post=13983"},{"taxonomy":"product_cat","embeddable":true,"href":"https:\/\/fh-staging.vengo.cloud\/de-ch\/wp-json\/wp\/v2\/product_cat?post=13983"},{"taxonomy":"product_tag","embeddable":true,"href":"https:\/\/fh-staging.vengo.cloud\/de-ch\/wp-json\/wp\/v2\/product_tag?post=13983"},{"taxonomy":"woo-feed-brand","embeddable":true,"href":"https:\/\/fh-staging.vengo.cloud\/de-ch\/wp-json\/wp\/v2\/woo-feed-brand?post=13983"}],"curies":[{"name":"wp","href":"https:\/\/api.w.org\/{rel}","templated":true}]}}