{"id":13846,"date":"2023-08-11T11:48:26","date_gmt":"2023-08-11T11:48:26","guid":{"rendered":"https:\/\/fh-staging.vengo.cloud\/?product=ubertopf-lima-23-x-23-cm-1709045389"},"modified":"2025-10-22T14:05:23","modified_gmt":"2025-10-22T12:05:23","slug":"ubertopf-lima-23-x-23-cm-1709045389","status":"publish","type":"product","link":"https:\/\/fh-staging.vengo.cloud\/de-ch\/p\/ubertopf-lima-23-x-23-cm-1709045389","title":{"rendered":"\u00dcbertopf Lima, 23 x 23 cm"},"content":{"rendered":"<p style=\"text-align: left\">K\u00f6rbe aus nat\u00fcrlichen Materialien liegen im Trend und bringen viel Gem\u00fctlichkeit in dein Zuhause. Du kannst die h\u00fcbschen K\u00f6rbe aus Maisbl\u00e4ttern als Pflanzgef\u00e4sse f\u00fcr deine Zimmerpflanzen nutzen oder nat\u00fcrlich auch, um sonstige Sch\u00e4tze darin aufzubewahren.<\/p>\n<p style=\"text-align: left\">Masse (DxH): 23 x 23 cm<br \/>\nMaterial: Maisbl\u00e4tter<br \/>\nFarbe: Petrol\/natur<br \/>\nBesonderheiten: Wasserdichte Folie im Korb<\/p>\n","protected":false},"excerpt":{"rendered":"<p>Korb, petrol\/natur, 23 x 23 cm<\/p>\n","protected":false},"featured_media":13847,"template":"","meta":[],"product_brand":[],"product_cat":[40,23,1199,27,34],"product_tag":[325],"woo-feed-brand":[],"class_list":{"0":"post-13846","1":"product","2":"type-product","3":"status-publish","4":"has-post-thumbnail","6":"product_cat-uebertoepfe","7":"product_cat-home-living","8":"product_cat-koerbe","9":"product_cat-vasen-gefaesse","10":"product_cat-garten-balkon","11":"product_tag-veg-and-the-city","13":"first","14":"instock","15":"taxable","16":"shipping-taxable","17":"purchasable","18":"product-type-simple"},"_links":{"self":[{"href":"https:\/\/fh-staging.vengo.cloud\/de-ch\/wp-json\/wp\/v2\/product\/13846","targetHints":{"allow":["GET"]}}],"collection":[{"href":"https:\/\/fh-staging.vengo.cloud\/de-ch\/wp-json\/wp\/v2\/product"}],"about":[{"href":"https:\/\/fh-staging.vengo.cloud\/de-ch\/wp-json\/wp\/v2\/types\/product"}],"wp:featuredmedia":[{"embeddable":true,"href":"https:\/\/fh-staging.vengo.cloud\/de-ch\/wp-json\/wp\/v2\/media\/13847"}],"wp:attachment":[{"href":"https:\/\/fh-staging.vengo.cloud\/de-ch\/wp-json\/wp\/v2\/media?parent=13846"}],"wp:term":[{"taxonomy":"product_brand","embeddable":true,"href":"https:\/\/fh-staging.vengo.cloud\/de-ch\/wp-json\/wp\/v2\/product_brand?post=13846"},{"taxonomy":"product_cat","embeddable":true,"href":"https:\/\/fh-staging.vengo.cloud\/de-ch\/wp-json\/wp\/v2\/product_cat?post=13846"},{"taxonomy":"product_tag","embeddable":true,"href":"https:\/\/fh-staging.vengo.cloud\/de-ch\/wp-json\/wp\/v2\/product_tag?post=13846"},{"taxonomy":"woo-feed-brand","embeddable":true,"href":"https:\/\/fh-staging.vengo.cloud\/de-ch\/wp-json\/wp\/v2\/woo-feed-brand?post=13846"}],"curies":[{"name":"wp","href":"https:\/\/api.w.org\/{rel}","templated":true}]}}