{"id":13713,"date":"2023-07-24T14:22:03","date_gmt":"2023-07-24T12:22:03","guid":{"rendered":"https:\/\/fh-staging.vengo.cloud\/?product=geschenkset-genuss-symphonie-ii"},"modified":"2025-12-02T11:31:06","modified_gmt":"2025-12-02T10:31:06","slug":"geschenkset-genuss-symphonie-ii","status":"publish","type":"product","link":"https:\/\/fh-staging.vengo.cloud\/de-ch\/p\/geschenkset-genuss-symphonie-ii","title":{"rendered":"Gottlieber Geschenkset \u00abGenuss-Symphonie II\u00bb"},"content":{"rendered":"<div class=\"description\">\n<p>Herrliche Magnolien in voller Bl\u00fcte verzieren unsere neue Schmuckdose \u00abGenuss-Symphonie II\u00bb. Mit ihrem unaufdringlichen und zugleich besonderem Design ist sie ein edles Geschenk oder Sammlerst\u00fcck f\u00fcr alle Liebhaber unserer Gottlieber Spezialit\u00e4ten. Gef\u00fcllt ist die einzigartige Schmuckdose mit Premium H\u00fcppen Amaretto, Cappuccino &amp; Irish Cream, Black Special Grand Cru Mini-H\u00fcppen und feinsten Gottlieber Cacaomandeln.<\/p>\n<\/div>\n<dl class=\"product-attributes\">\n<dt class=\"label\">\n<div class=\"description\">\n<p>Unsere Amaretto-F\u00fcllung besteht aus feinsten Mandeln und dunkler Bio und Fair Trade Couverture, vereint mit nat\u00fcrlichem Amaretto-Aroma. Dieser Dreiklang zaubert einen zarten Geschmack von Bittermandeln, der oft auch mit Marzipan in Verbindung gebracht wird. Den verf\u00fchrerischen Geschmack des cremigen Whiskeylik\u00f6rs Irish Cream erreichen wir mit Fair Trade Arabica-Kaffee, Bio Kakao- und Milchpulver sowie sanftem Irish Cream Aroma. Unsere Black Special Grand Cru-F\u00fcllung mit \u00fcber 60% Cacao ist die perfekte H\u00fcppe f\u00fcr richtige Zartbitterschokoladenliebhaber.<\/p>\n<p><strong>Inhalt<br \/>\n<\/strong>10 H\u00fcppen Royal-Mix-S\u00e4ckli, 150 g<br \/>\nca. 22 Mini-H\u00fcppen Black Special Grand Cru, 95 g<br \/>\n180 g Cacaomandeln im S\u00e4ckli<\/p>\n<p><strong>Masse<br \/>\n<\/strong>200 x 200 x 70 mm<\/p>\n<p><a href=\"https:\/\/www.gottlieber.ch\/de\/online-shop\/naehrwertinformationen\" target=\"_blank\" rel=\"noopener\">N\u00e4hrwertinformationen und Allergikerhinweise<\/a><\/p>\n<\/div>\n<\/dt>\n<\/dl>\n","protected":false},"excerpt":{"rendered":"<p>Gef\u00fcllt mit H\u00fcppen &amp; Cacaomandeln<\/p>\n","protected":false},"featured_media":13714,"template":"","meta":[],"product_brand":[],"product_cat":[53,995,984,1208,909,915,42,114,885,52,54],"product_tag":[286],"woo-feed-brand":[],"class_list":{"0":"post-13713","1":"product","2":"type-product","3":"status-publish","4":"has-post-thumbnail","6":"product_cat-geschenksets","7":"product_cat-essen-trinken","8":"product_cat-silvester","9":"product_cat-ueber-25-chf","10":"product_cat-weihnachten","11":"product_cat-wichteln","12":"product_cat-kueche","13":"product_cat-schokolade-sweets","14":"product_cat-koestlichkeiten","15":"product_cat-geschenke","16":"product_cat-feinkost","17":"product_tag-gottlieber-spezialitaten-ag","19":"first","20":"instock","21":"taxable","22":"shipping-taxable","23":"purchasable","24":"product-type-simple"},"_links":{"self":[{"href":"https:\/\/fh-staging.vengo.cloud\/de-ch\/wp-json\/wp\/v2\/product\/13713","targetHints":{"allow":["GET"]}}],"collection":[{"href":"https:\/\/fh-staging.vengo.cloud\/de-ch\/wp-json\/wp\/v2\/product"}],"about":[{"href":"https:\/\/fh-staging.vengo.cloud\/de-ch\/wp-json\/wp\/v2\/types\/product"}],"wp:featuredmedia":[{"embeddable":true,"href":"https:\/\/fh-staging.vengo.cloud\/de-ch\/wp-json\/wp\/v2\/media\/13714"}],"wp:attachment":[{"href":"https:\/\/fh-staging.vengo.cloud\/de-ch\/wp-json\/wp\/v2\/media?parent=13713"}],"wp:term":[{"taxonomy":"product_brand","embeddable":true,"href":"https:\/\/fh-staging.vengo.cloud\/de-ch\/wp-json\/wp\/v2\/product_brand?post=13713"},{"taxonomy":"product_cat","embeddable":true,"href":"https:\/\/fh-staging.vengo.cloud\/de-ch\/wp-json\/wp\/v2\/product_cat?post=13713"},{"taxonomy":"product_tag","embeddable":true,"href":"https:\/\/fh-staging.vengo.cloud\/de-ch\/wp-json\/wp\/v2\/product_tag?post=13713"},{"taxonomy":"woo-feed-brand","embeddable":true,"href":"https:\/\/fh-staging.vengo.cloud\/de-ch\/wp-json\/wp\/v2\/woo-feed-brand?post=13713"}],"curies":[{"name":"wp","href":"https:\/\/api.w.org\/{rel}","templated":true}]}}